{"id":5552,"date":"2024-08-24T00:59:35","date_gmt":"2024-08-24T06:59:35","guid":{"rendered":"https:\/\/tfv.mx\/dienstleistungen\/"},"modified":"2024-10-14T11:26:18","modified_gmt":"2024-10-14T17:26:18","slug":"dienstleistungen","status":"publish","type":"page","link":"https:\/\/tfv.mx\/de\/dienstleistungen\/","title":{"rendered":"Dienstleistungen"},"content":{"rendered":"\t\t<div data-elementor-type=\"wp-page\" data-elementor-id=\"5552\" class=\"elementor elementor-5552 elementor-562\" data-elementor-post-type=\"page\">\n\t\t\t\t\t\t<section class=\"elementor-section elementor-top-section elementor-element elementor-element-61617ad elementor-section-boxed elementor-section-height-default elementor-section-height-default\" data-id=\"61617ad\" data-element_type=\"section\" data-settings=\"{&quot;background_background&quot;:&quot;classic&quot;}\">\n\t\t\t\t\t\t<div class=\"elementor-container elementor-column-gap-default\">\n\t\t\t\t\t<div class=\"elementor-column elementor-col-50 elementor-top-column elementor-element elementor-element-7354293\" data-id=\"7354293\" data-element_type=\"column\">\n\t\t\t<div class=\"elementor-widget-wrap elementor-element-populated\">\n\t\t\t\t\t\t<div class=\"elementor-element elementor-element-0eec483 elementor-widget elementor-widget-heading\" data-id=\"0eec483\" data-element_type=\"widget\" data-widget_type=\"heading.default\">\n\t\t\t\t<div class=\"elementor-widget-container\">\n\t\t\t<h1 class=\"elementor-heading-title elementor-size-default\">Dienstleistungen<\/h1>\t\t<\/div>\n\t\t\t\t<\/div>\n\t\t\t\t<div class=\"elementor-element elementor-element-2e0f0aa elementor-widget elementor-widget-text-editor\" data-id=\"2e0f0aa\" data-element_type=\"widget\" data-widget_type=\"text-editor.default\">\n\t\t\t\t<div class=\"elementor-widget-container\">\n\t\t\t\t\t\t\t<p>Mit TFV Mexico erhalten Sie innovative und zuverl\u00e4ssige L\u00f6sungen, die den Erfolg Ihrer Projekte steigern werden.<\/p>\n\t\t\t\t\t\t<\/div>\n\t\t\t\t<\/div>\n\t\t\t\t\t<\/div>\n\t\t<\/div>\n\t\t\t\t<div class=\"elementor-column elementor-col-50 elementor-top-column elementor-element elementor-element-b1d58d2\" data-id=\"b1d58d2\" data-element_type=\"column\">\n\t\t\t<div class=\"elementor-widget-wrap\">\n\t\t\t\t\t\t\t<\/div>\n\t\t<\/div>\n\t\t\t\t\t<\/div>\n\t\t<\/section>\n\t\t\t\t<section class=\"elementor-section elementor-top-section elementor-element elementor-element-fb6d531 elementor-section-content-middle elementor-section-boxed elementor-section-height-default elementor-section-height-default\" data-id=\"fb6d531\" data-element_type=\"section\">\n\t\t\t\t\t\t<div class=\"elementor-container elementor-column-gap-default\">\n\t\t\t\t\t<div class=\"elementor-column elementor-col-50 elementor-top-column elementor-element elementor-element-4a87430\" data-id=\"4a87430\" data-element_type=\"column\">\n\t\t\t<div class=\"elementor-widget-wrap elementor-element-populated\">\n\t\t\t\t\t\t<div class=\"elementor-element elementor-element-f127432 elementor-widget elementor-widget-image\" data-id=\"f127432\" data-element_type=\"widget\" data-widget_type=\"image.default\">\n\t\t\t\t<div class=\"elementor-widget-container\">\n\t\t\t\t\t\t\t\t\t\t\t\t\t<img fetchpriority=\"high\" decoding=\"async\" width=\"619\" height=\"406\" src=\"https:\/\/tfv.mx\/wp-content\/uploads\/2024\/08\/img-certi-mat.jpg\" class=\"attachment-large size-large wp-image-566\" alt=\"\" srcset=\"https:\/\/tfv.mx\/wp-content\/uploads\/2024\/08\/img-certi-mat.jpg 619w, https:\/\/tfv.mx\/wp-content\/uploads\/2024\/08\/img-certi-mat-600x394.jpg 600w, https:\/\/tfv.mx\/wp-content\/uploads\/2024\/08\/img-certi-mat-64x42.jpg 64w, https:\/\/tfv.mx\/wp-content\/uploads\/2024\/08\/img-certi-mat-300x197.jpg 300w\" sizes=\"(max-width: 619px) 100vw, 619px\" \/>\t\t\t\t\t\t\t\t\t\t\t\t\t<\/div>\n\t\t\t\t<\/div>\n\t\t\t\t\t<\/div>\n\t\t<\/div>\n\t\t\t\t<div class=\"elementor-column elementor-col-50 elementor-top-column elementor-element elementor-element-5c2d319\" data-id=\"5c2d319\" data-element_type=\"column\">\n\t\t\t<div class=\"elementor-widget-wrap elementor-element-populated\">\n\t\t\t\t\t\t<div class=\"elementor-element elementor-element-4a28c1c elementor-widget elementor-widget-heading\" data-id=\"4a28c1c\" data-element_type=\"widget\" data-widget_type=\"heading.default\">\n\t\t\t\t<div class=\"elementor-widget-container\">\n\t\t\t<h2 class=\"elementor-heading-title elementor-size-default\">Zertifikat der Materialien<\/h2>\t\t<\/div>\n\t\t\t\t<\/div>\n\t\t\t\t<div class=\"elementor-element elementor-element-2f61645 elementor-widget elementor-widget-text-editor\" data-id=\"2f61645\" data-element_type=\"widget\" data-widget_type=\"text-editor.default\">\n\t\t\t\t<div class=\"elementor-widget-container\">\n\t\t\t\t\t\t\t<p>In diesem Bereich k\u00f6nnen Sie das CMTR (Zertifikat f\u00fcr Materialien und hydrostatische Tests) unserer Produkte f\u00fcr von uns gelieferte Bestellungen anfordern. Diese werden an die zust\u00e4ndige Abteilung weitergeleitet.<\/p>\n\t\t\t\t\t\t<\/div>\n\t\t\t\t<\/div>\n\t\t\t\t<div class=\"elementor-element elementor-element-84defb1 elementor-widget elementor-widget-shortcode\" data-id=\"84defb1\" data-element_type=\"widget\" data-widget_type=\"shortcode.default\">\n\t\t\t\t<div class=\"elementor-widget-container\">\n\t\t\t\t\t<div class=\"elementor-shortcode\"> <div  data-pre_filled=\"Hola, me gustar\u00eda obtener m\u00e1s informaci\u00f3n sobre Certificado de Materiales\" data-style=\"3\" style=\"display: inline; cursor: pointer; z-index: 99999999; \" class=\"ht-ctc-sc ht-ctc-sc-chat sc-style-3 ht-ctc-inline\">\r\n<img decoding=\"async\" class=\"img-icon ctc-analytics ctc_cta\" title=\"M\u00e1s informaci\u00f3n\" style=\"display: inline-block; width: 50px;  height: 50px;\" src=\"https:\/\/tfv.mx\/wp-content\/plugins\/click-to-chat-for-whatsapp\/.\/new\/inc\/assets\/img\/whatsapp-logo.svg\" alt=\"M\u00e1s informaci\u00f3n\">\r\n<\/div><\/div>\n\t\t\t\t<\/div>\n\t\t\t\t<\/div>\n\t\t\t\t\t<\/div>\n\t\t<\/div>\n\t\t\t\t\t<\/div>\n\t\t<\/section>\n\t\t\t\t<section class=\"elementor-section elementor-top-section elementor-element elementor-element-c66a9b4 elementor-section-content-middle elementor-section-boxed elementor-section-height-default elementor-section-height-default\" data-id=\"c66a9b4\" data-element_type=\"section\">\n\t\t\t\t\t\t<div class=\"elementor-container elementor-column-gap-default\">\n\t\t\t\t\t<div class=\"elementor-column elementor-col-50 elementor-top-column elementor-element elementor-element-d5227d6\" data-id=\"d5227d6\" data-element_type=\"column\">\n\t\t\t<div class=\"elementor-widget-wrap elementor-element-populated\">\n\t\t\t\t\t\t<div class=\"elementor-element elementor-element-e72272e elementor-widget elementor-widget-heading\" data-id=\"e72272e\" data-element_type=\"widget\" data-widget_type=\"heading.default\">\n\t\t\t\t<div class=\"elementor-widget-container\">\n\t\t\t<h2 class=\"elementor-heading-title elementor-size-default\">Zeichnungen<\/h2>\t\t<\/div>\n\t\t\t\t<\/div>\n\t\t\t\t<div class=\"elementor-element elementor-element-0148ce6 elementor-widget elementor-widget-text-editor\" data-id=\"0148ce6\" data-element_type=\"widget\" data-widget_type=\"text-editor.default\">\n\t\t\t\t<div class=\"elementor-widget-container\">\n\t\t\t\t\t\t\t<p>In diesem Bereich k\u00f6nnen Sie Zeichnungen unserer Produkte f\u00fcr ein von uns geliefertes Angebot oder Bestellungen anfordern. Diese werden an die zust\u00e4ndige Abteilung weitergeleitet.<\/p>\n\t\t\t\t\t\t<\/div>\n\t\t\t\t<\/div>\n\t\t\t\t<div class=\"elementor-element elementor-element-765e232 elementor-widget elementor-widget-shortcode\" data-id=\"765e232\" data-element_type=\"widget\" data-widget_type=\"shortcode.default\">\n\t\t\t\t<div class=\"elementor-widget-container\">\n\t\t\t\t\t<div class=\"elementor-shortcode\"> <div  data-pre_filled=\"Hola, me gustar\u00eda obtener m\u00e1s informaci\u00f3n sobre Dibujos\" data-style=\"3\" style=\"display: inline; cursor: pointer; z-index: 99999999; \" class=\"ht-ctc-sc ht-ctc-sc-chat sc-style-3 ht-ctc-inline\">\r\n<img decoding=\"async\" class=\"img-icon ctc-analytics ctc_cta\" title=\"M\u00e1s informaci\u00f3n\" style=\"display: inline-block; width: 50px;  height: 50px;\" src=\"https:\/\/tfv.mx\/wp-content\/plugins\/click-to-chat-for-whatsapp\/.\/new\/inc\/assets\/img\/whatsapp-logo.svg\" alt=\"M\u00e1s informaci\u00f3n\">\r\n<\/div><\/div>\n\t\t\t\t<\/div>\n\t\t\t\t<\/div>\n\t\t\t\t\t<\/div>\n\t\t<\/div>\n\t\t\t\t<div class=\"elementor-column elementor-col-50 elementor-top-column elementor-element elementor-element-22ff333\" data-id=\"22ff333\" data-element_type=\"column\">\n\t\t\t<div class=\"elementor-widget-wrap elementor-element-populated\">\n\t\t\t\t\t\t<div class=\"elementor-element elementor-element-4453c54 elementor-widget elementor-widget-image\" data-id=\"4453c54\" data-element_type=\"widget\" data-widget_type=\"image.default\">\n\t\t\t\t<div class=\"elementor-widget-container\">\n\t\t\t\t\t\t\t\t\t\t\t\t\t<img decoding=\"async\" width=\"622\" height=\"406\" src=\"https:\/\/tfv.mx\/wp-content\/uploads\/2024\/08\/img-dib.jpg\" class=\"attachment-large size-large wp-image-570\" alt=\"\" srcset=\"https:\/\/tfv.mx\/wp-content\/uploads\/2024\/08\/img-dib.jpg 622w, https:\/\/tfv.mx\/wp-content\/uploads\/2024\/08\/img-dib-600x392.jpg 600w, https:\/\/tfv.mx\/wp-content\/uploads\/2024\/08\/img-dib-64x42.jpg 64w, https:\/\/tfv.mx\/wp-content\/uploads\/2024\/08\/img-dib-300x196.jpg 300w\" sizes=\"(max-width: 622px) 100vw, 622px\" \/>\t\t\t\t\t\t\t\t\t\t\t\t\t<\/div>\n\t\t\t\t<\/div>\n\t\t\t\t\t<\/div>\n\t\t<\/div>\n\t\t\t\t\t<\/div>\n\t\t<\/section>\n\t\t\t\t<section class=\"elementor-section elementor-top-section elementor-element elementor-element-07abef8 elementor-section-content-middle elementor-section-boxed elementor-section-height-default elementor-section-height-default\" data-id=\"07abef8\" data-element_type=\"section\">\n\t\t\t\t\t\t<div class=\"elementor-container elementor-column-gap-default\">\n\t\t\t\t\t<div class=\"elementor-column elementor-col-50 elementor-top-column elementor-element elementor-element-94f4bb2\" data-id=\"94f4bb2\" data-element_type=\"column\">\n\t\t\t<div class=\"elementor-widget-wrap elementor-element-populated\">\n\t\t\t\t\t\t<div class=\"elementor-element elementor-element-b0032e4 elementor-widget elementor-widget-image\" data-id=\"b0032e4\" data-element_type=\"widget\" data-widget_type=\"image.default\">\n\t\t\t\t<div class=\"elementor-widget-container\">\n\t\t\t\t\t\t\t\t\t\t\t\t\t<img decoding=\"async\" width=\"619\" height=\"406\" src=\"https:\/\/tfv.mx\/wp-content\/uploads\/2024\/08\/img-ren-mant.jpg\" class=\"attachment-large size-large wp-image-571\" alt=\"\" srcset=\"https:\/\/tfv.mx\/wp-content\/uploads\/2024\/08\/img-ren-mant.jpg 619w, https:\/\/tfv.mx\/wp-content\/uploads\/2024\/08\/img-ren-mant-600x394.jpg 600w, https:\/\/tfv.mx\/wp-content\/uploads\/2024\/08\/img-ren-mant-64x42.jpg 64w, https:\/\/tfv.mx\/wp-content\/uploads\/2024\/08\/img-ren-mant-300x197.jpg 300w\" sizes=\"(max-width: 619px) 100vw, 619px\" \/>\t\t\t\t\t\t\t\t\t\t\t\t\t<\/div>\n\t\t\t\t<\/div>\n\t\t\t\t\t<\/div>\n\t\t<\/div>\n\t\t\t\t<div class=\"elementor-column elementor-col-50 elementor-top-column elementor-element elementor-element-3d15703\" data-id=\"3d15703\" data-element_type=\"column\">\n\t\t\t<div class=\"elementor-widget-wrap elementor-element-populated\">\n\t\t\t\t\t\t<div class=\"elementor-element elementor-element-e688ced elementor-widget elementor-widget-heading\" data-id=\"e688ced\" data-element_type=\"widget\" data-widget_type=\"heading.default\">\n\t\t\t\t<div class=\"elementor-widget-container\">\n\t\t\t<h2 class=\"elementor-heading-title elementor-size-default\">Renovierung und Instandhaltung<\/h2>\t\t<\/div>\n\t\t\t\t<\/div>\n\t\t\t\t<div class=\"elementor-element elementor-element-5c29ef0 elementor-widget elementor-widget-text-editor\" data-id=\"5c29ef0\" data-element_type=\"widget\" data-widget_type=\"text-editor.default\">\n\t\t\t\t<div class=\"elementor-widget-container\">\n\t\t\t\t\t\t\t<p>TFV Mexico Operations verf\u00fcgt \u00fcber Ausr\u00fcstung und Personal zur Durchf\u00fchrung von Arbeiten im Zusammenhang mit der Wartung, Reparatur und Erneuerung von Industrieventilen (L\u00e4ppen, Bearbeiten, Schleifen usw.). Ebenso verf\u00fcgen wir \u00fcber einen Pr\u00fcfstand, um hydrostatische und\/oder pneumatische Tests unter anderem nach Kriterien wie ASME B16.34, API 598, API 6D durchzuf\u00fchren, sodass die Dichtheit des jeweiligen Ventils \u00fcberpr\u00fcft und entsprechend sichergestellt werden kann. entsprechend seiner Konstruktion und den Angaben in internationalen Normen. Dar\u00fcber hinaus verf\u00fcgen wir \u00fcber hochqualifiziertes Personal, das bei Bedarf Montage-\/Demontagearbeiten f\u00fcr Zubeh\u00f6rteile und\/oder Antriebe sowie deren entsprechende Wartung durchf\u00fchrt. <\/p>\n<p>Wir k\u00f6nnen auch Lackierarbeiten durchf\u00fchren, die den strengsten Anforderungen gen\u00fcgen und die von PEMEX, CFE, CENAGAS, ENI usw. geforderten Systeme abdecken.<\/p>\n<p>All dies, um Ihnen einen umfassenden Service bieten zu k\u00f6nnen, der von der Demontage bis zur Reparatur reichen kann. Qualit\u00e4tssicherung, Montage in verschiedenen Arten von Ventilen und Anwendungen (Chemie, Gastransport, HF usw.) durch unser multidisziplin\u00e4res Team mit ISO 9001-2015-Zertifizierung. <\/p>\n\t\t\t\t\t\t<\/div>\n\t\t\t\t<\/div>\n\t\t\t\t<div class=\"elementor-element elementor-element-e4f24cb elementor-widget elementor-widget-shortcode\" data-id=\"e4f24cb\" data-element_type=\"widget\" data-widget_type=\"shortcode.default\">\n\t\t\t\t<div class=\"elementor-widget-container\">\n\t\t\t\t\t<div class=\"elementor-shortcode\"> <div  data-pre_filled=\"Hola, me gustar\u00eda obtener m\u00e1s informaci\u00f3n sobre Renovaci\u00f3n y mantenimiento\" data-style=\"3\" style=\"display: inline; cursor: pointer; z-index: 99999999; \" class=\"ht-ctc-sc ht-ctc-sc-chat sc-style-3 ht-ctc-inline\">\r\n<img decoding=\"async\" class=\"img-icon ctc-analytics ctc_cta\" title=\"M\u00e1s informaci\u00f3n\" style=\"display: inline-block; width: 50px;  height: 50px;\" src=\"https:\/\/tfv.mx\/wp-content\/plugins\/click-to-chat-for-whatsapp\/.\/new\/inc\/assets\/img\/whatsapp-logo.svg\" alt=\"M\u00e1s informaci\u00f3n\">\r\n<\/div><\/div>\n\t\t\t\t<\/div>\n\t\t\t\t<\/div>\n\t\t\t\t\t<\/div>\n\t\t<\/div>\n\t\t\t\t\t<\/div>\n\t\t<\/section>\n\t\t\t\t<section class=\"elementor-section elementor-top-section elementor-element elementor-element-c80bb7b elementor-section-content-middle elementor-section-boxed elementor-section-height-default elementor-section-height-default\" data-id=\"c80bb7b\" data-element_type=\"section\">\n\t\t\t\t\t\t<div class=\"elementor-container elementor-column-gap-default\">\n\t\t\t\t\t<div class=\"elementor-column elementor-col-50 elementor-top-column elementor-element elementor-element-6c8c0ba\" data-id=\"6c8c0ba\" data-element_type=\"column\">\n\t\t\t<div class=\"elementor-widget-wrap elementor-element-populated\">\n\t\t\t\t\t\t<div class=\"elementor-element elementor-element-0705bb4 elementor-widget elementor-widget-heading\" data-id=\"0705bb4\" data-element_type=\"widget\" data-widget_type=\"heading.default\">\n\t\t\t\t<div class=\"elementor-widget-container\">\n\t\t\t<h2 class=\"elementor-heading-title elementor-size-default\">Messkufen<\/h2>\t\t<\/div>\n\t\t\t\t<\/div>\n\t\t\t\t<div class=\"elementor-element elementor-element-60504a1 elementor-widget elementor-widget-text-editor\" data-id=\"60504a1\" data-element_type=\"widget\" data-widget_type=\"text-editor.default\">\n\t\t\t\t<div class=\"elementor-widget-container\">\n\t\t\t\t\t\t\t<p>Zu den ERFAHRUNGEN von TFV Mexico Operations geh\u00f6rt die Herstellung von Messschlittschuhen. Eines dieser Projekte war das ERMyC der Gaspipeline Samalayuca \u2013 S\u00e1sabe in Pitiquito, Sonora. Dieses Projekt umfasste die Bereiche Engineering, Beschaffung und Bau; Integration von Strukturen, Rohrverlegung, Ger\u00e4teinstallation, Qualit\u00e4tssicherung usw. Wir sind stolz darauf, an einem so wichtigen Projekt wie der Salamayuca-Sasabe-Gaspipeline mitgearbeitet zu haben, um ein qualitativ hochwertiges, umfassendes Projekt mit den von unserem Kunden gew\u00fcnschten Tests und Inbetriebnahmen liefern zu k\u00f6nnen.  <\/p>\n<p><strong>F\u00fcr diese Art von Projekten haben wir:<\/strong><\/p>\n<p>1 Industrielager in Toluca sowie die M\u00f6glichkeit, Arbeiten an einem weiteren Lager in Tehuac\u00e1n Puebla durchzuf\u00fchren.<\/p>\n<\/p>\n<p><strong>Mitarbeiter mit Erfahrung in:<\/strong><\/p>\n<ul>\n<li>Installation von Elektroarbeiten.<\/li>\n<li>Instrumentierungs- und Testinstallation.<\/li>\n<li>Herstellung und Montage mechanischer Arbeiten.<\/li>\n<li>Installation von Bauarbeiten.<\/li>\n<li>Installation von Photovoltaikanlagen.<\/li>\n<li>Rohrabschnitte (Spulen).<\/li>\n<li>Nieder- und Mittelspannungsarbeiten.<\/li>\n<li>Schrankintegration (Server, Steuerung, verteilte Steuerung, Sicherheit).<\/li>\n<li>Inbetriebnahme, Wartung, Diagnose, Unsicherheitsanalyse, Schulung von: Messstationen (Kohlenwasserstoffe, Erdgas, Referenzmessfl\u00fcssigkeiten, eichpflichtiger Verkehr)<\/li>\n<li>Durchflussmesser, Wasserabschaltung<\/li>\n<li>Chromatographen.<\/li>\n<li>Analysatoren (Sauerstoff, Kraftstoffe, PH, Leitf\u00e4higkeit, Tr\u00fcbung, Luftfeuchtigkeit, H2S usw.).<\/li>\n<li>Dichtemesser (Fl\u00fcssigkeiten und Gase).<\/li>\n<li>Probenahme-Reagenzgl\u00e4ser<\/li>\n<\/ul>\n\t\t\t\t\t\t<\/div>\n\t\t\t\t<\/div>\n\t\t\t\t<div class=\"elementor-element elementor-element-e50a290 elementor-widget elementor-widget-shortcode\" data-id=\"e50a290\" data-element_type=\"widget\" data-widget_type=\"shortcode.default\">\n\t\t\t\t<div class=\"elementor-widget-container\">\n\t\t\t\t\t<div class=\"elementor-shortcode\"> <div  data-pre_filled=\"Hola, me gustar\u00eda obtener m\u00e1s informaci\u00f3n sobre Patines de medici\u00f3n\" data-style=\"3\" style=\"display: inline; cursor: pointer; z-index: 99999999; \" class=\"ht-ctc-sc ht-ctc-sc-chat sc-style-3 ht-ctc-inline\">\r\n<img decoding=\"async\" class=\"img-icon ctc-analytics ctc_cta\" title=\"M\u00e1s informaci\u00f3n\" style=\"display: inline-block; width: 50px;  height: 50px;\" src=\"https:\/\/tfv.mx\/wp-content\/plugins\/click-to-chat-for-whatsapp\/.\/new\/inc\/assets\/img\/whatsapp-logo.svg\" alt=\"M\u00e1s informaci\u00f3n\">\r\n<\/div><\/div>\n\t\t\t\t<\/div>\n\t\t\t\t<\/div>\n\t\t\t\t\t<\/div>\n\t\t<\/div>\n\t\t\t\t<div class=\"elementor-column elementor-col-50 elementor-top-column elementor-element elementor-element-5278a1a\" data-id=\"5278a1a\" data-element_type=\"column\">\n\t\t\t<div class=\"elementor-widget-wrap elementor-element-populated\">\n\t\t\t\t\t\t<div class=\"elementor-element elementor-element-284ced3 elementor-widget elementor-widget-image\" data-id=\"284ced3\" data-element_type=\"widget\" data-widget_type=\"image.default\">\n\t\t\t\t<div class=\"elementor-widget-container\">\n\t\t\t\t\t\t\t\t\t\t\t\t\t<img loading=\"lazy\" decoding=\"async\" width=\"619\" height=\"407\" src=\"https:\/\/tfv.mx\/wp-content\/uploads\/2024\/08\/img-pat-med.jpg\" class=\"attachment-large size-large wp-image-572\" alt=\"\" srcset=\"https:\/\/tfv.mx\/wp-content\/uploads\/2024\/08\/img-pat-med.jpg 619w, https:\/\/tfv.mx\/wp-content\/uploads\/2024\/08\/img-pat-med-600x395.jpg 600w, https:\/\/tfv.mx\/wp-content\/uploads\/2024\/08\/img-pat-med-64x42.jpg 64w, https:\/\/tfv.mx\/wp-content\/uploads\/2024\/08\/img-pat-med-300x197.jpg 300w\" sizes=\"(max-width: 619px) 100vw, 619px\" \/>\t\t\t\t\t\t\t\t\t\t\t\t\t<\/div>\n\t\t\t\t<\/div>\n\t\t\t\t\t<\/div>\n\t\t<\/div>\n\t\t\t\t\t<\/div>\n\t\t<\/section>\n\t\t\t\t<\/div>\n\t\t","protected":false},"excerpt":{"rendered":"<p>Dienstleistungen Mit TFV Mexico erhalten Sie innovative und zuverl\u00e4ssige L\u00f6sungen, die den Erfolg Ihrer Projekte steigern werden. Zertifikat der Materialien In diesem Bereich k\u00f6nnen Sie das CMTR (Zertifikat f\u00fcr Materialien und hydrostatische Tests) unserer Produkte f\u00fcr von uns gelieferte Bestellungen anfordern. Diese werden an die zust\u00e4ndige Abteilung weitergeleitet. Zeichnungen In diesem Bereich k\u00f6nnen Sie Zeichnungen [&hellip;]<\/p>\n","protected":false},"author":1,"featured_media":0,"parent":0,"menu_order":0,"comment_status":"closed","ping_status":"closed","template":"elementor_header_footer","meta":{"_acf_changed":false,"footnotes":""},"class_list":["post-5552","page","type-page","status-publish","hentry"],"acf":[],"yoast_head":"<!-- This site is optimized with the Yoast SEO plugin v23.4 - https:\/\/yoast.com\/wordpress\/plugins\/seo\/ -->\n<title>Dienstleistungen | TFV M\u00e9xico<\/title>\n<meta name=\"robots\" content=\"noindex, follow, max-snippet:-1, max-image-preview:large, max-video-preview:-1\" \/>\n<meta property=\"og:locale\" content=\"de_DE\" \/>\n<meta property=\"og:type\" content=\"article\" \/>\n<meta property=\"og:title\" content=\"Dienstleistungen | TFV M\u00e9xico\" \/>\n<meta property=\"og:description\" content=\"Dienstleistungen Mit TFV Mexico erhalten Sie innovative und zuverl\u00e4ssige L\u00f6sungen, die den Erfolg Ihrer Projekte steigern werden. Zertifikat der Materialien In diesem Bereich k\u00f6nnen Sie das CMTR (Zertifikat f\u00fcr Materialien und hydrostatische Tests) unserer Produkte f\u00fcr von uns gelieferte Bestellungen anfordern. Diese werden an die zust\u00e4ndige Abteilung weitergeleitet. Zeichnungen In diesem Bereich k\u00f6nnen Sie Zeichnungen [&hellip;]\" \/>\n<meta property=\"og:url\" content=\"https:\/\/tfv.mx\/de\/dienstleistungen\/\" \/>\n<meta property=\"og:site_name\" content=\"TFV M\u00e9xico\" \/>\n<meta property=\"article:modified_time\" content=\"2024-10-14T17:26:18+00:00\" \/>\n<meta property=\"og:image\" content=\"https:\/\/tfv.mx\/wp-content\/uploads\/2024\/08\/img-certi-mat.jpg\" \/>\n<meta name=\"twitter:card\" content=\"summary_large_image\" \/>\n<meta name=\"twitter:label1\" content=\"Gesch\u00e4tzte Lesezeit\" \/>\n\t<meta name=\"twitter:data1\" content=\"3\u00a0Minuten\" \/>\n<script type=\"application\/ld+json\" class=\"yoast-schema-graph\">{\"@context\":\"https:\/\/schema.org\",\"@graph\":[{\"@type\":\"WebPage\",\"@id\":\"https:\/\/tfv.mx\/de\/dienstleistungen\/\",\"url\":\"https:\/\/tfv.mx\/de\/dienstleistungen\/\",\"name\":\"Dienstleistungen | TFV M\u00e9xico\",\"isPartOf\":{\"@id\":\"https:\/\/tfv.mx\/de\/#website\"},\"primaryImageOfPage\":{\"@id\":\"https:\/\/tfv.mx\/de\/dienstleistungen\/#primaryimage\"},\"image\":{\"@id\":\"https:\/\/tfv.mx\/de\/dienstleistungen\/#primaryimage\"},\"thumbnailUrl\":\"https:\/\/tfv.mx\/wp-content\/uploads\/2024\/08\/img-certi-mat.jpg\",\"datePublished\":\"2024-08-24T06:59:35+00:00\",\"dateModified\":\"2024-10-14T17:26:18+00:00\",\"breadcrumb\":{\"@id\":\"https:\/\/tfv.mx\/de\/dienstleistungen\/#breadcrumb\"},\"inLanguage\":\"de\",\"potentialAction\":[{\"@type\":\"ReadAction\",\"target\":[\"https:\/\/tfv.mx\/de\/dienstleistungen\/\"]}]},{\"@type\":\"ImageObject\",\"inLanguage\":\"de\",\"@id\":\"https:\/\/tfv.mx\/de\/dienstleistungen\/#primaryimage\",\"url\":\"https:\/\/tfv.mx\/wp-content\/uploads\/2024\/08\/img-certi-mat.jpg\",\"contentUrl\":\"https:\/\/tfv.mx\/wp-content\/uploads\/2024\/08\/img-certi-mat.jpg\"},{\"@type\":\"BreadcrumbList\",\"@id\":\"https:\/\/tfv.mx\/de\/dienstleistungen\/#breadcrumb\",\"itemListElement\":[{\"@type\":\"ListItem\",\"position\":1,\"name\":\"Portada\",\"item\":\"https:\/\/tfv.mx\/de\/\"},{\"@type\":\"ListItem\",\"position\":2,\"name\":\"Dienstleistungen\"}]},{\"@type\":\"WebSite\",\"@id\":\"https:\/\/tfv.mx\/de\/#website\",\"url\":\"https:\/\/tfv.mx\/de\/\",\"name\":\"TFV M\u00e9xico\",\"description\":\"\",\"potentialAction\":[{\"@type\":\"SearchAction\",\"target\":{\"@type\":\"EntryPoint\",\"urlTemplate\":\"https:\/\/tfv.mx\/de\/?s={search_term_string}\"},\"query-input\":{\"@type\":\"PropertyValueSpecification\",\"valueRequired\":true,\"valueName\":\"search_term_string\"}}],\"inLanguage\":\"de\"}]}<\/script>\n<!-- \/ Yoast SEO plugin. -->","yoast_head_json":{"title":"Dienstleistungen | TFV M\u00e9xico","robots":{"index":"noindex","follow":"follow","max-snippet":"max-snippet:-1","max-image-preview":"max-image-preview:large","max-video-preview":"max-video-preview:-1"},"og_locale":"de_DE","og_type":"article","og_title":"Dienstleistungen | TFV M\u00e9xico","og_description":"Dienstleistungen Mit TFV Mexico erhalten Sie innovative und zuverl\u00e4ssige L\u00f6sungen, die den Erfolg Ihrer Projekte steigern werden. Zertifikat der Materialien In diesem Bereich k\u00f6nnen Sie das CMTR (Zertifikat f\u00fcr Materialien und hydrostatische Tests) unserer Produkte f\u00fcr von uns gelieferte Bestellungen anfordern. Diese werden an die zust\u00e4ndige Abteilung weitergeleitet. Zeichnungen In diesem Bereich k\u00f6nnen Sie Zeichnungen [&hellip;]","og_url":"https:\/\/tfv.mx\/de\/dienstleistungen\/","og_site_name":"TFV M\u00e9xico","article_modified_time":"2024-10-14T17:26:18+00:00","og_image":[{"url":"https:\/\/tfv.mx\/wp-content\/uploads\/2024\/08\/img-certi-mat.jpg"}],"twitter_card":"summary_large_image","twitter_misc":{"Gesch\u00e4tzte Lesezeit":"3\u00a0Minuten"},"schema":{"@context":"https:\/\/schema.org","@graph":[{"@type":"WebPage","@id":"https:\/\/tfv.mx\/de\/dienstleistungen\/","url":"https:\/\/tfv.mx\/de\/dienstleistungen\/","name":"Dienstleistungen | TFV M\u00e9xico","isPartOf":{"@id":"https:\/\/tfv.mx\/de\/#website"},"primaryImageOfPage":{"@id":"https:\/\/tfv.mx\/de\/dienstleistungen\/#primaryimage"},"image":{"@id":"https:\/\/tfv.mx\/de\/dienstleistungen\/#primaryimage"},"thumbnailUrl":"https:\/\/tfv.mx\/wp-content\/uploads\/2024\/08\/img-certi-mat.jpg","datePublished":"2024-08-24T06:59:35+00:00","dateModified":"2024-10-14T17:26:18+00:00","breadcrumb":{"@id":"https:\/\/tfv.mx\/de\/dienstleistungen\/#breadcrumb"},"inLanguage":"de","potentialAction":[{"@type":"ReadAction","target":["https:\/\/tfv.mx\/de\/dienstleistungen\/"]}]},{"@type":"ImageObject","inLanguage":"de","@id":"https:\/\/tfv.mx\/de\/dienstleistungen\/#primaryimage","url":"https:\/\/tfv.mx\/wp-content\/uploads\/2024\/08\/img-certi-mat.jpg","contentUrl":"https:\/\/tfv.mx\/wp-content\/uploads\/2024\/08\/img-certi-mat.jpg"},{"@type":"BreadcrumbList","@id":"https:\/\/tfv.mx\/de\/dienstleistungen\/#breadcrumb","itemListElement":[{"@type":"ListItem","position":1,"name":"Portada","item":"https:\/\/tfv.mx\/de\/"},{"@type":"ListItem","position":2,"name":"Dienstleistungen"}]},{"@type":"WebSite","@id":"https:\/\/tfv.mx\/de\/#website","url":"https:\/\/tfv.mx\/de\/","name":"TFV M\u00e9xico","description":"","potentialAction":[{"@type":"SearchAction","target":{"@type":"EntryPoint","urlTemplate":"https:\/\/tfv.mx\/de\/?s={search_term_string}"},"query-input":{"@type":"PropertyValueSpecification","valueRequired":true,"valueName":"search_term_string"}}],"inLanguage":"de"}]}},"_links":{"self":[{"href":"https:\/\/tfv.mx\/de\/wp-json\/wp\/v2\/pages\/5552","targetHints":{"allow":["GET"]}}],"collection":[{"href":"https:\/\/tfv.mx\/de\/wp-json\/wp\/v2\/pages"}],"about":[{"href":"https:\/\/tfv.mx\/de\/wp-json\/wp\/v2\/types\/page"}],"author":[{"embeddable":true,"href":"https:\/\/tfv.mx\/de\/wp-json\/wp\/v2\/users\/1"}],"replies":[{"embeddable":true,"href":"https:\/\/tfv.mx\/de\/wp-json\/wp\/v2\/comments?post=5552"}],"version-history":[{"count":3,"href":"https:\/\/tfv.mx\/de\/wp-json\/wp\/v2\/pages\/5552\/revisions"}],"predecessor-version":[{"id":6140,"href":"https:\/\/tfv.mx\/de\/wp-json\/wp\/v2\/pages\/5552\/revisions\/6140"}],"wp:attachment":[{"href":"https:\/\/tfv.mx\/de\/wp-json\/wp\/v2\/media?parent=5552"}],"curies":[{"name":"wp","href":"https:\/\/api.w.org\/{rel}","templated":true}]}}