{"id":5681,"date":"2024-09-13T16:38:45","date_gmt":"2024-09-13T22:38:45","guid":{"rendered":"https:\/\/tfv.mx\/producto\/kugelhaehne-i-serie-82w\/"},"modified":"2024-09-13T16:38:45","modified_gmt":"2024-09-13T22:38:45","slug":"kugelhaehne-i-serie-82w","status":"publish","type":"product","link":"https:\/\/tfv.mx\/de\/producto\/kugelhaehne-i-serie-82w\/","title":{"rendered":"Kugelh\u00e4hne I Serie 82W"},"content":{"rendered":"<p>Kugelhahn, schwimmend, geschwei\u00dft Integral Cpo.<br \/>\nIntegral geschwei\u00dft, Voller Durchgang, ANSI 800#, NPT \/ SW Anschluss, 1\/2\u2033 &#8211; 2\u2033 \u00d8.<br \/>\nVoller Durchgang, ANSI 800#, NPT \/ SW Anschluss, 1\/2\u2033 &#8211; 2\u2033 \u00d8.<\/p>\n","protected":false},"excerpt":{"rendered":"<p>Kugelhahn, schwimmend, geschwei\u00dft Integral Cpo. Integral geschwei\u00dft, Voller Durchgang, ANSI 800#, NPT \/ SW Anschluss, 1\/2\u2033 &#8211; 2\u2033 \u00d8. Voller Durchgang, ANSI 800#, NPT \/ SW Anschluss, 1\/2\u2033 &#8211; 2\u2033 \u00d8.<\/p>\n","protected":false},"featured_media":2243,"comment_status":"closed","ping_status":"open","template":"","meta":{"_acf_changed":false},"product_cat":[1283,1342,1284],"product_tag":[],"class_list":{"0":"post-5681","1":"product","2":"type-product","3":"status-publish","4":"has-post-thumbnail","6":"product_cat-kugelhahne","7":"product_cat-mit-gewinde","8":"product_cat-schwimmende-kugelhahne","9":"pa_caracteristicas-generales-kugelhahn-schwimmende-konstruktion-api-608-cpo-integral-verschweist-ansi-800-pto-komplett","10":"pa_conexiones-diametro-typ-npt-sw-klasse-ansi-800-grosenbereich-1-2-bis-2","11":"pa_estandares-de-disenonormas-konstruktion-und-herstellung-api-608-druck-temperatur-bewertung-asme-b16-34-gewindeanschlusse-npt-asme-b1-20-1-schweisanschlusse-sw-asme-b16-11","12":"pa_materiales-gehause-edelstahl-cf8m-wcb-etc-innen-edelstahl-316-sitz-ptfe-rptfe-peek-devlon-etc-andere-materialien-sind-auf-anfrage-erhaltlich","13":"pa_serie-82w-de","14":"pa_tipo-schwebend-cpo-integral-soldat","15":"pa_tipo-de-producto-serie-82w-i-kugelhahn","17":"first","18":"instock","19":"product-type-simple"},"acf":[],"yoast_head":"<!-- This site is optimized with the Yoast SEO plugin v23.4 - https:\/\/yoast.com\/wordpress\/plugins\/seo\/ -->\n<title>Kugelh\u00e4hne I Serie 82W | TFV M\u00e9xico<\/title>\n<meta name=\"robots\" content=\"noindex, follow, max-snippet:-1, max-image-preview:large, max-video-preview:-1\" \/>\n<meta property=\"og:locale\" content=\"de_DE\" \/>\n<meta property=\"og:type\" content=\"article\" \/>\n<meta property=\"og:title\" content=\"Kugelh\u00e4hne I Serie 82W | TFV M\u00e9xico\" \/>\n<meta property=\"og:description\" content=\"Kugelhahn, schwimmend, geschwei\u00dft Integral Cpo. Integral geschwei\u00dft, Voller Durchgang, ANSI 800#, NPT \/ SW Anschluss, 1\/2\u2033 &#8211; 2\u2033 \u00d8. Voller Durchgang, ANSI 800#, NPT \/ SW Anschluss, 1\/2\u2033 &#8211; 2\u2033 \u00d8.\" \/>\n<meta property=\"og:url\" content=\"https:\/\/tfv.mx\/de\/producto\/kugelhaehne-i-serie-82w\/\" \/>\n<meta property=\"og:site_name\" content=\"TFV M\u00e9xico\" \/>\n<meta name=\"twitter:card\" content=\"summary_large_image\" \/>\n<script type=\"application\/ld+json\" class=\"yoast-schema-graph\">{\"@context\":\"https:\/\/schema.org\",\"@graph\":[{\"@type\":\"WebPage\",\"@id\":\"https:\/\/tfv.mx\/de\/producto\/kugelhaehne-i-serie-82w\/\",\"url\":\"https:\/\/tfv.mx\/de\/producto\/kugelhaehne-i-serie-82w\/\",\"name\":\"Kugelh\u00e4hne I Serie 82W | TFV M\u00e9xico\",\"isPartOf\":{\"@id\":\"https:\/\/tfv.mx\/de\/#website\"},\"primaryImageOfPage\":{\"@id\":\"https:\/\/tfv.mx\/de\/producto\/kugelhaehne-i-serie-82w\/#primaryimage\"},\"image\":{\"@id\":\"https:\/\/tfv.mx\/de\/producto\/kugelhaehne-i-serie-82w\/#primaryimage\"},\"thumbnailUrl\":\"https:\/\/tfv.mx\/wp-content\/uploads\/2024\/08\/VB82W.jpg\",\"datePublished\":\"2024-09-13T22:38:45+00:00\",\"dateModified\":\"2024-09-13T22:38:45+00:00\",\"breadcrumb\":{\"@id\":\"https:\/\/tfv.mx\/de\/producto\/kugelhaehne-i-serie-82w\/#breadcrumb\"},\"inLanguage\":\"de\",\"potentialAction\":[{\"@type\":\"ReadAction\",\"target\":[\"https:\/\/tfv.mx\/de\/producto\/kugelhaehne-i-serie-82w\/\"]}]},{\"@type\":\"ImageObject\",\"inLanguage\":\"de\",\"@id\":\"https:\/\/tfv.mx\/de\/producto\/kugelhaehne-i-serie-82w\/#primaryimage\",\"url\":\"https:\/\/tfv.mx\/wp-content\/uploads\/2024\/08\/VB82W.jpg\",\"contentUrl\":\"https:\/\/tfv.mx\/wp-content\/uploads\/2024\/08\/VB82W.jpg\",\"width\":700,\"height\":700},{\"@type\":\"BreadcrumbList\",\"@id\":\"https:\/\/tfv.mx\/de\/producto\/kugelhaehne-i-serie-82w\/#breadcrumb\",\"itemListElement\":[{\"@type\":\"ListItem\",\"position\":1,\"name\":\"Portada\",\"item\":\"https:\/\/tfv.mx\/de\/\"},{\"@type\":\"ListItem\",\"position\":2,\"name\":\"Shop\",\"item\":\"https:\/\/tfv.mx\/de\/shop\/\"},{\"@type\":\"ListItem\",\"position\":3,\"name\":\"Kugelh\u00e4hne I Serie 82W\"}]},{\"@type\":\"WebSite\",\"@id\":\"https:\/\/tfv.mx\/de\/#website\",\"url\":\"https:\/\/tfv.mx\/de\/\",\"name\":\"TFV M\u00e9xico\",\"description\":\"\",\"potentialAction\":[{\"@type\":\"SearchAction\",\"target\":{\"@type\":\"EntryPoint\",\"urlTemplate\":\"https:\/\/tfv.mx\/de\/?s={search_term_string}\"},\"query-input\":{\"@type\":\"PropertyValueSpecification\",\"valueRequired\":true,\"valueName\":\"search_term_string\"}}],\"inLanguage\":\"de\"}]}<\/script>\n<!-- \/ Yoast SEO plugin. -->","yoast_head_json":{"title":"Kugelh\u00e4hne I Serie 82W | TFV M\u00e9xico","robots":{"index":"noindex","follow":"follow","max-snippet":"max-snippet:-1","max-image-preview":"max-image-preview:large","max-video-preview":"max-video-preview:-1"},"og_locale":"de_DE","og_type":"article","og_title":"Kugelh\u00e4hne I Serie 82W | TFV M\u00e9xico","og_description":"Kugelhahn, schwimmend, geschwei\u00dft Integral Cpo. Integral geschwei\u00dft, Voller Durchgang, ANSI 800#, NPT \/ SW Anschluss, 1\/2\u2033 &#8211; 2\u2033 \u00d8. Voller Durchgang, ANSI 800#, NPT \/ SW Anschluss, 1\/2\u2033 &#8211; 2\u2033 \u00d8.","og_url":"https:\/\/tfv.mx\/de\/producto\/kugelhaehne-i-serie-82w\/","og_site_name":"TFV M\u00e9xico","twitter_card":"summary_large_image","schema":{"@context":"https:\/\/schema.org","@graph":[{"@type":"WebPage","@id":"https:\/\/tfv.mx\/de\/producto\/kugelhaehne-i-serie-82w\/","url":"https:\/\/tfv.mx\/de\/producto\/kugelhaehne-i-serie-82w\/","name":"Kugelh\u00e4hne I Serie 82W | TFV M\u00e9xico","isPartOf":{"@id":"https:\/\/tfv.mx\/de\/#website"},"primaryImageOfPage":{"@id":"https:\/\/tfv.mx\/de\/producto\/kugelhaehne-i-serie-82w\/#primaryimage"},"image":{"@id":"https:\/\/tfv.mx\/de\/producto\/kugelhaehne-i-serie-82w\/#primaryimage"},"thumbnailUrl":"https:\/\/tfv.mx\/wp-content\/uploads\/2024\/08\/VB82W.jpg","datePublished":"2024-09-13T22:38:45+00:00","dateModified":"2024-09-13T22:38:45+00:00","breadcrumb":{"@id":"https:\/\/tfv.mx\/de\/producto\/kugelhaehne-i-serie-82w\/#breadcrumb"},"inLanguage":"de","potentialAction":[{"@type":"ReadAction","target":["https:\/\/tfv.mx\/de\/producto\/kugelhaehne-i-serie-82w\/"]}]},{"@type":"ImageObject","inLanguage":"de","@id":"https:\/\/tfv.mx\/de\/producto\/kugelhaehne-i-serie-82w\/#primaryimage","url":"https:\/\/tfv.mx\/wp-content\/uploads\/2024\/08\/VB82W.jpg","contentUrl":"https:\/\/tfv.mx\/wp-content\/uploads\/2024\/08\/VB82W.jpg","width":700,"height":700},{"@type":"BreadcrumbList","@id":"https:\/\/tfv.mx\/de\/producto\/kugelhaehne-i-serie-82w\/#breadcrumb","itemListElement":[{"@type":"ListItem","position":1,"name":"Portada","item":"https:\/\/tfv.mx\/de\/"},{"@type":"ListItem","position":2,"name":"Shop","item":"https:\/\/tfv.mx\/de\/shop\/"},{"@type":"ListItem","position":3,"name":"Kugelh\u00e4hne I Serie 82W"}]},{"@type":"WebSite","@id":"https:\/\/tfv.mx\/de\/#website","url":"https:\/\/tfv.mx\/de\/","name":"TFV M\u00e9xico","description":"","potentialAction":[{"@type":"SearchAction","target":{"@type":"EntryPoint","urlTemplate":"https:\/\/tfv.mx\/de\/?s={search_term_string}"},"query-input":{"@type":"PropertyValueSpecification","valueRequired":true,"valueName":"search_term_string"}}],"inLanguage":"de"}]}},"_links":{"self":[{"href":"https:\/\/tfv.mx\/de\/wp-json\/wp\/v2\/product\/5681","targetHints":{"allow":["GET"]}}],"collection":[{"href":"https:\/\/tfv.mx\/de\/wp-json\/wp\/v2\/product"}],"about":[{"href":"https:\/\/tfv.mx\/de\/wp-json\/wp\/v2\/types\/product"}],"replies":[{"embeddable":true,"href":"https:\/\/tfv.mx\/de\/wp-json\/wp\/v2\/comments?post=5681"}],"wp:featuredmedia":[{"embeddable":true,"href":"https:\/\/tfv.mx\/de\/wp-json\/wp\/v2\/media\/2243"}],"wp:attachment":[{"href":"https:\/\/tfv.mx\/de\/wp-json\/wp\/v2\/media?parent=5681"}],"wp:term":[{"taxonomy":"product_cat","embeddable":true,"href":"https:\/\/tfv.mx\/de\/wp-json\/wp\/v2\/product_cat?post=5681"},{"taxonomy":"product_tag","embeddable":true,"href":"https:\/\/tfv.mx\/de\/wp-json\/wp\/v2\/product_tag?post=5681"}],"curies":[{"name":"wp","href":"https:\/\/api.w.org\/{rel}","templated":true}]}}