{"id":5550,"date":"2024-08-24T00:59:35","date_gmt":"2024-08-24T06:59:35","guid":{"rendered":"https:\/\/tfv.mx\/services\/"},"modified":"2024-10-14T11:26:20","modified_gmt":"2024-10-14T17:26:20","slug":"services","status":"publish","type":"page","link":"https:\/\/tfv.mx\/en\/services\/","title":{"rendered":"Services"},"content":{"rendered":"\t\t<div data-elementor-type=\"wp-page\" data-elementor-id=\"5550\" class=\"elementor elementor-5550 elementor-562\" data-elementor-post-type=\"page\">\n\t\t\t\t\t\t<section class=\"elementor-section elementor-top-section elementor-element elementor-element-61617ad elementor-section-boxed elementor-section-height-default elementor-section-height-default\" data-id=\"61617ad\" data-element_type=\"section\" data-settings=\"{&quot;background_background&quot;:&quot;classic&quot;}\">\n\t\t\t\t\t\t<div class=\"elementor-container elementor-column-gap-default\">\n\t\t\t\t\t<div class=\"elementor-column elementor-col-50 elementor-top-column elementor-element elementor-element-7354293\" data-id=\"7354293\" data-element_type=\"column\">\n\t\t\t<div class=\"elementor-widget-wrap elementor-element-populated\">\n\t\t\t\t\t\t<div class=\"elementor-element elementor-element-0eec483 elementor-widget elementor-widget-heading\" data-id=\"0eec483\" data-element_type=\"widget\" data-widget_type=\"heading.default\">\n\t\t\t\t<div class=\"elementor-widget-container\">\n\t\t\t<h1 class=\"elementor-heading-title elementor-size-default\">Services<\/h1>\t\t<\/div>\n\t\t\t\t<\/div>\n\t\t\t\t<div class=\"elementor-element elementor-element-2e0f0aa elementor-widget elementor-widget-text-editor\" data-id=\"2e0f0aa\" data-element_type=\"widget\" data-widget_type=\"text-editor.default\">\n\t\t\t\t<div class=\"elementor-widget-container\">\n\t\t\t\t\t\t\t<p>With TFV Mexico, you will get innovative and reliable solutions that will boost the success of your projects.<\/p>\n\t\t\t\t\t\t<\/div>\n\t\t\t\t<\/div>\n\t\t\t\t\t<\/div>\n\t\t<\/div>\n\t\t\t\t<div class=\"elementor-column elementor-col-50 elementor-top-column elementor-element elementor-element-b1d58d2\" data-id=\"b1d58d2\" data-element_type=\"column\">\n\t\t\t<div class=\"elementor-widget-wrap\">\n\t\t\t\t\t\t\t<\/div>\n\t\t<\/div>\n\t\t\t\t\t<\/div>\n\t\t<\/section>\n\t\t\t\t<section class=\"elementor-section elementor-top-section elementor-element elementor-element-fb6d531 elementor-section-content-middle elementor-section-boxed elementor-section-height-default elementor-section-height-default\" data-id=\"fb6d531\" data-element_type=\"section\">\n\t\t\t\t\t\t<div class=\"elementor-container elementor-column-gap-default\">\n\t\t\t\t\t<div class=\"elementor-column elementor-col-50 elementor-top-column elementor-element elementor-element-4a87430\" data-id=\"4a87430\" data-element_type=\"column\">\n\t\t\t<div class=\"elementor-widget-wrap elementor-element-populated\">\n\t\t\t\t\t\t<div class=\"elementor-element elementor-element-f127432 elementor-widget elementor-widget-image\" data-id=\"f127432\" data-element_type=\"widget\" data-widget_type=\"image.default\">\n\t\t\t\t<div class=\"elementor-widget-container\">\n\t\t\t\t\t\t\t\t\t\t\t\t\t<img fetchpriority=\"high\" decoding=\"async\" width=\"619\" height=\"406\" src=\"https:\/\/tfv.mx\/wp-content\/uploads\/2024\/08\/img-certi-mat.jpg\" class=\"attachment-large size-large wp-image-566\" alt=\"\" srcset=\"https:\/\/tfv.mx\/wp-content\/uploads\/2024\/08\/img-certi-mat.jpg 619w, https:\/\/tfv.mx\/wp-content\/uploads\/2024\/08\/img-certi-mat-600x394.jpg 600w, https:\/\/tfv.mx\/wp-content\/uploads\/2024\/08\/img-certi-mat-64x42.jpg 64w, https:\/\/tfv.mx\/wp-content\/uploads\/2024\/08\/img-certi-mat-300x197.jpg 300w\" sizes=\"(max-width: 619px) 100vw, 619px\" \/>\t\t\t\t\t\t\t\t\t\t\t\t\t<\/div>\n\t\t\t\t<\/div>\n\t\t\t\t\t<\/div>\n\t\t<\/div>\n\t\t\t\t<div class=\"elementor-column elementor-col-50 elementor-top-column elementor-element elementor-element-5c2d319\" data-id=\"5c2d319\" data-element_type=\"column\">\n\t\t\t<div class=\"elementor-widget-wrap elementor-element-populated\">\n\t\t\t\t\t\t<div class=\"elementor-element elementor-element-4a28c1c elementor-widget elementor-widget-heading\" data-id=\"4a28c1c\" data-element_type=\"widget\" data-widget_type=\"heading.default\">\n\t\t\t\t<div class=\"elementor-widget-container\">\n\t\t\t<h2 class=\"elementor-heading-title elementor-size-default\">Certificate of materials<\/h2>\t\t<\/div>\n\t\t\t\t<\/div>\n\t\t\t\t<div class=\"elementor-element elementor-element-2f61645 elementor-widget elementor-widget-text-editor\" data-id=\"2f61645\" data-element_type=\"widget\" data-widget_type=\"text-editor.default\">\n\t\t\t\t<div class=\"elementor-widget-container\">\n\t\t\t\t\t\t\t<p>In this section you can request the CMTR&#8217;S (Certificate of materials and hydrostatic tests) of our products for orders that we have supplied. This will be redirected to the department in charge.<\/p>\n\t\t\t\t\t\t<\/div>\n\t\t\t\t<\/div>\n\t\t\t\t<div class=\"elementor-element elementor-element-84defb1 elementor-widget elementor-widget-shortcode\" data-id=\"84defb1\" data-element_type=\"widget\" data-widget_type=\"shortcode.default\">\n\t\t\t\t<div class=\"elementor-widget-container\">\n\t\t\t\t\t<div class=\"elementor-shortcode\"> <div  data-pre_filled=\"Hola, me gustar\u00eda obtener m\u00e1s informaci\u00f3n sobre Certificado de Materiales\" data-style=\"3\" style=\"display: inline; cursor: pointer; z-index: 99999999; \" class=\"ht-ctc-sc ht-ctc-sc-chat sc-style-3 ht-ctc-inline\">\r\n<img decoding=\"async\" class=\"img-icon ctc-analytics ctc_cta\" title=\"M\u00e1s informaci\u00f3n\" style=\"display: inline-block; width: 50px;  height: 50px;\" src=\"https:\/\/tfv.mx\/wp-content\/plugins\/click-to-chat-for-whatsapp\/.\/new\/inc\/assets\/img\/whatsapp-logo.svg\" alt=\"M\u00e1s informaci\u00f3n\">\r\n<\/div><\/div>\n\t\t\t\t<\/div>\n\t\t\t\t<\/div>\n\t\t\t\t\t<\/div>\n\t\t<\/div>\n\t\t\t\t\t<\/div>\n\t\t<\/section>\n\t\t\t\t<section class=\"elementor-section elementor-top-section elementor-element elementor-element-c66a9b4 elementor-section-content-middle elementor-section-boxed elementor-section-height-default elementor-section-height-default\" data-id=\"c66a9b4\" data-element_type=\"section\">\n\t\t\t\t\t\t<div class=\"elementor-container elementor-column-gap-default\">\n\t\t\t\t\t<div class=\"elementor-column elementor-col-50 elementor-top-column elementor-element elementor-element-d5227d6\" data-id=\"d5227d6\" data-element_type=\"column\">\n\t\t\t<div class=\"elementor-widget-wrap elementor-element-populated\">\n\t\t\t\t\t\t<div class=\"elementor-element elementor-element-e72272e elementor-widget elementor-widget-heading\" data-id=\"e72272e\" data-element_type=\"widget\" data-widget_type=\"heading.default\">\n\t\t\t\t<div class=\"elementor-widget-container\">\n\t\t\t<h2 class=\"elementor-heading-title elementor-size-default\">Drawings<\/h2>\t\t<\/div>\n\t\t\t\t<\/div>\n\t\t\t\t<div class=\"elementor-element elementor-element-0148ce6 elementor-widget elementor-widget-text-editor\" data-id=\"0148ce6\" data-element_type=\"widget\" data-widget_type=\"text-editor.default\">\n\t\t\t\t<div class=\"elementor-widget-container\">\n\t\t\t\t\t\t\t<p>In this section you will be able to request drawings of our products for an offer or orders that we have supplied. This will be redirected to the department in charge.<\/p>\n\t\t\t\t\t\t<\/div>\n\t\t\t\t<\/div>\n\t\t\t\t<div class=\"elementor-element elementor-element-765e232 elementor-widget elementor-widget-shortcode\" data-id=\"765e232\" data-element_type=\"widget\" data-widget_type=\"shortcode.default\">\n\t\t\t\t<div class=\"elementor-widget-container\">\n\t\t\t\t\t<div class=\"elementor-shortcode\"> <div  data-pre_filled=\"Hola, me gustar\u00eda obtener m\u00e1s informaci\u00f3n sobre Dibujos\" data-style=\"3\" style=\"display: inline; cursor: pointer; z-index: 99999999; \" class=\"ht-ctc-sc ht-ctc-sc-chat sc-style-3 ht-ctc-inline\">\r\n<img decoding=\"async\" class=\"img-icon ctc-analytics ctc_cta\" title=\"M\u00e1s informaci\u00f3n\" style=\"display: inline-block; width: 50px;  height: 50px;\" src=\"https:\/\/tfv.mx\/wp-content\/plugins\/click-to-chat-for-whatsapp\/.\/new\/inc\/assets\/img\/whatsapp-logo.svg\" alt=\"M\u00e1s informaci\u00f3n\">\r\n<\/div><\/div>\n\t\t\t\t<\/div>\n\t\t\t\t<\/div>\n\t\t\t\t\t<\/div>\n\t\t<\/div>\n\t\t\t\t<div class=\"elementor-column elementor-col-50 elementor-top-column elementor-element elementor-element-22ff333\" data-id=\"22ff333\" data-element_type=\"column\">\n\t\t\t<div class=\"elementor-widget-wrap elementor-element-populated\">\n\t\t\t\t\t\t<div class=\"elementor-element elementor-element-4453c54 elementor-widget elementor-widget-image\" data-id=\"4453c54\" data-element_type=\"widget\" data-widget_type=\"image.default\">\n\t\t\t\t<div class=\"elementor-widget-container\">\n\t\t\t\t\t\t\t\t\t\t\t\t\t<img decoding=\"async\" width=\"622\" height=\"406\" src=\"https:\/\/tfv.mx\/wp-content\/uploads\/2024\/08\/img-dib.jpg\" class=\"attachment-large size-large wp-image-570\" alt=\"\" srcset=\"https:\/\/tfv.mx\/wp-content\/uploads\/2024\/08\/img-dib.jpg 622w, https:\/\/tfv.mx\/wp-content\/uploads\/2024\/08\/img-dib-600x392.jpg 600w, https:\/\/tfv.mx\/wp-content\/uploads\/2024\/08\/img-dib-64x42.jpg 64w, https:\/\/tfv.mx\/wp-content\/uploads\/2024\/08\/img-dib-300x196.jpg 300w\" sizes=\"(max-width: 622px) 100vw, 622px\" \/>\t\t\t\t\t\t\t\t\t\t\t\t\t<\/div>\n\t\t\t\t<\/div>\n\t\t\t\t\t<\/div>\n\t\t<\/div>\n\t\t\t\t\t<\/div>\n\t\t<\/section>\n\t\t\t\t<section class=\"elementor-section elementor-top-section elementor-element elementor-element-07abef8 elementor-section-content-middle elementor-section-boxed elementor-section-height-default elementor-section-height-default\" data-id=\"07abef8\" data-element_type=\"section\">\n\t\t\t\t\t\t<div class=\"elementor-container elementor-column-gap-default\">\n\t\t\t\t\t<div class=\"elementor-column elementor-col-50 elementor-top-column elementor-element elementor-element-94f4bb2\" data-id=\"94f4bb2\" data-element_type=\"column\">\n\t\t\t<div class=\"elementor-widget-wrap elementor-element-populated\">\n\t\t\t\t\t\t<div class=\"elementor-element elementor-element-b0032e4 elementor-widget elementor-widget-image\" data-id=\"b0032e4\" data-element_type=\"widget\" data-widget_type=\"image.default\">\n\t\t\t\t<div class=\"elementor-widget-container\">\n\t\t\t\t\t\t\t\t\t\t\t\t\t<img decoding=\"async\" width=\"619\" height=\"406\" src=\"https:\/\/tfv.mx\/wp-content\/uploads\/2024\/08\/img-ren-mant.jpg\" class=\"attachment-large size-large wp-image-571\" alt=\"\" srcset=\"https:\/\/tfv.mx\/wp-content\/uploads\/2024\/08\/img-ren-mant.jpg 619w, https:\/\/tfv.mx\/wp-content\/uploads\/2024\/08\/img-ren-mant-600x394.jpg 600w, https:\/\/tfv.mx\/wp-content\/uploads\/2024\/08\/img-ren-mant-64x42.jpg 64w, https:\/\/tfv.mx\/wp-content\/uploads\/2024\/08\/img-ren-mant-300x197.jpg 300w\" sizes=\"(max-width: 619px) 100vw, 619px\" \/>\t\t\t\t\t\t\t\t\t\t\t\t\t<\/div>\n\t\t\t\t<\/div>\n\t\t\t\t\t<\/div>\n\t\t<\/div>\n\t\t\t\t<div class=\"elementor-column elementor-col-50 elementor-top-column elementor-element elementor-element-3d15703\" data-id=\"3d15703\" data-element_type=\"column\">\n\t\t\t<div class=\"elementor-widget-wrap elementor-element-populated\">\n\t\t\t\t\t\t<div class=\"elementor-element elementor-element-e688ced elementor-widget elementor-widget-heading\" data-id=\"e688ced\" data-element_type=\"widget\" data-widget_type=\"heading.default\">\n\t\t\t\t<div class=\"elementor-widget-container\">\n\t\t\t<h2 class=\"elementor-heading-title elementor-size-default\">Renovation and maintenance<\/h2>\t\t<\/div>\n\t\t\t\t<\/div>\n\t\t\t\t<div class=\"elementor-element elementor-element-5c29ef0 elementor-widget elementor-widget-text-editor\" data-id=\"5c29ef0\" data-element_type=\"widget\" data-widget_type=\"text-editor.default\">\n\t\t\t\t<div class=\"elementor-widget-container\">\n\t\t\t\t\t\t\t<p>TFV Mexico Operations has the equipment and personnel to perform work related to the maintenance, repair, and refurbishment of industrial valves (lapping, machining, grinding, etc.). Additionally, we have a testing bench to conduct hydrostatic and\/or pneumatic tests under criteria such as ASME B16.34, API 598, API 6D, among others, ensuring that the valve\u2019s tightness can be verified and guaranteed according to its design and the specified international standards. Furthermore, we have highly trained personnel to provide assembly\/disassembly services for accessories and\/or actuators, as well as the respective maintenance if required. <\/p>\n<p>We can also provide painting services that meet the most rigorous requirements, covering the systems requested by PEMEX, CFE, CENAGAS, ENI, etc.<\/p>\n<p>All of this is aimed at providing you with a comprehensive service, ranging from disassembly, repair, quality assurance, and assembly for different types of valves and applications (chemical, gas transportation, HF, etc.), through our multidisciplinary team with ISO 9001-2015 certification. <\/p>\n\t\t\t\t\t\t<\/div>\n\t\t\t\t<\/div>\n\t\t\t\t<div class=\"elementor-element elementor-element-e4f24cb elementor-widget elementor-widget-shortcode\" data-id=\"e4f24cb\" data-element_type=\"widget\" data-widget_type=\"shortcode.default\">\n\t\t\t\t<div class=\"elementor-widget-container\">\n\t\t\t\t\t<div class=\"elementor-shortcode\"> <div  data-pre_filled=\"Hola, me gustar\u00eda obtener m\u00e1s informaci\u00f3n sobre Renovaci\u00f3n y mantenimiento\" data-style=\"3\" style=\"display: inline; cursor: pointer; z-index: 99999999; \" class=\"ht-ctc-sc ht-ctc-sc-chat sc-style-3 ht-ctc-inline\">\r\n<img decoding=\"async\" class=\"img-icon ctc-analytics ctc_cta\" title=\"M\u00e1s informaci\u00f3n\" style=\"display: inline-block; width: 50px;  height: 50px;\" src=\"https:\/\/tfv.mx\/wp-content\/plugins\/click-to-chat-for-whatsapp\/.\/new\/inc\/assets\/img\/whatsapp-logo.svg\" alt=\"M\u00e1s informaci\u00f3n\">\r\n<\/div><\/div>\n\t\t\t\t<\/div>\n\t\t\t\t<\/div>\n\t\t\t\t\t<\/div>\n\t\t<\/div>\n\t\t\t\t\t<\/div>\n\t\t<\/section>\n\t\t\t\t<section class=\"elementor-section elementor-top-section elementor-element elementor-element-c80bb7b elementor-section-content-middle elementor-section-boxed elementor-section-height-default elementor-section-height-default\" data-id=\"c80bb7b\" data-element_type=\"section\">\n\t\t\t\t\t\t<div class=\"elementor-container elementor-column-gap-default\">\n\t\t\t\t\t<div class=\"elementor-column elementor-col-50 elementor-top-column elementor-element elementor-element-6c8c0ba\" data-id=\"6c8c0ba\" data-element_type=\"column\">\n\t\t\t<div class=\"elementor-widget-wrap elementor-element-populated\">\n\t\t\t\t\t\t<div class=\"elementor-element elementor-element-0705bb4 elementor-widget elementor-widget-heading\" data-id=\"0705bb4\" data-element_type=\"widget\" data-widget_type=\"heading.default\">\n\t\t\t\t<div class=\"elementor-widget-container\">\n\t\t\t<h2 class=\"elementor-heading-title elementor-size-default\">Measuring skids<\/h2>\t\t<\/div>\n\t\t\t\t<\/div>\n\t\t\t\t<div class=\"elementor-element elementor-element-60504a1 elementor-widget elementor-widget-text-editor\" data-id=\"60504a1\" data-element_type=\"widget\" data-widget_type=\"text-editor.default\">\n\t\t\t\t<div class=\"elementor-widget-container\">\n\t\t\t\t\t\t\t<p>Among the EXPERIENCE of TFV Mexico Operations is the manufacturing of Metering Skids. One of these projects was the ERMyC of the Samalayuca \u2013 S\u00e1sabe Gas Pipeline, located in Pitiquito, Sonora. This project included the scope of engineering, procurement, and construction, integrating structures, pipeline laying, equipment installation, quality assurance, etc., with the aim of delivering a high-quality, comprehensive final project. With the tests and commissioning requested by our client, we are proud to have contributed to such an important project as the Samalayuca-S\u00e1sabe gas pipeline.  <\/p>\n<p><strong>For this type of project, we have:<\/strong><\/p>\n<p>1 industrial facility in Toluca, in addition to the ability to carry out work in an additional facility in Tehuac\u00e1n, Puebla.<\/p>\n<\/p>\n<p><strong>Experienced personnel in:<\/strong><\/p>\n<ul>\n<li>Electrical installation.<\/li>\n<li>Instrumentation installation and testing.<\/li>\n<li>Manufacturing and installation of mechanical works.<\/li>\n<li>Installation of Civil Works.<\/li>\n<li>Installation of photovoltaic systems.<\/li>\n<li>Pipe Sections (spools).<\/li>\n<li>Low and medium voltage work.<\/li>\n<li>Cabinet integration (servers, control, distributed control, security).<\/li>\n<li>Commissioning, maintenance, diagnosis, uncertainty analysis, training of: Measuring stations (Hydrocarbons, Natural gas, reference measurement fluids, custody transfer)<\/li>\n<li>Flow meters, water cutoff<\/li>\n<li>Chromatographs.<\/li>\n<li>Analyzers (Oxygen, Fuels, PH, Conductivity, Turbidity, Humidity, H2S, etc.).<\/li>\n<li>Densimeters (Liquids and Gases).<\/li>\n<li>Probetas de Muestreo<\/li>\n<\/ul>\n\t\t\t\t\t\t<\/div>\n\t\t\t\t<\/div>\n\t\t\t\t<div class=\"elementor-element elementor-element-e50a290 elementor-widget elementor-widget-shortcode\" data-id=\"e50a290\" data-element_type=\"widget\" data-widget_type=\"shortcode.default\">\n\t\t\t\t<div class=\"elementor-widget-container\">\n\t\t\t\t\t<div class=\"elementor-shortcode\"> <div  data-pre_filled=\"Hola, me gustar\u00eda obtener m\u00e1s informaci\u00f3n sobre Patines de medici\u00f3n\" data-style=\"3\" style=\"display: inline; cursor: pointer; z-index: 99999999; \" class=\"ht-ctc-sc ht-ctc-sc-chat sc-style-3 ht-ctc-inline\">\r\n<img decoding=\"async\" class=\"img-icon ctc-analytics ctc_cta\" title=\"M\u00e1s informaci\u00f3n\" style=\"display: inline-block; width: 50px;  height: 50px;\" src=\"https:\/\/tfv.mx\/wp-content\/plugins\/click-to-chat-for-whatsapp\/.\/new\/inc\/assets\/img\/whatsapp-logo.svg\" alt=\"M\u00e1s informaci\u00f3n\">\r\n<\/div><\/div>\n\t\t\t\t<\/div>\n\t\t\t\t<\/div>\n\t\t\t\t\t<\/div>\n\t\t<\/div>\n\t\t\t\t<div class=\"elementor-column elementor-col-50 elementor-top-column elementor-element elementor-element-5278a1a\" data-id=\"5278a1a\" data-element_type=\"column\">\n\t\t\t<div class=\"elementor-widget-wrap elementor-element-populated\">\n\t\t\t\t\t\t<div class=\"elementor-element elementor-element-284ced3 elementor-widget elementor-widget-image\" data-id=\"284ced3\" data-element_type=\"widget\" data-widget_type=\"image.default\">\n\t\t\t\t<div class=\"elementor-widget-container\">\n\t\t\t\t\t\t\t\t\t\t\t\t\t<img loading=\"lazy\" decoding=\"async\" width=\"619\" height=\"407\" src=\"https:\/\/tfv.mx\/wp-content\/uploads\/2024\/08\/img-pat-med.jpg\" class=\"attachment-large size-large wp-image-572\" alt=\"\" srcset=\"https:\/\/tfv.mx\/wp-content\/uploads\/2024\/08\/img-pat-med.jpg 619w, https:\/\/tfv.mx\/wp-content\/uploads\/2024\/08\/img-pat-med-600x395.jpg 600w, https:\/\/tfv.mx\/wp-content\/uploads\/2024\/08\/img-pat-med-64x42.jpg 64w, https:\/\/tfv.mx\/wp-content\/uploads\/2024\/08\/img-pat-med-300x197.jpg 300w\" sizes=\"(max-width: 619px) 100vw, 619px\" \/>\t\t\t\t\t\t\t\t\t\t\t\t\t<\/div>\n\t\t\t\t<\/div>\n\t\t\t\t\t<\/div>\n\t\t<\/div>\n\t\t\t\t\t<\/div>\n\t\t<\/section>\n\t\t\t\t<\/div>\n\t\t","protected":false},"excerpt":{"rendered":"<p>Services With TFV Mexico, you will get innovative and reliable solutions that will boost the success of your projects. Certificate of materials In this section you can request the CMTR&#8217;S (Certificate of materials and hydrostatic tests) of our products for orders that we have supplied. This will be redirected to the department in charge. Drawings [&hellip;]<\/p>\n","protected":false},"author":1,"featured_media":0,"parent":0,"menu_order":0,"comment_status":"closed","ping_status":"closed","template":"elementor_header_footer","meta":{"_acf_changed":false,"footnotes":""},"class_list":["post-5550","page","type-page","status-publish","hentry"],"acf":[],"yoast_head":"<!-- This site is optimized with the Yoast SEO plugin v23.4 - https:\/\/yoast.com\/wordpress\/plugins\/seo\/ -->\n<title>Services | TFV M\u00e9xico<\/title>\n<meta name=\"robots\" content=\"noindex, follow, max-snippet:-1, max-image-preview:large, max-video-preview:-1\" \/>\n<meta property=\"og:locale\" content=\"en_US\" \/>\n<meta property=\"og:type\" content=\"article\" \/>\n<meta property=\"og:title\" content=\"Services | TFV M\u00e9xico\" \/>\n<meta property=\"og:description\" content=\"Services With TFV Mexico, you will get innovative and reliable solutions that will boost the success of your projects. Certificate of materials In this section you can request the CMTR&#8217;S (Certificate of materials and hydrostatic tests) of our products for orders that we have supplied. This will be redirected to the department in charge. Drawings [&hellip;]\" \/>\n<meta property=\"og:url\" content=\"https:\/\/tfv.mx\/en\/services\/\" \/>\n<meta property=\"og:site_name\" content=\"TFV M\u00e9xico\" \/>\n<meta property=\"article:modified_time\" content=\"2024-10-14T17:26:20+00:00\" \/>\n<meta property=\"og:image\" content=\"https:\/\/tfv.mx\/wp-content\/uploads\/2024\/08\/img-certi-mat.jpg\" \/>\n<meta name=\"twitter:card\" content=\"summary_large_image\" \/>\n<meta name=\"twitter:label1\" content=\"Est. reading time\" \/>\n\t<meta name=\"twitter:data1\" content=\"3 minutes\" \/>\n<script type=\"application\/ld+json\" class=\"yoast-schema-graph\">{\"@context\":\"https:\/\/schema.org\",\"@graph\":[{\"@type\":\"WebPage\",\"@id\":\"https:\/\/tfv.mx\/en\/services\/\",\"url\":\"https:\/\/tfv.mx\/en\/services\/\",\"name\":\"Services | TFV M\u00e9xico\",\"isPartOf\":{\"@id\":\"https:\/\/tfv.mx\/en\/#website\"},\"primaryImageOfPage\":{\"@id\":\"https:\/\/tfv.mx\/en\/services\/#primaryimage\"},\"image\":{\"@id\":\"https:\/\/tfv.mx\/en\/services\/#primaryimage\"},\"thumbnailUrl\":\"https:\/\/tfv.mx\/wp-content\/uploads\/2024\/08\/img-certi-mat.jpg\",\"datePublished\":\"2024-08-24T06:59:35+00:00\",\"dateModified\":\"2024-10-14T17:26:20+00:00\",\"breadcrumb\":{\"@id\":\"https:\/\/tfv.mx\/en\/services\/#breadcrumb\"},\"inLanguage\":\"en-US\",\"potentialAction\":[{\"@type\":\"ReadAction\",\"target\":[\"https:\/\/tfv.mx\/en\/services\/\"]}]},{\"@type\":\"ImageObject\",\"inLanguage\":\"en-US\",\"@id\":\"https:\/\/tfv.mx\/en\/services\/#primaryimage\",\"url\":\"https:\/\/tfv.mx\/wp-content\/uploads\/2024\/08\/img-certi-mat.jpg\",\"contentUrl\":\"https:\/\/tfv.mx\/wp-content\/uploads\/2024\/08\/img-certi-mat.jpg\"},{\"@type\":\"BreadcrumbList\",\"@id\":\"https:\/\/tfv.mx\/en\/services\/#breadcrumb\",\"itemListElement\":[{\"@type\":\"ListItem\",\"position\":1,\"name\":\"Portada\",\"item\":\"https:\/\/tfv.mx\/en\/\"},{\"@type\":\"ListItem\",\"position\":2,\"name\":\"Services\"}]},{\"@type\":\"WebSite\",\"@id\":\"https:\/\/tfv.mx\/en\/#website\",\"url\":\"https:\/\/tfv.mx\/en\/\",\"name\":\"TFV M\u00e9xico\",\"description\":\"\",\"potentialAction\":[{\"@type\":\"SearchAction\",\"target\":{\"@type\":\"EntryPoint\",\"urlTemplate\":\"https:\/\/tfv.mx\/en\/?s={search_term_string}\"},\"query-input\":{\"@type\":\"PropertyValueSpecification\",\"valueRequired\":true,\"valueName\":\"search_term_string\"}}],\"inLanguage\":\"en-US\"}]}<\/script>\n<!-- \/ Yoast SEO plugin. -->","yoast_head_json":{"title":"Services | TFV M\u00e9xico","robots":{"index":"noindex","follow":"follow","max-snippet":"max-snippet:-1","max-image-preview":"max-image-preview:large","max-video-preview":"max-video-preview:-1"},"og_locale":"en_US","og_type":"article","og_title":"Services | TFV M\u00e9xico","og_description":"Services With TFV Mexico, you will get innovative and reliable solutions that will boost the success of your projects. Certificate of materials In this section you can request the CMTR&#8217;S (Certificate of materials and hydrostatic tests) of our products for orders that we have supplied. This will be redirected to the department in charge. Drawings [&hellip;]","og_url":"https:\/\/tfv.mx\/en\/services\/","og_site_name":"TFV M\u00e9xico","article_modified_time":"2024-10-14T17:26:20+00:00","og_image":[{"url":"https:\/\/tfv.mx\/wp-content\/uploads\/2024\/08\/img-certi-mat.jpg"}],"twitter_card":"summary_large_image","twitter_misc":{"Est. reading time":"3 minutes"},"schema":{"@context":"https:\/\/schema.org","@graph":[{"@type":"WebPage","@id":"https:\/\/tfv.mx\/en\/services\/","url":"https:\/\/tfv.mx\/en\/services\/","name":"Services | TFV M\u00e9xico","isPartOf":{"@id":"https:\/\/tfv.mx\/en\/#website"},"primaryImageOfPage":{"@id":"https:\/\/tfv.mx\/en\/services\/#primaryimage"},"image":{"@id":"https:\/\/tfv.mx\/en\/services\/#primaryimage"},"thumbnailUrl":"https:\/\/tfv.mx\/wp-content\/uploads\/2024\/08\/img-certi-mat.jpg","datePublished":"2024-08-24T06:59:35+00:00","dateModified":"2024-10-14T17:26:20+00:00","breadcrumb":{"@id":"https:\/\/tfv.mx\/en\/services\/#breadcrumb"},"inLanguage":"en-US","potentialAction":[{"@type":"ReadAction","target":["https:\/\/tfv.mx\/en\/services\/"]}]},{"@type":"ImageObject","inLanguage":"en-US","@id":"https:\/\/tfv.mx\/en\/services\/#primaryimage","url":"https:\/\/tfv.mx\/wp-content\/uploads\/2024\/08\/img-certi-mat.jpg","contentUrl":"https:\/\/tfv.mx\/wp-content\/uploads\/2024\/08\/img-certi-mat.jpg"},{"@type":"BreadcrumbList","@id":"https:\/\/tfv.mx\/en\/services\/#breadcrumb","itemListElement":[{"@type":"ListItem","position":1,"name":"Portada","item":"https:\/\/tfv.mx\/en\/"},{"@type":"ListItem","position":2,"name":"Services"}]},{"@type":"WebSite","@id":"https:\/\/tfv.mx\/en\/#website","url":"https:\/\/tfv.mx\/en\/","name":"TFV M\u00e9xico","description":"","potentialAction":[{"@type":"SearchAction","target":{"@type":"EntryPoint","urlTemplate":"https:\/\/tfv.mx\/en\/?s={search_term_string}"},"query-input":{"@type":"PropertyValueSpecification","valueRequired":true,"valueName":"search_term_string"}}],"inLanguage":"en-US"}]}},"_links":{"self":[{"href":"https:\/\/tfv.mx\/en\/wp-json\/wp\/v2\/pages\/5550","targetHints":{"allow":["GET"]}}],"collection":[{"href":"https:\/\/tfv.mx\/en\/wp-json\/wp\/v2\/pages"}],"about":[{"href":"https:\/\/tfv.mx\/en\/wp-json\/wp\/v2\/types\/page"}],"author":[{"embeddable":true,"href":"https:\/\/tfv.mx\/en\/wp-json\/wp\/v2\/users\/1"}],"replies":[{"embeddable":true,"href":"https:\/\/tfv.mx\/en\/wp-json\/wp\/v2\/comments?post=5550"}],"version-history":[{"count":3,"href":"https:\/\/tfv.mx\/en\/wp-json\/wp\/v2\/pages\/5550\/revisions"}],"predecessor-version":[{"id":6141,"href":"https:\/\/tfv.mx\/en\/wp-json\/wp\/v2\/pages\/5550\/revisions\/6141"}],"wp:attachment":[{"href":"https:\/\/tfv.mx\/en\/wp-json\/wp\/v2\/media?parent=5550"}],"curies":[{"name":"wp","href":"https:\/\/api.w.org\/{rel}","templated":true}]}}