{"id":5548,"date":"2024-08-24T00:59:35","date_gmt":"2024-08-24T06:59:35","guid":{"rendered":"https:\/\/tfv.mx\/services\/"},"modified":"2024-10-14T11:26:23","modified_gmt":"2024-10-14T17:26:23","slug":"services","status":"publish","type":"page","link":"https:\/\/tfv.mx\/fr\/services\/","title":{"rendered":"Services"},"content":{"rendered":"\t\t<div data-elementor-type=\"wp-page\" data-elementor-id=\"5548\" class=\"elementor elementor-5548 elementor-562\" data-elementor-post-type=\"page\">\n\t\t\t\t\t\t<section class=\"elementor-section elementor-top-section elementor-element elementor-element-61617ad elementor-section-boxed elementor-section-height-default elementor-section-height-default\" data-id=\"61617ad\" data-element_type=\"section\" data-settings=\"{&quot;background_background&quot;:&quot;classic&quot;}\">\n\t\t\t\t\t\t<div class=\"elementor-container elementor-column-gap-default\">\n\t\t\t\t\t<div class=\"elementor-column elementor-col-50 elementor-top-column elementor-element elementor-element-7354293\" data-id=\"7354293\" data-element_type=\"column\">\n\t\t\t<div class=\"elementor-widget-wrap elementor-element-populated\">\n\t\t\t\t\t\t<div class=\"elementor-element elementor-element-0eec483 elementor-widget elementor-widget-heading\" data-id=\"0eec483\" data-element_type=\"widget\" data-widget_type=\"heading.default\">\n\t\t\t\t<div class=\"elementor-widget-container\">\n\t\t\t<h1 class=\"elementor-heading-title elementor-size-default\">Services<\/h1>\t\t<\/div>\n\t\t\t\t<\/div>\n\t\t\t\t<div class=\"elementor-element elementor-element-2e0f0aa elementor-widget elementor-widget-text-editor\" data-id=\"2e0f0aa\" data-element_type=\"widget\" data-widget_type=\"text-editor.default\">\n\t\t\t\t<div class=\"elementor-widget-container\">\n\t\t\t\t\t\t\t<p>Avec TFV Mexico, vous obtiendrez des solutions innovantes et fiables qui favoriseront la r\u00e9ussite de vos projets.<\/p>\n\t\t\t\t\t\t<\/div>\n\t\t\t\t<\/div>\n\t\t\t\t\t<\/div>\n\t\t<\/div>\n\t\t\t\t<div class=\"elementor-column elementor-col-50 elementor-top-column elementor-element elementor-element-b1d58d2\" data-id=\"b1d58d2\" data-element_type=\"column\">\n\t\t\t<div class=\"elementor-widget-wrap\">\n\t\t\t\t\t\t\t<\/div>\n\t\t<\/div>\n\t\t\t\t\t<\/div>\n\t\t<\/section>\n\t\t\t\t<section class=\"elementor-section elementor-top-section elementor-element elementor-element-fb6d531 elementor-section-content-middle elementor-section-boxed elementor-section-height-default elementor-section-height-default\" data-id=\"fb6d531\" data-element_type=\"section\">\n\t\t\t\t\t\t<div class=\"elementor-container elementor-column-gap-default\">\n\t\t\t\t\t<div class=\"elementor-column elementor-col-50 elementor-top-column elementor-element elementor-element-4a87430\" data-id=\"4a87430\" data-element_type=\"column\">\n\t\t\t<div class=\"elementor-widget-wrap elementor-element-populated\">\n\t\t\t\t\t\t<div class=\"elementor-element elementor-element-f127432 elementor-widget elementor-widget-image\" data-id=\"f127432\" data-element_type=\"widget\" data-widget_type=\"image.default\">\n\t\t\t\t<div class=\"elementor-widget-container\">\n\t\t\t\t\t\t\t\t\t\t\t\t\t<img fetchpriority=\"high\" decoding=\"async\" width=\"619\" height=\"406\" src=\"https:\/\/tfv.mx\/wp-content\/uploads\/2024\/08\/img-certi-mat.jpg\" class=\"attachment-large size-large wp-image-566\" alt=\"\" srcset=\"https:\/\/tfv.mx\/wp-content\/uploads\/2024\/08\/img-certi-mat.jpg 619w, https:\/\/tfv.mx\/wp-content\/uploads\/2024\/08\/img-certi-mat-600x394.jpg 600w, https:\/\/tfv.mx\/wp-content\/uploads\/2024\/08\/img-certi-mat-64x42.jpg 64w, https:\/\/tfv.mx\/wp-content\/uploads\/2024\/08\/img-certi-mat-300x197.jpg 300w\" sizes=\"(max-width: 619px) 100vw, 619px\" \/>\t\t\t\t\t\t\t\t\t\t\t\t\t<\/div>\n\t\t\t\t<\/div>\n\t\t\t\t\t<\/div>\n\t\t<\/div>\n\t\t\t\t<div class=\"elementor-column elementor-col-50 elementor-top-column elementor-element elementor-element-5c2d319\" data-id=\"5c2d319\" data-element_type=\"column\">\n\t\t\t<div class=\"elementor-widget-wrap elementor-element-populated\">\n\t\t\t\t\t\t<div class=\"elementor-element elementor-element-4a28c1c elementor-widget elementor-widget-heading\" data-id=\"4a28c1c\" data-element_type=\"widget\" data-widget_type=\"heading.default\">\n\t\t\t\t<div class=\"elementor-widget-container\">\n\t\t\t<h2 class=\"elementor-heading-title elementor-size-default\">Certificat de mat\u00e9riaux<\/h2>\t\t<\/div>\n\t\t\t\t<\/div>\n\t\t\t\t<div class=\"elementor-element elementor-element-2f61645 elementor-widget elementor-widget-text-editor\" data-id=\"2f61645\" data-element_type=\"widget\" data-widget_type=\"text-editor.default\">\n\t\t\t\t<div class=\"elementor-widget-container\">\n\t\t\t\t\t\t\t<p>Dans cette section, vous pourrez demander le CMTR&rsquo;S (Certificat de mat\u00e9riaux et essais hydrostatiques) de nos produits pour les commandes que nous avons fournies. Celui-ci sera redirig\u00e9 vers le service en charge.<\/p>\n\t\t\t\t\t\t<\/div>\n\t\t\t\t<\/div>\n\t\t\t\t<div class=\"elementor-element elementor-element-84defb1 elementor-widget elementor-widget-shortcode\" data-id=\"84defb1\" data-element_type=\"widget\" data-widget_type=\"shortcode.default\">\n\t\t\t\t<div class=\"elementor-widget-container\">\n\t\t\t\t\t<div class=\"elementor-shortcode\"> <div  data-pre_filled=\"Hola, me gustar\u00eda obtener m\u00e1s informaci\u00f3n sobre Certificado de Materiales\" data-style=\"3\" style=\"display: inline; cursor: pointer; z-index: 99999999; \" class=\"ht-ctc-sc ht-ctc-sc-chat sc-style-3 ht-ctc-inline\">\r\n<img decoding=\"async\" class=\"img-icon ctc-analytics ctc_cta\" title=\"M\u00e1s informaci\u00f3n\" style=\"display: inline-block; width: 50px;  height: 50px;\" src=\"https:\/\/tfv.mx\/wp-content\/plugins\/click-to-chat-for-whatsapp\/.\/new\/inc\/assets\/img\/whatsapp-logo.svg\" alt=\"M\u00e1s informaci\u00f3n\">\r\n<\/div><\/div>\n\t\t\t\t<\/div>\n\t\t\t\t<\/div>\n\t\t\t\t\t<\/div>\n\t\t<\/div>\n\t\t\t\t\t<\/div>\n\t\t<\/section>\n\t\t\t\t<section class=\"elementor-section elementor-top-section elementor-element elementor-element-c66a9b4 elementor-section-content-middle elementor-section-boxed elementor-section-height-default elementor-section-height-default\" data-id=\"c66a9b4\" data-element_type=\"section\">\n\t\t\t\t\t\t<div class=\"elementor-container elementor-column-gap-default\">\n\t\t\t\t\t<div class=\"elementor-column elementor-col-50 elementor-top-column elementor-element elementor-element-d5227d6\" data-id=\"d5227d6\" data-element_type=\"column\">\n\t\t\t<div class=\"elementor-widget-wrap elementor-element-populated\">\n\t\t\t\t\t\t<div class=\"elementor-element elementor-element-e72272e elementor-widget elementor-widget-heading\" data-id=\"e72272e\" data-element_type=\"widget\" data-widget_type=\"heading.default\">\n\t\t\t\t<div class=\"elementor-widget-container\">\n\t\t\t<h2 class=\"elementor-heading-title elementor-size-default\">Dessins<\/h2>\t\t<\/div>\n\t\t\t\t<\/div>\n\t\t\t\t<div class=\"elementor-element elementor-element-0148ce6 elementor-widget elementor-widget-text-editor\" data-id=\"0148ce6\" data-element_type=\"widget\" data-widget_type=\"text-editor.default\">\n\t\t\t\t<div class=\"elementor-widget-container\">\n\t\t\t\t\t\t\t<p>Dans cette section, vous pourrez demander des dessins de nos produits pour une offre ou des commandes que nous avons fournies. Celles-ci seront redirig\u00e9es vers le service en charge.<\/p>\n\t\t\t\t\t\t<\/div>\n\t\t\t\t<\/div>\n\t\t\t\t<div class=\"elementor-element elementor-element-765e232 elementor-widget elementor-widget-shortcode\" data-id=\"765e232\" data-element_type=\"widget\" data-widget_type=\"shortcode.default\">\n\t\t\t\t<div class=\"elementor-widget-container\">\n\t\t\t\t\t<div class=\"elementor-shortcode\"> <div  data-pre_filled=\"Hola, me gustar\u00eda obtener m\u00e1s informaci\u00f3n sobre Dibujos\" data-style=\"3\" style=\"display: inline; cursor: pointer; z-index: 99999999; \" class=\"ht-ctc-sc ht-ctc-sc-chat sc-style-3 ht-ctc-inline\">\r\n<img decoding=\"async\" class=\"img-icon ctc-analytics ctc_cta\" title=\"M\u00e1s informaci\u00f3n\" style=\"display: inline-block; width: 50px;  height: 50px;\" src=\"https:\/\/tfv.mx\/wp-content\/plugins\/click-to-chat-for-whatsapp\/.\/new\/inc\/assets\/img\/whatsapp-logo.svg\" alt=\"M\u00e1s informaci\u00f3n\">\r\n<\/div><\/div>\n\t\t\t\t<\/div>\n\t\t\t\t<\/div>\n\t\t\t\t\t<\/div>\n\t\t<\/div>\n\t\t\t\t<div class=\"elementor-column elementor-col-50 elementor-top-column elementor-element elementor-element-22ff333\" data-id=\"22ff333\" data-element_type=\"column\">\n\t\t\t<div class=\"elementor-widget-wrap elementor-element-populated\">\n\t\t\t\t\t\t<div class=\"elementor-element elementor-element-4453c54 elementor-widget elementor-widget-image\" data-id=\"4453c54\" data-element_type=\"widget\" data-widget_type=\"image.default\">\n\t\t\t\t<div class=\"elementor-widget-container\">\n\t\t\t\t\t\t\t\t\t\t\t\t\t<img decoding=\"async\" width=\"622\" height=\"406\" src=\"https:\/\/tfv.mx\/wp-content\/uploads\/2024\/08\/img-dib.jpg\" class=\"attachment-large size-large wp-image-570\" alt=\"\" srcset=\"https:\/\/tfv.mx\/wp-content\/uploads\/2024\/08\/img-dib.jpg 622w, https:\/\/tfv.mx\/wp-content\/uploads\/2024\/08\/img-dib-600x392.jpg 600w, https:\/\/tfv.mx\/wp-content\/uploads\/2024\/08\/img-dib-64x42.jpg 64w, https:\/\/tfv.mx\/wp-content\/uploads\/2024\/08\/img-dib-300x196.jpg 300w\" sizes=\"(max-width: 622px) 100vw, 622px\" \/>\t\t\t\t\t\t\t\t\t\t\t\t\t<\/div>\n\t\t\t\t<\/div>\n\t\t\t\t\t<\/div>\n\t\t<\/div>\n\t\t\t\t\t<\/div>\n\t\t<\/section>\n\t\t\t\t<section class=\"elementor-section elementor-top-section elementor-element elementor-element-07abef8 elementor-section-content-middle elementor-section-boxed elementor-section-height-default elementor-section-height-default\" data-id=\"07abef8\" data-element_type=\"section\">\n\t\t\t\t\t\t<div class=\"elementor-container elementor-column-gap-default\">\n\t\t\t\t\t<div class=\"elementor-column elementor-col-50 elementor-top-column elementor-element elementor-element-94f4bb2\" data-id=\"94f4bb2\" data-element_type=\"column\">\n\t\t\t<div class=\"elementor-widget-wrap elementor-element-populated\">\n\t\t\t\t\t\t<div class=\"elementor-element elementor-element-b0032e4 elementor-widget elementor-widget-image\" data-id=\"b0032e4\" data-element_type=\"widget\" data-widget_type=\"image.default\">\n\t\t\t\t<div class=\"elementor-widget-container\">\n\t\t\t\t\t\t\t\t\t\t\t\t\t<img decoding=\"async\" width=\"619\" height=\"406\" src=\"https:\/\/tfv.mx\/wp-content\/uploads\/2024\/08\/img-ren-mant.jpg\" class=\"attachment-large size-large wp-image-571\" alt=\"\" srcset=\"https:\/\/tfv.mx\/wp-content\/uploads\/2024\/08\/img-ren-mant.jpg 619w, https:\/\/tfv.mx\/wp-content\/uploads\/2024\/08\/img-ren-mant-600x394.jpg 600w, https:\/\/tfv.mx\/wp-content\/uploads\/2024\/08\/img-ren-mant-64x42.jpg 64w, https:\/\/tfv.mx\/wp-content\/uploads\/2024\/08\/img-ren-mant-300x197.jpg 300w\" sizes=\"(max-width: 619px) 100vw, 619px\" \/>\t\t\t\t\t\t\t\t\t\t\t\t\t<\/div>\n\t\t\t\t<\/div>\n\t\t\t\t\t<\/div>\n\t\t<\/div>\n\t\t\t\t<div class=\"elementor-column elementor-col-50 elementor-top-column elementor-element elementor-element-3d15703\" data-id=\"3d15703\" data-element_type=\"column\">\n\t\t\t<div class=\"elementor-widget-wrap elementor-element-populated\">\n\t\t\t\t\t\t<div class=\"elementor-element elementor-element-e688ced elementor-widget elementor-widget-heading\" data-id=\"e688ced\" data-element_type=\"widget\" data-widget_type=\"heading.default\">\n\t\t\t\t<div class=\"elementor-widget-container\">\n\t\t\t<h2 class=\"elementor-heading-title elementor-size-default\">R\u00e9novation et entretien<\/h2>\t\t<\/div>\n\t\t\t\t<\/div>\n\t\t\t\t<div class=\"elementor-element elementor-element-5c29ef0 elementor-widget elementor-widget-text-editor\" data-id=\"5c29ef0\" data-element_type=\"widget\" data-widget_type=\"text-editor.default\">\n\t\t\t\t<div class=\"elementor-widget-container\">\n\t\t\t\t\t\t\t<p>TFV Mexico Operations dispose d&rsquo;\u00e9quipements et de personnel pour effectuer les travaux li\u00e9s \u00e0 l&rsquo;entretien, \u00e0 la r\u00e9paration et au renouvellement des vannes industrielles (rodage, usinage, meulage, etc.). De m\u00eame, nous disposons d&rsquo;un banc d&rsquo;essai pour effectuer des tests hydrostatiques et\/ou pneumatiques selon des crit\u00e8res tels que ASME B16.34, API 598, API 6D, entre autres, afin de pouvoir v\u00e9rifier et assurer en cons\u00e9quence l&rsquo;\u00e9tanch\u00e9it\u00e9 de la vanne en question. selon sa conception et ce qui est indiqu\u00e9 dans les normes internationales, nous disposons \u00e9galement d&rsquo;un personnel hautement qualifi\u00e9 pour effectuer des services de montage\/d\u00e9montage d&rsquo;accessoires et\/ou d&rsquo;actionneurs ainsi que leur maintenance respective si n\u00e9cessaire. <\/p>\n<p>Nous pouvons \u00e9galement r\u00e9aliser des prestations de peinture r\u00e9pondant aux exigences les plus rigoureuses, couvrant les syst\u00e8mes demand\u00e9s par PEMEX, CFE, CENAGAS, ENI, etc.<\/p>\n<p>Tout cela afin de pouvoir vous fournir un service complet pouvant aller du d\u00e9montage, \u00e0 la r\u00e9paration. assurance qualit\u00e9, assemblage dans diff\u00e9rents types de vannes et applications (chimie, transport de gaz, HF, etc.), gr\u00e2ce \u00e0 notre \u00e9quipe multidisciplinaire certifi\u00e9e ISO 9001-2015. <\/p>\n\t\t\t\t\t\t<\/div>\n\t\t\t\t<\/div>\n\t\t\t\t<div class=\"elementor-element elementor-element-e4f24cb elementor-widget elementor-widget-shortcode\" data-id=\"e4f24cb\" data-element_type=\"widget\" data-widget_type=\"shortcode.default\">\n\t\t\t\t<div class=\"elementor-widget-container\">\n\t\t\t\t\t<div class=\"elementor-shortcode\"> <div  data-pre_filled=\"Hola, me gustar\u00eda obtener m\u00e1s informaci\u00f3n sobre Renovaci\u00f3n y mantenimiento\" data-style=\"3\" style=\"display: inline; cursor: pointer; z-index: 99999999; \" class=\"ht-ctc-sc ht-ctc-sc-chat sc-style-3 ht-ctc-inline\">\r\n<img decoding=\"async\" class=\"img-icon ctc-analytics ctc_cta\" title=\"M\u00e1s informaci\u00f3n\" style=\"display: inline-block; width: 50px;  height: 50px;\" src=\"https:\/\/tfv.mx\/wp-content\/plugins\/click-to-chat-for-whatsapp\/.\/new\/inc\/assets\/img\/whatsapp-logo.svg\" alt=\"M\u00e1s informaci\u00f3n\">\r\n<\/div><\/div>\n\t\t\t\t<\/div>\n\t\t\t\t<\/div>\n\t\t\t\t\t<\/div>\n\t\t<\/div>\n\t\t\t\t\t<\/div>\n\t\t<\/section>\n\t\t\t\t<section class=\"elementor-section elementor-top-section elementor-element elementor-element-c80bb7b elementor-section-content-middle elementor-section-boxed elementor-section-height-default elementor-section-height-default\" data-id=\"c80bb7b\" data-element_type=\"section\">\n\t\t\t\t\t\t<div class=\"elementor-container elementor-column-gap-default\">\n\t\t\t\t\t<div class=\"elementor-column elementor-col-50 elementor-top-column elementor-element elementor-element-6c8c0ba\" data-id=\"6c8c0ba\" data-element_type=\"column\">\n\t\t\t<div class=\"elementor-widget-wrap elementor-element-populated\">\n\t\t\t\t\t\t<div class=\"elementor-element elementor-element-0705bb4 elementor-widget elementor-widget-heading\" data-id=\"0705bb4\" data-element_type=\"widget\" data-widget_type=\"heading.default\">\n\t\t\t\t<div class=\"elementor-widget-container\">\n\t\t\t<h2 class=\"elementor-heading-title elementor-size-default\">Patins de mesure<\/h2>\t\t<\/div>\n\t\t\t\t<\/div>\n\t\t\t\t<div class=\"elementor-element elementor-element-60504a1 elementor-widget elementor-widget-text-editor\" data-id=\"60504a1\" data-element_type=\"widget\" data-widget_type=\"text-editor.default\">\n\t\t\t\t<div class=\"elementor-widget-container\">\n\t\t\t\t\t\t\t<p>Dans l&rsquo;EXP\u00c9RIENCE des op\u00e9rations de TFV Mexique, se trouve la fabrication de patins de mesure. L&rsquo;un de ces projets \u00e9tait l&rsquo;ERMyC du gazoduc Samalayuca \u2013 S\u00e1sabe, situ\u00e9 \u00e0 Pitiquito, Sonora. Ce projet comprenait la port\u00e9e de l&rsquo;ing\u00e9nierie, de l&rsquo;approvisionnement et de la construction ; structures d&rsquo;int\u00e9gration, pose de canalisations, installation d&rsquo;\u00e9quipements, assurance qualit\u00e9, etc. Afin de livrer un projet final complet de haute qualit\u00e9, avec les tests et la mise en service demand\u00e9s par notre client, c&rsquo;est une fiert\u00e9 d&rsquo;avoir collabor\u00e9 \u00e0 un projet aussi important que le gazoduc Salamayuca Sasabe.  <\/p>\n<p><strong>Pour ce type de projets nous avons:<\/strong><\/p>\n<p>1 entrep\u00f4t industriel \u00e0 Toluca en plus de pouvoir r\u00e9aliser des travaux sur 1 entrep\u00f4t suppl\u00e9mentaire \u00e0 Tehuac\u00e1n Puebla.<\/p>\n<\/p>\n<p><strong>Personnel ayant de l&rsquo;exp\u00e9rience dans:<\/strong><\/p>\n<ul>\n<li>Installation de travaux \u00e9lectrique<\/li>\n<li>Installation d&rsquo;instrumentation et de tests.<\/li>\n<li>Fabrication et installation d&rsquo;ouvrages m\u00e9caniques<\/li>\n<li>Installation de travaux de g\u00e9nie civil.<\/li>\n<li>Installation de syst\u00e8mes photovolta\u00efques.<\/li>\n<li>Sections de tuyaux (bobines).<\/li>\n<li>Travaux basse et moyenne tension.<\/li>\n<li>Int\u00e9gration d&rsquo;armoires (serveurs, contr\u00f4le, contr\u00f4le distribu\u00e9, s\u00e9curit\u00e9).<\/li>\n<li>Mise en service, maintenance, diagnostic, analyse d&rsquo;incertitude, formation de : Stations de mesure (Hydrocarbures, Gaz Naturel, fluides de mesure de r\u00e9f\u00e9rence, transactions commerciales)<\/li>\n<li>D\u00e9bitm\u00e8tres, coupure d&rsquo;eau<\/li>\n<li>Chromatographes.<\/li>\n<li>Analyseurs (Oxyg\u00e8ne, Carburants, PH, Conductivit\u00e9, Turbidit\u00e9, Humidit\u00e9, H2S, etc.).<\/li>\n<li>Densim\u00e8tres (Liquides et Gaz).<\/li>\n<li>Tubes \u00e0 essai d&rsquo;\u00e9chantillonnage<\/li>\n<\/ul>\n\t\t\t\t\t\t<\/div>\n\t\t\t\t<\/div>\n\t\t\t\t<div class=\"elementor-element elementor-element-e50a290 elementor-widget elementor-widget-shortcode\" data-id=\"e50a290\" data-element_type=\"widget\" data-widget_type=\"shortcode.default\">\n\t\t\t\t<div class=\"elementor-widget-container\">\n\t\t\t\t\t<div class=\"elementor-shortcode\"> <div  data-pre_filled=\"Hola, me gustar\u00eda obtener m\u00e1s informaci\u00f3n sobre Patines de medici\u00f3n\" data-style=\"3\" style=\"display: inline; cursor: pointer; z-index: 99999999; \" class=\"ht-ctc-sc ht-ctc-sc-chat sc-style-3 ht-ctc-inline\">\r\n<img decoding=\"async\" class=\"img-icon ctc-analytics ctc_cta\" title=\"M\u00e1s informaci\u00f3n\" style=\"display: inline-block; width: 50px;  height: 50px;\" src=\"https:\/\/tfv.mx\/wp-content\/plugins\/click-to-chat-for-whatsapp\/.\/new\/inc\/assets\/img\/whatsapp-logo.svg\" alt=\"M\u00e1s informaci\u00f3n\">\r\n<\/div><\/div>\n\t\t\t\t<\/div>\n\t\t\t\t<\/div>\n\t\t\t\t\t<\/div>\n\t\t<\/div>\n\t\t\t\t<div class=\"elementor-column elementor-col-50 elementor-top-column elementor-element elementor-element-5278a1a\" data-id=\"5278a1a\" data-element_type=\"column\">\n\t\t\t<div class=\"elementor-widget-wrap elementor-element-populated\">\n\t\t\t\t\t\t<div class=\"elementor-element elementor-element-284ced3 elementor-widget elementor-widget-image\" data-id=\"284ced3\" data-element_type=\"widget\" data-widget_type=\"image.default\">\n\t\t\t\t<div class=\"elementor-widget-container\">\n\t\t\t\t\t\t\t\t\t\t\t\t\t<img loading=\"lazy\" decoding=\"async\" width=\"619\" height=\"407\" src=\"https:\/\/tfv.mx\/wp-content\/uploads\/2024\/08\/img-pat-med.jpg\" class=\"attachment-large size-large wp-image-572\" alt=\"\" srcset=\"https:\/\/tfv.mx\/wp-content\/uploads\/2024\/08\/img-pat-med.jpg 619w, https:\/\/tfv.mx\/wp-content\/uploads\/2024\/08\/img-pat-med-600x395.jpg 600w, https:\/\/tfv.mx\/wp-content\/uploads\/2024\/08\/img-pat-med-64x42.jpg 64w, https:\/\/tfv.mx\/wp-content\/uploads\/2024\/08\/img-pat-med-300x197.jpg 300w\" sizes=\"(max-width: 619px) 100vw, 619px\" \/>\t\t\t\t\t\t\t\t\t\t\t\t\t<\/div>\n\t\t\t\t<\/div>\n\t\t\t\t\t<\/div>\n\t\t<\/div>\n\t\t\t\t\t<\/div>\n\t\t<\/section>\n\t\t\t\t<\/div>\n\t\t","protected":false},"excerpt":{"rendered":"<p>Services Avec TFV Mexico, vous obtiendrez des solutions innovantes et fiables qui favoriseront la r\u00e9ussite de vos projets. Certificat de mat\u00e9riaux Dans cette section, vous pourrez demander le CMTR&rsquo;S (Certificat de mat\u00e9riaux et essais hydrostatiques) de nos produits pour les commandes que nous avons fournies. Celui-ci sera redirig\u00e9 vers le service en charge. Dessins Dans [&hellip;]<\/p>\n","protected":false},"author":1,"featured_media":0,"parent":0,"menu_order":0,"comment_status":"closed","ping_status":"closed","template":"elementor_header_footer","meta":{"_acf_changed":false,"footnotes":""},"class_list":["post-5548","page","type-page","status-publish","hentry"],"acf":[],"yoast_head":"<!-- This site is optimized with the Yoast SEO plugin v23.4 - https:\/\/yoast.com\/wordpress\/plugins\/seo\/ -->\n<title>Services | TFV M\u00e9xico<\/title>\n<meta name=\"robots\" content=\"noindex, follow, max-snippet:-1, max-image-preview:large, max-video-preview:-1\" \/>\n<meta property=\"og:locale\" content=\"fr_FR\" \/>\n<meta property=\"og:type\" content=\"article\" \/>\n<meta property=\"og:title\" content=\"Services | TFV M\u00e9xico\" \/>\n<meta property=\"og:description\" content=\"Services Avec TFV Mexico, vous obtiendrez des solutions innovantes et fiables qui favoriseront la r\u00e9ussite de vos projets. Certificat de mat\u00e9riaux Dans cette section, vous pourrez demander le CMTR&rsquo;S (Certificat de mat\u00e9riaux et essais hydrostatiques) de nos produits pour les commandes que nous avons fournies. Celui-ci sera redirig\u00e9 vers le service en charge. Dessins Dans [&hellip;]\" \/>\n<meta property=\"og:url\" content=\"https:\/\/tfv.mx\/fr\/services\/\" \/>\n<meta property=\"og:site_name\" content=\"TFV M\u00e9xico\" \/>\n<meta property=\"article:modified_time\" content=\"2024-10-14T17:26:23+00:00\" \/>\n<meta property=\"og:image\" content=\"https:\/\/tfv.mx\/wp-content\/uploads\/2024\/08\/img-certi-mat.jpg\" \/>\n<meta name=\"twitter:card\" content=\"summary_large_image\" \/>\n<meta name=\"twitter:label1\" content=\"Dur\u00e9e de lecture estim\u00e9e\" \/>\n\t<meta name=\"twitter:data1\" content=\"3 minutes\" \/>\n<script type=\"application\/ld+json\" class=\"yoast-schema-graph\">{\"@context\":\"https:\/\/schema.org\",\"@graph\":[{\"@type\":\"WebPage\",\"@id\":\"https:\/\/tfv.mx\/fr\/services\/\",\"url\":\"https:\/\/tfv.mx\/fr\/services\/\",\"name\":\"Services | TFV M\u00e9xico\",\"isPartOf\":{\"@id\":\"https:\/\/tfv.mx\/fr\/#website\"},\"primaryImageOfPage\":{\"@id\":\"https:\/\/tfv.mx\/fr\/services\/#primaryimage\"},\"image\":{\"@id\":\"https:\/\/tfv.mx\/fr\/services\/#primaryimage\"},\"thumbnailUrl\":\"https:\/\/tfv.mx\/wp-content\/uploads\/2024\/08\/img-certi-mat.jpg\",\"datePublished\":\"2024-08-24T06:59:35+00:00\",\"dateModified\":\"2024-10-14T17:26:23+00:00\",\"breadcrumb\":{\"@id\":\"https:\/\/tfv.mx\/fr\/services\/#breadcrumb\"},\"inLanguage\":\"fr-FR\",\"potentialAction\":[{\"@type\":\"ReadAction\",\"target\":[\"https:\/\/tfv.mx\/fr\/services\/\"]}]},{\"@type\":\"ImageObject\",\"inLanguage\":\"fr-FR\",\"@id\":\"https:\/\/tfv.mx\/fr\/services\/#primaryimage\",\"url\":\"https:\/\/tfv.mx\/wp-content\/uploads\/2024\/08\/img-certi-mat.jpg\",\"contentUrl\":\"https:\/\/tfv.mx\/wp-content\/uploads\/2024\/08\/img-certi-mat.jpg\"},{\"@type\":\"BreadcrumbList\",\"@id\":\"https:\/\/tfv.mx\/fr\/services\/#breadcrumb\",\"itemListElement\":[{\"@type\":\"ListItem\",\"position\":1,\"name\":\"Portada\",\"item\":\"https:\/\/tfv.mx\/fr\/\"},{\"@type\":\"ListItem\",\"position\":2,\"name\":\"Services\"}]},{\"@type\":\"WebSite\",\"@id\":\"https:\/\/tfv.mx\/fr\/#website\",\"url\":\"https:\/\/tfv.mx\/fr\/\",\"name\":\"TFV M\u00e9xico\",\"description\":\"\",\"potentialAction\":[{\"@type\":\"SearchAction\",\"target\":{\"@type\":\"EntryPoint\",\"urlTemplate\":\"https:\/\/tfv.mx\/fr\/?s={search_term_string}\"},\"query-input\":{\"@type\":\"PropertyValueSpecification\",\"valueRequired\":true,\"valueName\":\"search_term_string\"}}],\"inLanguage\":\"fr-FR\"}]}<\/script>\n<!-- \/ Yoast SEO plugin. -->","yoast_head_json":{"title":"Services | TFV M\u00e9xico","robots":{"index":"noindex","follow":"follow","max-snippet":"max-snippet:-1","max-image-preview":"max-image-preview:large","max-video-preview":"max-video-preview:-1"},"og_locale":"fr_FR","og_type":"article","og_title":"Services | TFV M\u00e9xico","og_description":"Services Avec TFV Mexico, vous obtiendrez des solutions innovantes et fiables qui favoriseront la r\u00e9ussite de vos projets. Certificat de mat\u00e9riaux Dans cette section, vous pourrez demander le CMTR&rsquo;S (Certificat de mat\u00e9riaux et essais hydrostatiques) de nos produits pour les commandes que nous avons fournies. Celui-ci sera redirig\u00e9 vers le service en charge. Dessins Dans [&hellip;]","og_url":"https:\/\/tfv.mx\/fr\/services\/","og_site_name":"TFV M\u00e9xico","article_modified_time":"2024-10-14T17:26:23+00:00","og_image":[{"url":"https:\/\/tfv.mx\/wp-content\/uploads\/2024\/08\/img-certi-mat.jpg"}],"twitter_card":"summary_large_image","twitter_misc":{"Dur\u00e9e de lecture estim\u00e9e":"3 minutes"},"schema":{"@context":"https:\/\/schema.org","@graph":[{"@type":"WebPage","@id":"https:\/\/tfv.mx\/fr\/services\/","url":"https:\/\/tfv.mx\/fr\/services\/","name":"Services | TFV M\u00e9xico","isPartOf":{"@id":"https:\/\/tfv.mx\/fr\/#website"},"primaryImageOfPage":{"@id":"https:\/\/tfv.mx\/fr\/services\/#primaryimage"},"image":{"@id":"https:\/\/tfv.mx\/fr\/services\/#primaryimage"},"thumbnailUrl":"https:\/\/tfv.mx\/wp-content\/uploads\/2024\/08\/img-certi-mat.jpg","datePublished":"2024-08-24T06:59:35+00:00","dateModified":"2024-10-14T17:26:23+00:00","breadcrumb":{"@id":"https:\/\/tfv.mx\/fr\/services\/#breadcrumb"},"inLanguage":"fr-FR","potentialAction":[{"@type":"ReadAction","target":["https:\/\/tfv.mx\/fr\/services\/"]}]},{"@type":"ImageObject","inLanguage":"fr-FR","@id":"https:\/\/tfv.mx\/fr\/services\/#primaryimage","url":"https:\/\/tfv.mx\/wp-content\/uploads\/2024\/08\/img-certi-mat.jpg","contentUrl":"https:\/\/tfv.mx\/wp-content\/uploads\/2024\/08\/img-certi-mat.jpg"},{"@type":"BreadcrumbList","@id":"https:\/\/tfv.mx\/fr\/services\/#breadcrumb","itemListElement":[{"@type":"ListItem","position":1,"name":"Portada","item":"https:\/\/tfv.mx\/fr\/"},{"@type":"ListItem","position":2,"name":"Services"}]},{"@type":"WebSite","@id":"https:\/\/tfv.mx\/fr\/#website","url":"https:\/\/tfv.mx\/fr\/","name":"TFV M\u00e9xico","description":"","potentialAction":[{"@type":"SearchAction","target":{"@type":"EntryPoint","urlTemplate":"https:\/\/tfv.mx\/fr\/?s={search_term_string}"},"query-input":{"@type":"PropertyValueSpecification","valueRequired":true,"valueName":"search_term_string"}}],"inLanguage":"fr-FR"}]}},"_links":{"self":[{"href":"https:\/\/tfv.mx\/fr\/wp-json\/wp\/v2\/pages\/5548","targetHints":{"allow":["GET"]}}],"collection":[{"href":"https:\/\/tfv.mx\/fr\/wp-json\/wp\/v2\/pages"}],"about":[{"href":"https:\/\/tfv.mx\/fr\/wp-json\/wp\/v2\/types\/page"}],"author":[{"embeddable":true,"href":"https:\/\/tfv.mx\/fr\/wp-json\/wp\/v2\/users\/1"}],"replies":[{"embeddable":true,"href":"https:\/\/tfv.mx\/fr\/wp-json\/wp\/v2\/comments?post=5548"}],"version-history":[{"count":3,"href":"https:\/\/tfv.mx\/fr\/wp-json\/wp\/v2\/pages\/5548\/revisions"}],"predecessor-version":[{"id":6142,"href":"https:\/\/tfv.mx\/fr\/wp-json\/wp\/v2\/pages\/5548\/revisions\/6142"}],"wp:attachment":[{"href":"https:\/\/tfv.mx\/fr\/wp-json\/wp\/v2\/media?parent=5548"}],"curies":[{"name":"wp","href":"https:\/\/api.w.org\/{rel}","templated":true}]}}