{"id":5736,"date":"2024-09-13T16:38:45","date_gmt":"2024-09-13T22:38:45","guid":{"rendered":"https:\/\/tfv.mx\/producto\/vannes-a-bille-i-serie-2m\/"},"modified":"2026-02-12T12:37:21","modified_gmt":"2026-02-12T18:37:21","slug":"vannes-a-bille-i-serie-2m","status":"publish","type":"product","link":"https:\/\/tfv.mx\/fr\/producto\/vannes-a-bille-i-serie-2m\/","title":{"rendered":"Vannes \u00e0 bille I s\u00e9rie 2M"},"content":{"rendered":"<p>Robinet \u00e0 boisseau sph\u00e9rique, flottant, ISO 5211, 2 pi\u00e8ces, arr\u00eat complet, raccordement \u00e0 brides RF, 1\/2\u2033 &#8211; 12\u2033 \u00d8.<\/p>\n","protected":false},"excerpt":{"rendered":"<p>Robinet \u00e0 boisseau sph\u00e9rique, flottant, ISO 5211, 2 pi\u00e8ces, arr\u00eat complet, raccordement \u00e0 brides RF, 1\/2\u2033 &#8211; 12\u2033 \u00d8.<\/p>\n","protected":false},"featured_media":2142,"comment_status":"closed","ping_status":"closed","template":"","meta":{"_acf_changed":false},"product_cat":[1250,1248],"product_tag":[],"class_list":{"0":"post-5736","1":"product","2":"type-product","3":"status-publish","4":"has-post-thumbnail","6":"product_cat-robinets-a-bille-flottants","7":"product_cat-vannes-a-bille","8":"pa_caracteristicas-generales-robinet-a-boisseau-spherique-montage-flottant-direct-conception-2-pcs-pto-montage-complet-iso-5211","9":"pa_conexiones-diametro-type-rf-a-brides-classe-ansi-150-300-taille-1-2-a-12","10":"pa_estandares-de-disenonormas-pression-et-temperature-nominales-asme-b16-34-raccords-a-brides-asme-b16-5-asme-b16-10","11":"pa_materiales-corps-acier-inoxydable-cf8m-wcb-etc-interieur-316-ss-siege-ptfe-rptfe-polifill-50ss-etc-autres-materiaux-disponibles-sur-demande","12":"pa_serie-2m-fr","13":"pa_tipo-flottant-iso-5211-2-pieces","14":"pa_tipo-de-producto-vanne-a-boisseau-spherique-serie-2m-i","16":"first","17":"instock","18":"product-type-simple"},"acf":[],"yoast_head":"<!-- This site is optimized with the Yoast SEO plugin v23.4 - https:\/\/yoast.com\/wordpress\/plugins\/seo\/ -->\n<title>Vannes \u00e0 bille I s\u00e9rie 2M | TFV M\u00e9xico<\/title>\n<meta name=\"robots\" content=\"noindex, follow, max-snippet:-1, max-image-preview:large, max-video-preview:-1\" \/>\n<meta property=\"og:locale\" content=\"fr_FR\" \/>\n<meta property=\"og:type\" content=\"article\" \/>\n<meta property=\"og:title\" content=\"Vannes \u00e0 bille I s\u00e9rie 2M | TFV M\u00e9xico\" \/>\n<meta property=\"og:description\" content=\"Robinet \u00e0 boisseau sph\u00e9rique, flottant, ISO 5211, 2 pi\u00e8ces, arr\u00eat complet, raccordement \u00e0 brides RF, 1\/2\u2033 &#8211; 12\u2033 \u00d8.\" \/>\n<meta property=\"og:url\" content=\"https:\/\/tfv.mx\/fr\/producto\/vannes-a-bille-i-serie-2m\/\" \/>\n<meta property=\"og:site_name\" content=\"TFV M\u00e9xico\" \/>\n<meta property=\"article:modified_time\" content=\"2026-02-12T18:37:21+00:00\" \/>\n<meta property=\"og:image\" content=\"https:\/\/tfv.mx\/wp-content\/uploads\/2024\/08\/VB2M.jpg\" \/>\n\t<meta property=\"og:image:width\" content=\"700\" \/>\n\t<meta property=\"og:image:height\" content=\"700\" \/>\n\t<meta property=\"og:image:type\" content=\"image\/jpeg\" \/>\n<meta name=\"twitter:card\" content=\"summary_large_image\" \/>\n<script type=\"application\/ld+json\" class=\"yoast-schema-graph\">{\"@context\":\"https:\/\/schema.org\",\"@graph\":[{\"@type\":\"WebPage\",\"@id\":\"https:\/\/tfv.mx\/fr\/producto\/vannes-a-bille-i-serie-2m\/\",\"url\":\"https:\/\/tfv.mx\/fr\/producto\/vannes-a-bille-i-serie-2m\/\",\"name\":\"Vannes \u00e0 bille I s\u00e9rie 2M | TFV M\u00e9xico\",\"isPartOf\":{\"@id\":\"https:\/\/tfv.mx\/fr\/#website\"},\"primaryImageOfPage\":{\"@id\":\"https:\/\/tfv.mx\/fr\/producto\/vannes-a-bille-i-serie-2m\/#primaryimage\"},\"image\":{\"@id\":\"https:\/\/tfv.mx\/fr\/producto\/vannes-a-bille-i-serie-2m\/#primaryimage\"},\"thumbnailUrl\":\"https:\/\/tfv.mx\/wp-content\/uploads\/2024\/08\/VB2M.jpg\",\"datePublished\":\"2024-09-13T22:38:45+00:00\",\"dateModified\":\"2026-02-12T18:37:21+00:00\",\"breadcrumb\":{\"@id\":\"https:\/\/tfv.mx\/fr\/producto\/vannes-a-bille-i-serie-2m\/#breadcrumb\"},\"inLanguage\":\"fr-FR\",\"potentialAction\":[{\"@type\":\"ReadAction\",\"target\":[\"https:\/\/tfv.mx\/fr\/producto\/vannes-a-bille-i-serie-2m\/\"]}]},{\"@type\":\"ImageObject\",\"inLanguage\":\"fr-FR\",\"@id\":\"https:\/\/tfv.mx\/fr\/producto\/vannes-a-bille-i-serie-2m\/#primaryimage\",\"url\":\"https:\/\/tfv.mx\/wp-content\/uploads\/2024\/08\/VB2M.jpg\",\"contentUrl\":\"https:\/\/tfv.mx\/wp-content\/uploads\/2024\/08\/VB2M.jpg\",\"width\":700,\"height\":700},{\"@type\":\"BreadcrumbList\",\"@id\":\"https:\/\/tfv.mx\/fr\/producto\/vannes-a-bille-i-serie-2m\/#breadcrumb\",\"itemListElement\":[{\"@type\":\"ListItem\",\"position\":1,\"name\":\"Portada\",\"item\":\"https:\/\/tfv.mx\/fr\/\"},{\"@type\":\"ListItem\",\"position\":2,\"name\":\"Shop\",\"item\":\"https:\/\/tfv.mx\/fr\/shop\/\"},{\"@type\":\"ListItem\",\"position\":3,\"name\":\"Vannes \u00e0 bille I s\u00e9rie 2M\"}]},{\"@type\":\"WebSite\",\"@id\":\"https:\/\/tfv.mx\/fr\/#website\",\"url\":\"https:\/\/tfv.mx\/fr\/\",\"name\":\"TFV M\u00e9xico\",\"description\":\"\",\"potentialAction\":[{\"@type\":\"SearchAction\",\"target\":{\"@type\":\"EntryPoint\",\"urlTemplate\":\"https:\/\/tfv.mx\/fr\/?s={search_term_string}\"},\"query-input\":{\"@type\":\"PropertyValueSpecification\",\"valueRequired\":true,\"valueName\":\"search_term_string\"}}],\"inLanguage\":\"fr-FR\"}]}<\/script>\n<!-- \/ Yoast SEO plugin. -->","yoast_head_json":{"title":"Vannes \u00e0 bille I s\u00e9rie 2M | TFV M\u00e9xico","robots":{"index":"noindex","follow":"follow","max-snippet":"max-snippet:-1","max-image-preview":"max-image-preview:large","max-video-preview":"max-video-preview:-1"},"og_locale":"fr_FR","og_type":"article","og_title":"Vannes \u00e0 bille I s\u00e9rie 2M | TFV M\u00e9xico","og_description":"Robinet \u00e0 boisseau sph\u00e9rique, flottant, ISO 5211, 2 pi\u00e8ces, arr\u00eat complet, raccordement \u00e0 brides RF, 1\/2\u2033 &#8211; 12\u2033 \u00d8.","og_url":"https:\/\/tfv.mx\/fr\/producto\/vannes-a-bille-i-serie-2m\/","og_site_name":"TFV M\u00e9xico","article_modified_time":"2026-02-12T18:37:21+00:00","og_image":[{"width":700,"height":700,"url":"https:\/\/tfv.mx\/wp-content\/uploads\/2024\/08\/VB2M.jpg","type":"image\/jpeg"}],"twitter_card":"summary_large_image","schema":{"@context":"https:\/\/schema.org","@graph":[{"@type":"WebPage","@id":"https:\/\/tfv.mx\/fr\/producto\/vannes-a-bille-i-serie-2m\/","url":"https:\/\/tfv.mx\/fr\/producto\/vannes-a-bille-i-serie-2m\/","name":"Vannes \u00e0 bille I s\u00e9rie 2M | TFV M\u00e9xico","isPartOf":{"@id":"https:\/\/tfv.mx\/fr\/#website"},"primaryImageOfPage":{"@id":"https:\/\/tfv.mx\/fr\/producto\/vannes-a-bille-i-serie-2m\/#primaryimage"},"image":{"@id":"https:\/\/tfv.mx\/fr\/producto\/vannes-a-bille-i-serie-2m\/#primaryimage"},"thumbnailUrl":"https:\/\/tfv.mx\/wp-content\/uploads\/2024\/08\/VB2M.jpg","datePublished":"2024-09-13T22:38:45+00:00","dateModified":"2026-02-12T18:37:21+00:00","breadcrumb":{"@id":"https:\/\/tfv.mx\/fr\/producto\/vannes-a-bille-i-serie-2m\/#breadcrumb"},"inLanguage":"fr-FR","potentialAction":[{"@type":"ReadAction","target":["https:\/\/tfv.mx\/fr\/producto\/vannes-a-bille-i-serie-2m\/"]}]},{"@type":"ImageObject","inLanguage":"fr-FR","@id":"https:\/\/tfv.mx\/fr\/producto\/vannes-a-bille-i-serie-2m\/#primaryimage","url":"https:\/\/tfv.mx\/wp-content\/uploads\/2024\/08\/VB2M.jpg","contentUrl":"https:\/\/tfv.mx\/wp-content\/uploads\/2024\/08\/VB2M.jpg","width":700,"height":700},{"@type":"BreadcrumbList","@id":"https:\/\/tfv.mx\/fr\/producto\/vannes-a-bille-i-serie-2m\/#breadcrumb","itemListElement":[{"@type":"ListItem","position":1,"name":"Portada","item":"https:\/\/tfv.mx\/fr\/"},{"@type":"ListItem","position":2,"name":"Shop","item":"https:\/\/tfv.mx\/fr\/shop\/"},{"@type":"ListItem","position":3,"name":"Vannes \u00e0 bille I s\u00e9rie 2M"}]},{"@type":"WebSite","@id":"https:\/\/tfv.mx\/fr\/#website","url":"https:\/\/tfv.mx\/fr\/","name":"TFV M\u00e9xico","description":"","potentialAction":[{"@type":"SearchAction","target":{"@type":"EntryPoint","urlTemplate":"https:\/\/tfv.mx\/fr\/?s={search_term_string}"},"query-input":{"@type":"PropertyValueSpecification","valueRequired":true,"valueName":"search_term_string"}}],"inLanguage":"fr-FR"}]}},"_links":{"self":[{"href":"https:\/\/tfv.mx\/fr\/wp-json\/wp\/v2\/product\/5736","targetHints":{"allow":["GET"]}}],"collection":[{"href":"https:\/\/tfv.mx\/fr\/wp-json\/wp\/v2\/product"}],"about":[{"href":"https:\/\/tfv.mx\/fr\/wp-json\/wp\/v2\/types\/product"}],"replies":[{"embeddable":true,"href":"https:\/\/tfv.mx\/fr\/wp-json\/wp\/v2\/comments?post=5736"}],"wp:featuredmedia":[{"embeddable":true,"href":"https:\/\/tfv.mx\/fr\/wp-json\/wp\/v2\/media\/2142"}],"wp:attachment":[{"href":"https:\/\/tfv.mx\/fr\/wp-json\/wp\/v2\/media?parent=5736"}],"wp:term":[{"taxonomy":"product_cat","embeddable":true,"href":"https:\/\/tfv.mx\/fr\/wp-json\/wp\/v2\/product_cat?post=5736"},{"taxonomy":"product_tag","embeddable":true,"href":"https:\/\/tfv.mx\/fr\/wp-json\/wp\/v2\/product_tag?post=5736"}],"curies":[{"name":"wp","href":"https:\/\/api.w.org\/{rel}","templated":true}]}}