{"id":5756,"date":"2024-09-13T16:38:43","date_gmt":"2024-09-13T22:38:43","guid":{"rendered":"https:\/\/tfv.mx\/producto\/vannes-a-bille-i-serie-22w\/"},"modified":"2024-09-13T16:38:43","modified_gmt":"2024-09-13T22:38:43","slug":"vannes-a-bille-i-serie-22w","status":"publish","type":"product","link":"https:\/\/tfv.mx\/fr\/producto\/vannes-a-bille-i-serie-22w\/","title":{"rendered":"Vannes \u00e0 bille I S\u00e9rie 22W"},"content":{"rendered":"<p>Robinet \u00e0 tournant sph\u00e9rique, flottant, soud\u00e9 int\u00e9gral Cpo.<br \/>\nInt\u00e9grale soud\u00e9e, Full Port, 2000 WOG, NPT \/ SW Connection, 1\/4\u2033 &#8211; 2\u2033 \u00d8.<br \/>\nCompl\u00e8te, 2000 WOG, NPT \/ SW Connection, 1\/4\u2033 &#8211; 2\u2033 \u00d8.<\/p>\n","protected":false},"excerpt":{"rendered":"<p>Robinet \u00e0 tournant sph\u00e9rique, flottant, soud\u00e9 int\u00e9gral Cpo. Int\u00e9grale soud\u00e9e, Full Port, 2000 WOG, NPT \/ SW Connection, 1\/4\u2033 &#8211; 2\u2033 \u00d8. Compl\u00e8te, 2000 WOG, NPT \/ SW Connection, 1\/4\u2033 &#8211; 2\u2033 \u00d8.<\/p>\n","protected":false},"featured_media":2217,"comment_status":"closed","ping_status":"open","template":"","meta":{"_acf_changed":false},"product_cat":[1316,1250,1248],"product_tag":[],"class_list":{"0":"post-5756","1":"product","2":"type-product","3":"status-publish","4":"has-post-thumbnail","6":"product_cat-filete","7":"product_cat-robinets-a-bille-flottants","8":"product_cat-vannes-a-bille","9":"pa_caracteristicas-generales-robinet-a-tournant-spherique-conception-flottante-cpo-integralement-soude-2000-wog-pto-complete","10":"pa_conexiones-diametro-type-npt-sw-classe-2000-wog-taille-1-4-a-2","11":"pa_estandares-de-disenonormas-pression-nominale-2000-wog-raccords-filetes-npt-asme-b1-20-1-raccords-soudes-sw-asme-b16-11","12":"pa_materiales-corps-acier-inoxydable-cf8m-wcb-etc-interieur-316-ss-siege-ptfe-rptfe-polifill-etc","13":"pa_serie-22w-fr","14":"pa_tipo-flottant-cpo-soldat-integral","15":"pa_tipo-de-producto-serie-22w-i-robinet-a-tournant-spherique","17":"first","18":"instock","19":"product-type-simple"},"acf":[],"yoast_head":"<!-- This site is optimized with the Yoast SEO plugin v23.4 - https:\/\/yoast.com\/wordpress\/plugins\/seo\/ -->\n<title>Vannes \u00e0 bille I S\u00e9rie 22W | TFV M\u00e9xico<\/title>\n<meta name=\"robots\" content=\"noindex, follow, max-snippet:-1, max-image-preview:large, max-video-preview:-1\" \/>\n<meta property=\"og:locale\" content=\"fr_FR\" \/>\n<meta property=\"og:type\" content=\"article\" \/>\n<meta property=\"og:title\" content=\"Vannes \u00e0 bille I S\u00e9rie 22W | TFV M\u00e9xico\" \/>\n<meta property=\"og:description\" content=\"Robinet \u00e0 tournant sph\u00e9rique, flottant, soud\u00e9 int\u00e9gral Cpo. Int\u00e9grale soud\u00e9e, Full Port, 2000 WOG, NPT \/ SW Connection, 1\/4\u2033 &#8211; 2\u2033 \u00d8. Compl\u00e8te, 2000 WOG, NPT \/ SW Connection, 1\/4\u2033 &#8211; 2\u2033 \u00d8.\" \/>\n<meta property=\"og:url\" content=\"https:\/\/tfv.mx\/fr\/producto\/vannes-a-bille-i-serie-22w\/\" \/>\n<meta property=\"og:site_name\" content=\"TFV M\u00e9xico\" \/>\n<meta name=\"twitter:card\" content=\"summary_large_image\" \/>\n<script type=\"application\/ld+json\" class=\"yoast-schema-graph\">{\"@context\":\"https:\/\/schema.org\",\"@graph\":[{\"@type\":\"WebPage\",\"@id\":\"https:\/\/tfv.mx\/fr\/producto\/vannes-a-bille-i-serie-22w\/\",\"url\":\"https:\/\/tfv.mx\/fr\/producto\/vannes-a-bille-i-serie-22w\/\",\"name\":\"Vannes \u00e0 bille I S\u00e9rie 22W | TFV M\u00e9xico\",\"isPartOf\":{\"@id\":\"https:\/\/tfv.mx\/fr\/#website\"},\"primaryImageOfPage\":{\"@id\":\"https:\/\/tfv.mx\/fr\/producto\/vannes-a-bille-i-serie-22w\/#primaryimage\"},\"image\":{\"@id\":\"https:\/\/tfv.mx\/fr\/producto\/vannes-a-bille-i-serie-22w\/#primaryimage\"},\"thumbnailUrl\":\"https:\/\/tfv.mx\/wp-content\/uploads\/2024\/08\/VB22W.jpg\",\"datePublished\":\"2024-09-13T22:38:43+00:00\",\"dateModified\":\"2024-09-13T22:38:43+00:00\",\"breadcrumb\":{\"@id\":\"https:\/\/tfv.mx\/fr\/producto\/vannes-a-bille-i-serie-22w\/#breadcrumb\"},\"inLanguage\":\"fr-FR\",\"potentialAction\":[{\"@type\":\"ReadAction\",\"target\":[\"https:\/\/tfv.mx\/fr\/producto\/vannes-a-bille-i-serie-22w\/\"]}]},{\"@type\":\"ImageObject\",\"inLanguage\":\"fr-FR\",\"@id\":\"https:\/\/tfv.mx\/fr\/producto\/vannes-a-bille-i-serie-22w\/#primaryimage\",\"url\":\"https:\/\/tfv.mx\/wp-content\/uploads\/2024\/08\/VB22W.jpg\",\"contentUrl\":\"https:\/\/tfv.mx\/wp-content\/uploads\/2024\/08\/VB22W.jpg\",\"width\":700,\"height\":700},{\"@type\":\"BreadcrumbList\",\"@id\":\"https:\/\/tfv.mx\/fr\/producto\/vannes-a-bille-i-serie-22w\/#breadcrumb\",\"itemListElement\":[{\"@type\":\"ListItem\",\"position\":1,\"name\":\"Portada\",\"item\":\"https:\/\/tfv.mx\/fr\/\"},{\"@type\":\"ListItem\",\"position\":2,\"name\":\"Shop\",\"item\":\"https:\/\/tfv.mx\/fr\/shop\/\"},{\"@type\":\"ListItem\",\"position\":3,\"name\":\"Vannes \u00e0 bille I S\u00e9rie 22W\"}]},{\"@type\":\"WebSite\",\"@id\":\"https:\/\/tfv.mx\/fr\/#website\",\"url\":\"https:\/\/tfv.mx\/fr\/\",\"name\":\"TFV M\u00e9xico\",\"description\":\"\",\"potentialAction\":[{\"@type\":\"SearchAction\",\"target\":{\"@type\":\"EntryPoint\",\"urlTemplate\":\"https:\/\/tfv.mx\/fr\/?s={search_term_string}\"},\"query-input\":{\"@type\":\"PropertyValueSpecification\",\"valueRequired\":true,\"valueName\":\"search_term_string\"}}],\"inLanguage\":\"fr-FR\"}]}<\/script>\n<!-- \/ Yoast SEO plugin. -->","yoast_head_json":{"title":"Vannes \u00e0 bille I S\u00e9rie 22W | TFV M\u00e9xico","robots":{"index":"noindex","follow":"follow","max-snippet":"max-snippet:-1","max-image-preview":"max-image-preview:large","max-video-preview":"max-video-preview:-1"},"og_locale":"fr_FR","og_type":"article","og_title":"Vannes \u00e0 bille I S\u00e9rie 22W | TFV M\u00e9xico","og_description":"Robinet \u00e0 tournant sph\u00e9rique, flottant, soud\u00e9 int\u00e9gral Cpo. Int\u00e9grale soud\u00e9e, Full Port, 2000 WOG, NPT \/ SW Connection, 1\/4\u2033 &#8211; 2\u2033 \u00d8. Compl\u00e8te, 2000 WOG, NPT \/ SW Connection, 1\/4\u2033 &#8211; 2\u2033 \u00d8.","og_url":"https:\/\/tfv.mx\/fr\/producto\/vannes-a-bille-i-serie-22w\/","og_site_name":"TFV M\u00e9xico","twitter_card":"summary_large_image","schema":{"@context":"https:\/\/schema.org","@graph":[{"@type":"WebPage","@id":"https:\/\/tfv.mx\/fr\/producto\/vannes-a-bille-i-serie-22w\/","url":"https:\/\/tfv.mx\/fr\/producto\/vannes-a-bille-i-serie-22w\/","name":"Vannes \u00e0 bille I S\u00e9rie 22W | TFV M\u00e9xico","isPartOf":{"@id":"https:\/\/tfv.mx\/fr\/#website"},"primaryImageOfPage":{"@id":"https:\/\/tfv.mx\/fr\/producto\/vannes-a-bille-i-serie-22w\/#primaryimage"},"image":{"@id":"https:\/\/tfv.mx\/fr\/producto\/vannes-a-bille-i-serie-22w\/#primaryimage"},"thumbnailUrl":"https:\/\/tfv.mx\/wp-content\/uploads\/2024\/08\/VB22W.jpg","datePublished":"2024-09-13T22:38:43+00:00","dateModified":"2024-09-13T22:38:43+00:00","breadcrumb":{"@id":"https:\/\/tfv.mx\/fr\/producto\/vannes-a-bille-i-serie-22w\/#breadcrumb"},"inLanguage":"fr-FR","potentialAction":[{"@type":"ReadAction","target":["https:\/\/tfv.mx\/fr\/producto\/vannes-a-bille-i-serie-22w\/"]}]},{"@type":"ImageObject","inLanguage":"fr-FR","@id":"https:\/\/tfv.mx\/fr\/producto\/vannes-a-bille-i-serie-22w\/#primaryimage","url":"https:\/\/tfv.mx\/wp-content\/uploads\/2024\/08\/VB22W.jpg","contentUrl":"https:\/\/tfv.mx\/wp-content\/uploads\/2024\/08\/VB22W.jpg","width":700,"height":700},{"@type":"BreadcrumbList","@id":"https:\/\/tfv.mx\/fr\/producto\/vannes-a-bille-i-serie-22w\/#breadcrumb","itemListElement":[{"@type":"ListItem","position":1,"name":"Portada","item":"https:\/\/tfv.mx\/fr\/"},{"@type":"ListItem","position":2,"name":"Shop","item":"https:\/\/tfv.mx\/fr\/shop\/"},{"@type":"ListItem","position":3,"name":"Vannes \u00e0 bille I S\u00e9rie 22W"}]},{"@type":"WebSite","@id":"https:\/\/tfv.mx\/fr\/#website","url":"https:\/\/tfv.mx\/fr\/","name":"TFV M\u00e9xico","description":"","potentialAction":[{"@type":"SearchAction","target":{"@type":"EntryPoint","urlTemplate":"https:\/\/tfv.mx\/fr\/?s={search_term_string}"},"query-input":{"@type":"PropertyValueSpecification","valueRequired":true,"valueName":"search_term_string"}}],"inLanguage":"fr-FR"}]}},"_links":{"self":[{"href":"https:\/\/tfv.mx\/fr\/wp-json\/wp\/v2\/product\/5756","targetHints":{"allow":["GET"]}}],"collection":[{"href":"https:\/\/tfv.mx\/fr\/wp-json\/wp\/v2\/product"}],"about":[{"href":"https:\/\/tfv.mx\/fr\/wp-json\/wp\/v2\/types\/product"}],"replies":[{"embeddable":true,"href":"https:\/\/tfv.mx\/fr\/wp-json\/wp\/v2\/comments?post=5756"}],"wp:featuredmedia":[{"embeddable":true,"href":"https:\/\/tfv.mx\/fr\/wp-json\/wp\/v2\/media\/2217"}],"wp:attachment":[{"href":"https:\/\/tfv.mx\/fr\/wp-json\/wp\/v2\/media?parent=5756"}],"wp:term":[{"taxonomy":"product_cat","embeddable":true,"href":"https:\/\/tfv.mx\/fr\/wp-json\/wp\/v2\/product_cat?post=5756"},{"taxonomy":"product_tag","embeddable":true,"href":"https:\/\/tfv.mx\/fr\/wp-json\/wp\/v2\/product_tag?post=5756"}],"curies":[{"name":"wp","href":"https:\/\/api.w.org\/{rel}","templated":true}]}}