{"id":5545,"date":"2024-08-24T00:59:35","date_gmt":"2024-08-24T06:59:35","guid":{"rendered":"https:\/\/tfv.mx\/servicos\/"},"modified":"2024-10-14T11:26:25","modified_gmt":"2024-10-14T17:26:25","slug":"servicos","status":"publish","type":"page","link":"https:\/\/tfv.mx\/pt-br\/servicos\/","title":{"rendered":"Servi\u00e7os"},"content":{"rendered":"\t\t<div data-elementor-type=\"wp-page\" data-elementor-id=\"5545\" class=\"elementor elementor-5545 elementor-562\" data-elementor-post-type=\"page\">\n\t\t\t\t\t\t<section class=\"elementor-section elementor-top-section elementor-element elementor-element-61617ad elementor-section-boxed elementor-section-height-default elementor-section-height-default\" data-id=\"61617ad\" data-element_type=\"section\" data-settings=\"{&quot;background_background&quot;:&quot;classic&quot;}\">\n\t\t\t\t\t\t<div class=\"elementor-container elementor-column-gap-default\">\n\t\t\t\t\t<div class=\"elementor-column elementor-col-50 elementor-top-column elementor-element elementor-element-7354293\" data-id=\"7354293\" data-element_type=\"column\">\n\t\t\t<div class=\"elementor-widget-wrap elementor-element-populated\">\n\t\t\t\t\t\t<div class=\"elementor-element elementor-element-0eec483 elementor-widget elementor-widget-heading\" data-id=\"0eec483\" data-element_type=\"widget\" data-widget_type=\"heading.default\">\n\t\t\t\t<div class=\"elementor-widget-container\">\n\t\t\t<h1 class=\"elementor-heading-title elementor-size-default\">Servi\u00e7os<\/h1>\t\t<\/div>\n\t\t\t\t<\/div>\n\t\t\t\t<div class=\"elementor-element elementor-element-2e0f0aa elementor-widget elementor-widget-text-editor\" data-id=\"2e0f0aa\" data-element_type=\"widget\" data-widget_type=\"text-editor.default\">\n\t\t\t\t<div class=\"elementor-widget-container\">\n\t\t\t\t\t\t\t<p>Com a TFV M\u00e9xico, voc\u00ea obter\u00e1 solu\u00e7\u00f5es inovadoras e confi\u00e1veis que aumentar\u00e3o o sucesso de seus projetos.<\/p>\n\t\t\t\t\t\t<\/div>\n\t\t\t\t<\/div>\n\t\t\t\t\t<\/div>\n\t\t<\/div>\n\t\t\t\t<div class=\"elementor-column elementor-col-50 elementor-top-column elementor-element elementor-element-b1d58d2\" data-id=\"b1d58d2\" data-element_type=\"column\">\n\t\t\t<div class=\"elementor-widget-wrap\">\n\t\t\t\t\t\t\t<\/div>\n\t\t<\/div>\n\t\t\t\t\t<\/div>\n\t\t<\/section>\n\t\t\t\t<section class=\"elementor-section elementor-top-section elementor-element elementor-element-fb6d531 elementor-section-content-middle elementor-section-boxed elementor-section-height-default elementor-section-height-default\" data-id=\"fb6d531\" data-element_type=\"section\">\n\t\t\t\t\t\t<div class=\"elementor-container elementor-column-gap-default\">\n\t\t\t\t\t<div class=\"elementor-column elementor-col-50 elementor-top-column elementor-element elementor-element-4a87430\" data-id=\"4a87430\" data-element_type=\"column\">\n\t\t\t<div class=\"elementor-widget-wrap elementor-element-populated\">\n\t\t\t\t\t\t<div class=\"elementor-element elementor-element-f127432 elementor-widget elementor-widget-image\" data-id=\"f127432\" data-element_type=\"widget\" data-widget_type=\"image.default\">\n\t\t\t\t<div class=\"elementor-widget-container\">\n\t\t\t\t\t\t\t\t\t\t\t\t\t<img fetchpriority=\"high\" decoding=\"async\" width=\"619\" height=\"406\" src=\"https:\/\/tfv.mx\/wp-content\/uploads\/2024\/08\/img-certi-mat.jpg\" class=\"attachment-large size-large wp-image-566\" alt=\"\" srcset=\"https:\/\/tfv.mx\/wp-content\/uploads\/2024\/08\/img-certi-mat.jpg 619w, https:\/\/tfv.mx\/wp-content\/uploads\/2024\/08\/img-certi-mat-600x394.jpg 600w, https:\/\/tfv.mx\/wp-content\/uploads\/2024\/08\/img-certi-mat-64x42.jpg 64w, https:\/\/tfv.mx\/wp-content\/uploads\/2024\/08\/img-certi-mat-300x197.jpg 300w\" sizes=\"(max-width: 619px) 100vw, 619px\" \/>\t\t\t\t\t\t\t\t\t\t\t\t\t<\/div>\n\t\t\t\t<\/div>\n\t\t\t\t\t<\/div>\n\t\t<\/div>\n\t\t\t\t<div class=\"elementor-column elementor-col-50 elementor-top-column elementor-element elementor-element-5c2d319\" data-id=\"5c2d319\" data-element_type=\"column\">\n\t\t\t<div class=\"elementor-widget-wrap elementor-element-populated\">\n\t\t\t\t\t\t<div class=\"elementor-element elementor-element-4a28c1c elementor-widget elementor-widget-heading\" data-id=\"4a28c1c\" data-element_type=\"widget\" data-widget_type=\"heading.default\">\n\t\t\t\t<div class=\"elementor-widget-container\">\n\t\t\t<h2 class=\"elementor-heading-title elementor-size-default\">Certificado de materiais<\/h2>\t\t<\/div>\n\t\t\t\t<\/div>\n\t\t\t\t<div class=\"elementor-element elementor-element-2f61645 elementor-widget elementor-widget-text-editor\" data-id=\"2f61645\" data-element_type=\"widget\" data-widget_type=\"text-editor.default\">\n\t\t\t\t<div class=\"elementor-widget-container\">\n\t\t\t\t\t\t\t<p>Nesta sec\u00e7\u00e3o poder\u00e1 solicitar os CMTR&#8217;S (Certificado de materiais e testes hidrost\u00e1ticos) dos nossos produtos para encomendas que fornecemos.<\/p>\n\t\t\t\t\t\t<\/div>\n\t\t\t\t<\/div>\n\t\t\t\t<div class=\"elementor-element elementor-element-84defb1 elementor-widget elementor-widget-shortcode\" data-id=\"84defb1\" data-element_type=\"widget\" data-widget_type=\"shortcode.default\">\n\t\t\t\t<div class=\"elementor-widget-container\">\n\t\t\t\t\t<div class=\"elementor-shortcode\"> <div  data-pre_filled=\"Hola, me gustar\u00eda obtener m\u00e1s informaci\u00f3n sobre Certificado de Materiales\" data-style=\"3\" style=\"display: inline; cursor: pointer; z-index: 99999999; \" class=\"ht-ctc-sc ht-ctc-sc-chat sc-style-3 ht-ctc-inline\">\r\n<img decoding=\"async\" class=\"img-icon ctc-analytics ctc_cta\" title=\"M\u00e1s informaci\u00f3n\" style=\"display: inline-block; width: 50px;  height: 50px;\" src=\"https:\/\/tfv.mx\/wp-content\/plugins\/click-to-chat-for-whatsapp\/.\/new\/inc\/assets\/img\/whatsapp-logo.svg\" alt=\"M\u00e1s informaci\u00f3n\">\r\n<\/div><\/div>\n\t\t\t\t<\/div>\n\t\t\t\t<\/div>\n\t\t\t\t\t<\/div>\n\t\t<\/div>\n\t\t\t\t\t<\/div>\n\t\t<\/section>\n\t\t\t\t<section class=\"elementor-section elementor-top-section elementor-element elementor-element-c66a9b4 elementor-section-content-middle elementor-section-boxed elementor-section-height-default elementor-section-height-default\" data-id=\"c66a9b4\" data-element_type=\"section\">\n\t\t\t\t\t\t<div class=\"elementor-container elementor-column-gap-default\">\n\t\t\t\t\t<div class=\"elementor-column elementor-col-50 elementor-top-column elementor-element elementor-element-d5227d6\" data-id=\"d5227d6\" data-element_type=\"column\">\n\t\t\t<div class=\"elementor-widget-wrap elementor-element-populated\">\n\t\t\t\t\t\t<div class=\"elementor-element elementor-element-e72272e elementor-widget elementor-widget-heading\" data-id=\"e72272e\" data-element_type=\"widget\" data-widget_type=\"heading.default\">\n\t\t\t\t<div class=\"elementor-widget-container\">\n\t\t\t<h2 class=\"elementor-heading-title elementor-size-default\">Desenhos<\/h2>\t\t<\/div>\n\t\t\t\t<\/div>\n\t\t\t\t<div class=\"elementor-element elementor-element-0148ce6 elementor-widget elementor-widget-text-editor\" data-id=\"0148ce6\" data-element_type=\"widget\" data-widget_type=\"text-editor.default\">\n\t\t\t\t<div class=\"elementor-widget-container\">\n\t\t\t\t\t\t\t<p>Nesta se\u00e7\u00e3o voc\u00ea poder\u00e1 solicitar desenhos de nossos produtos para uma oferta ou pedidos que fornecemos. Estes ser\u00e3o redirecionados ao departamento respons\u00e1vel.<\/p>\n\t\t\t\t\t\t<\/div>\n\t\t\t\t<\/div>\n\t\t\t\t<div class=\"elementor-element elementor-element-765e232 elementor-widget elementor-widget-shortcode\" data-id=\"765e232\" data-element_type=\"widget\" data-widget_type=\"shortcode.default\">\n\t\t\t\t<div class=\"elementor-widget-container\">\n\t\t\t\t\t<div class=\"elementor-shortcode\"> <div  data-pre_filled=\"Hola, me gustar\u00eda obtener m\u00e1s informaci\u00f3n sobre Dibujos\" data-style=\"3\" style=\"display: inline; cursor: pointer; z-index: 99999999; \" class=\"ht-ctc-sc ht-ctc-sc-chat sc-style-3 ht-ctc-inline\">\r\n<img decoding=\"async\" class=\"img-icon ctc-analytics ctc_cta\" title=\"M\u00e1s informaci\u00f3n\" style=\"display: inline-block; width: 50px;  height: 50px;\" src=\"https:\/\/tfv.mx\/wp-content\/plugins\/click-to-chat-for-whatsapp\/.\/new\/inc\/assets\/img\/whatsapp-logo.svg\" alt=\"M\u00e1s informaci\u00f3n\">\r\n<\/div><\/div>\n\t\t\t\t<\/div>\n\t\t\t\t<\/div>\n\t\t\t\t\t<\/div>\n\t\t<\/div>\n\t\t\t\t<div class=\"elementor-column elementor-col-50 elementor-top-column elementor-element elementor-element-22ff333\" data-id=\"22ff333\" data-element_type=\"column\">\n\t\t\t<div class=\"elementor-widget-wrap elementor-element-populated\">\n\t\t\t\t\t\t<div class=\"elementor-element elementor-element-4453c54 elementor-widget elementor-widget-image\" data-id=\"4453c54\" data-element_type=\"widget\" data-widget_type=\"image.default\">\n\t\t\t\t<div class=\"elementor-widget-container\">\n\t\t\t\t\t\t\t\t\t\t\t\t\t<img decoding=\"async\" width=\"622\" height=\"406\" src=\"https:\/\/tfv.mx\/wp-content\/uploads\/2024\/08\/img-dib.jpg\" class=\"attachment-large size-large wp-image-570\" alt=\"\" srcset=\"https:\/\/tfv.mx\/wp-content\/uploads\/2024\/08\/img-dib.jpg 622w, https:\/\/tfv.mx\/wp-content\/uploads\/2024\/08\/img-dib-600x392.jpg 600w, https:\/\/tfv.mx\/wp-content\/uploads\/2024\/08\/img-dib-64x42.jpg 64w, https:\/\/tfv.mx\/wp-content\/uploads\/2024\/08\/img-dib-300x196.jpg 300w\" sizes=\"(max-width: 622px) 100vw, 622px\" \/>\t\t\t\t\t\t\t\t\t\t\t\t\t<\/div>\n\t\t\t\t<\/div>\n\t\t\t\t\t<\/div>\n\t\t<\/div>\n\t\t\t\t\t<\/div>\n\t\t<\/section>\n\t\t\t\t<section class=\"elementor-section elementor-top-section elementor-element elementor-element-07abef8 elementor-section-content-middle elementor-section-boxed elementor-section-height-default elementor-section-height-default\" data-id=\"07abef8\" data-element_type=\"section\">\n\t\t\t\t\t\t<div class=\"elementor-container elementor-column-gap-default\">\n\t\t\t\t\t<div class=\"elementor-column elementor-col-50 elementor-top-column elementor-element elementor-element-94f4bb2\" data-id=\"94f4bb2\" data-element_type=\"column\">\n\t\t\t<div class=\"elementor-widget-wrap elementor-element-populated\">\n\t\t\t\t\t\t<div class=\"elementor-element elementor-element-b0032e4 elementor-widget elementor-widget-image\" data-id=\"b0032e4\" data-element_type=\"widget\" data-widget_type=\"image.default\">\n\t\t\t\t<div class=\"elementor-widget-container\">\n\t\t\t\t\t\t\t\t\t\t\t\t\t<img decoding=\"async\" width=\"619\" height=\"406\" src=\"https:\/\/tfv.mx\/wp-content\/uploads\/2024\/08\/img-ren-mant.jpg\" class=\"attachment-large size-large wp-image-571\" alt=\"\" srcset=\"https:\/\/tfv.mx\/wp-content\/uploads\/2024\/08\/img-ren-mant.jpg 619w, https:\/\/tfv.mx\/wp-content\/uploads\/2024\/08\/img-ren-mant-600x394.jpg 600w, https:\/\/tfv.mx\/wp-content\/uploads\/2024\/08\/img-ren-mant-64x42.jpg 64w, https:\/\/tfv.mx\/wp-content\/uploads\/2024\/08\/img-ren-mant-300x197.jpg 300w\" sizes=\"(max-width: 619px) 100vw, 619px\" \/>\t\t\t\t\t\t\t\t\t\t\t\t\t<\/div>\n\t\t\t\t<\/div>\n\t\t\t\t\t<\/div>\n\t\t<\/div>\n\t\t\t\t<div class=\"elementor-column elementor-col-50 elementor-top-column elementor-element elementor-element-3d15703\" data-id=\"3d15703\" data-element_type=\"column\">\n\t\t\t<div class=\"elementor-widget-wrap elementor-element-populated\">\n\t\t\t\t\t\t<div class=\"elementor-element elementor-element-e688ced elementor-widget elementor-widget-heading\" data-id=\"e688ced\" data-element_type=\"widget\" data-widget_type=\"heading.default\">\n\t\t\t\t<div class=\"elementor-widget-container\">\n\t\t\t<h2 class=\"elementor-heading-title elementor-size-default\">Renova\u00e7\u00e3o e manuten\u00e7\u00e3o<\/h2>\t\t<\/div>\n\t\t\t\t<\/div>\n\t\t\t\t<div class=\"elementor-element elementor-element-5c29ef0 elementor-widget elementor-widget-text-editor\" data-id=\"5c29ef0\" data-element_type=\"widget\" data-widget_type=\"text-editor.default\">\n\t\t\t\t<div class=\"elementor-widget-container\">\n\t\t\t\t\t\t\t<p>A TFV Mexico Operations disp\u00f5e de equipamentos e pessoal para realizar trabalhos relacionados \u00e0 manuten\u00e7\u00e3o, reparo e renova\u00e7\u00e3o de v\u00e1lvulas industriais (polimento, usinagem, retifica\u00e7\u00e3o, etc.). Da mesma forma, dispomos de uma bancada de testes para realizar testes hidrost\u00e1ticos e\/ou pneum\u00e1ticos sob crit\u00e9rios como ASME B16.34, API 598, API 6D, entre outros, para que a estanqueidade da v\u00e1lvula em quest\u00e3o possa ser verificada e garantida adequadamente. de acordo com seu projeto e o indicado nas normas internacionais Tamb\u00e9m contamos com pessoal altamente treinado para realizar servi\u00e7os de montagem\/desmontagem de acess\u00f3rios e\/ou atuadores bem como sua respectiva manuten\u00e7\u00e3o se necess\u00e1rio. <\/p>\n<p>Podemos tamb\u00e9m realizar servi\u00e7os de pintura que satisfa\u00e7am os mais rigorosos requisitos, abrangendo os sistemas solicitados pela PEMEX, CFE, CENAGAS, ENI, etc.<\/p>\n<p>Tudo isto para poder prestar-lhe um servi\u00e7o completo que pode ir desde a desmontagem, \u00e0 repara\u00e7\u00e3o. garantia de qualidade, montagem em diversos tipos de v\u00e1lvulas e aplica\u00e7\u00f5es (qu\u00edmica, transporte de g\u00e1s, HF, etc.), atrav\u00e9s de nossa equipe multidisciplinar com certifica\u00e7\u00e3o ISO 9001-2015. <\/p>\n\t\t\t\t\t\t<\/div>\n\t\t\t\t<\/div>\n\t\t\t\t<div class=\"elementor-element elementor-element-e4f24cb elementor-widget elementor-widget-shortcode\" data-id=\"e4f24cb\" data-element_type=\"widget\" data-widget_type=\"shortcode.default\">\n\t\t\t\t<div class=\"elementor-widget-container\">\n\t\t\t\t\t<div class=\"elementor-shortcode\"> <div  data-pre_filled=\"Hola, me gustar\u00eda obtener m\u00e1s informaci\u00f3n sobre Renovaci\u00f3n y mantenimiento\" data-style=\"3\" style=\"display: inline; cursor: pointer; z-index: 99999999; \" class=\"ht-ctc-sc ht-ctc-sc-chat sc-style-3 ht-ctc-inline\">\r\n<img decoding=\"async\" class=\"img-icon ctc-analytics ctc_cta\" title=\"M\u00e1s informaci\u00f3n\" style=\"display: inline-block; width: 50px;  height: 50px;\" src=\"https:\/\/tfv.mx\/wp-content\/plugins\/click-to-chat-for-whatsapp\/.\/new\/inc\/assets\/img\/whatsapp-logo.svg\" alt=\"M\u00e1s informaci\u00f3n\">\r\n<\/div><\/div>\n\t\t\t\t<\/div>\n\t\t\t\t<\/div>\n\t\t\t\t\t<\/div>\n\t\t<\/div>\n\t\t\t\t\t<\/div>\n\t\t<\/section>\n\t\t\t\t<section class=\"elementor-section elementor-top-section elementor-element elementor-element-c80bb7b elementor-section-content-middle elementor-section-boxed elementor-section-height-default elementor-section-height-default\" data-id=\"c80bb7b\" data-element_type=\"section\">\n\t\t\t\t\t\t<div class=\"elementor-container elementor-column-gap-default\">\n\t\t\t\t\t<div class=\"elementor-column elementor-col-50 elementor-top-column elementor-element elementor-element-6c8c0ba\" data-id=\"6c8c0ba\" data-element_type=\"column\">\n\t\t\t<div class=\"elementor-widget-wrap elementor-element-populated\">\n\t\t\t\t\t\t<div class=\"elementor-element elementor-element-0705bb4 elementor-widget elementor-widget-heading\" data-id=\"0705bb4\" data-element_type=\"widget\" data-widget_type=\"heading.default\">\n\t\t\t\t<div class=\"elementor-widget-container\">\n\t\t\t<h2 class=\"elementor-heading-title elementor-size-default\">Skids de medi\u00e7\u00e3o<\/h2>\t\t<\/div>\n\t\t\t\t<\/div>\n\t\t\t\t<div class=\"elementor-element elementor-element-60504a1 elementor-widget elementor-widget-text-editor\" data-id=\"60504a1\" data-element_type=\"widget\" data-widget_type=\"text-editor.default\">\n\t\t\t\t<div class=\"elementor-widget-container\">\n\t\t\t\t\t\t\t<p>Dentro da EXPERI\u00caNCIA das Opera\u00e7\u00f5es da TFV M\u00e9xico, est\u00e1 a fabrica\u00e7\u00e3o de Patins de Medi\u00e7\u00e3o. Um desses projetos foi o ERMyC do Gasoduto Samalayuca \u2013 S\u00e1sabe, localizado em Pitiquito, Sonora. Este projeto incluiu o \u00e2mbito de engenharia, compras e constru\u00e7\u00e3o; integra\u00e7\u00e3o de estruturas, coloca\u00e7\u00e3o de tubos, instala\u00e7\u00e3o de equipamentos, garantia de qualidade, etc. Para entregar um projeto final abrangente de alta qualidade, com os testes e comissionamento solicitados pelo nosso cliente, \u00e9 um orgulho ter colaborado em um projeto t\u00e3o importante como o gasoduto Salamayuca Sasabe.  <\/p>\n<p><strong>Para este tipo de projetos temos:<\/strong><\/p>\n<p>1 armaz\u00e9m industrial em Toluca al\u00e9m de poder realizar obras em 1 armaz\u00e9m adicional em Tehuac\u00e1n Puebla.<\/p>\n<\/p>\n<p><strong>Equipe com experi\u00eancia em:<\/strong><\/p>\n<ul>\n<li>Instala\u00e7\u00e3o de obra el\u00e9trica.<\/li>\n<li>Instala\u00e7\u00e3o de instrumenta\u00e7\u00e3o e testes.<\/li>\n<li>Fabrica\u00e7\u00e3o e instala\u00e7\u00e3o de obras mec\u00e2nicas.<\/li>\n<li>Instala\u00e7\u00e3o de Obras Civis.<\/li>\n<li>Instala\u00e7\u00e3o de sistemas fotovoltaicos.<\/li>\n<li>Se\u00e7\u00f5es de tubos (carret\u00e9is).<\/li>\n<li>Trabalhos em baixa e m\u00e9dia tens\u00e3o.<\/li>\n<li>Integra\u00e7\u00e3o de gabinete (servidores, controle, controle distribu\u00eddo, seguran\u00e7a).<\/li>\n<li>Comissionamento, manuten\u00e7\u00e3o, diagn\u00f3stico, an\u00e1lise de incertezas, treinamento de: Esta\u00e7\u00f5es de medi\u00e7\u00e3o (Hidrocarbonetos, G\u00e1s natural, fluidos de medi\u00e7\u00e3o de refer\u00eancia, transfer\u00eancia de cust\u00f3dia)<\/li>\n<li>Medidores de vaz\u00e3o, corte de \u00e1gua<\/li>\n<li>Cromat\u00f3grafos.<\/li>\n<li>Analisadores (Oxig\u00eanio, Combust\u00edveis, PH, Condutividade, Turbidez, Umidade, H2S, etc.).<\/li>\n<li>Dens\u00edmetros (L\u00edquidos e Gases).<\/li>\n<li>Amostragem de tubos de ensaio<\/li>\n<\/ul>\n\t\t\t\t\t\t<\/div>\n\t\t\t\t<\/div>\n\t\t\t\t<div class=\"elementor-element elementor-element-e50a290 elementor-widget elementor-widget-shortcode\" data-id=\"e50a290\" data-element_type=\"widget\" data-widget_type=\"shortcode.default\">\n\t\t\t\t<div class=\"elementor-widget-container\">\n\t\t\t\t\t<div class=\"elementor-shortcode\"> <div  data-pre_filled=\"Hola, me gustar\u00eda obtener m\u00e1s informaci\u00f3n sobre Patines de medici\u00f3n\" data-style=\"3\" style=\"display: inline; cursor: pointer; z-index: 99999999; \" class=\"ht-ctc-sc ht-ctc-sc-chat sc-style-3 ht-ctc-inline\">\r\n<img decoding=\"async\" class=\"img-icon ctc-analytics ctc_cta\" title=\"M\u00e1s informaci\u00f3n\" style=\"display: inline-block; width: 50px;  height: 50px;\" src=\"https:\/\/tfv.mx\/wp-content\/plugins\/click-to-chat-for-whatsapp\/.\/new\/inc\/assets\/img\/whatsapp-logo.svg\" alt=\"M\u00e1s informaci\u00f3n\">\r\n<\/div><\/div>\n\t\t\t\t<\/div>\n\t\t\t\t<\/div>\n\t\t\t\t\t<\/div>\n\t\t<\/div>\n\t\t\t\t<div class=\"elementor-column elementor-col-50 elementor-top-column elementor-element elementor-element-5278a1a\" data-id=\"5278a1a\" data-element_type=\"column\">\n\t\t\t<div class=\"elementor-widget-wrap elementor-element-populated\">\n\t\t\t\t\t\t<div class=\"elementor-element elementor-element-284ced3 elementor-widget elementor-widget-image\" data-id=\"284ced3\" data-element_type=\"widget\" data-widget_type=\"image.default\">\n\t\t\t\t<div class=\"elementor-widget-container\">\n\t\t\t\t\t\t\t\t\t\t\t\t\t<img loading=\"lazy\" decoding=\"async\" width=\"619\" height=\"407\" src=\"https:\/\/tfv.mx\/wp-content\/uploads\/2024\/08\/img-pat-med.jpg\" class=\"attachment-large size-large wp-image-572\" alt=\"\" srcset=\"https:\/\/tfv.mx\/wp-content\/uploads\/2024\/08\/img-pat-med.jpg 619w, https:\/\/tfv.mx\/wp-content\/uploads\/2024\/08\/img-pat-med-600x395.jpg 600w, https:\/\/tfv.mx\/wp-content\/uploads\/2024\/08\/img-pat-med-64x42.jpg 64w, https:\/\/tfv.mx\/wp-content\/uploads\/2024\/08\/img-pat-med-300x197.jpg 300w\" sizes=\"(max-width: 619px) 100vw, 619px\" \/>\t\t\t\t\t\t\t\t\t\t\t\t\t<\/div>\n\t\t\t\t<\/div>\n\t\t\t\t\t<\/div>\n\t\t<\/div>\n\t\t\t\t\t<\/div>\n\t\t<\/section>\n\t\t\t\t<\/div>\n\t\t","protected":false},"excerpt":{"rendered":"<p>Servi\u00e7os Com a TFV M\u00e9xico, voc\u00ea obter\u00e1 solu\u00e7\u00f5es inovadoras e confi\u00e1veis que aumentar\u00e3o o sucesso de seus projetos. Certificado de materiais Nesta sec\u00e7\u00e3o poder\u00e1 solicitar os CMTR&#8217;S (Certificado de materiais e testes hidrost\u00e1ticos) dos nossos produtos para encomendas que fornecemos. Desenhos Nesta se\u00e7\u00e3o voc\u00ea poder\u00e1 solicitar desenhos de nossos produtos para uma oferta ou pedidos [&hellip;]<\/p>\n","protected":false},"author":1,"featured_media":0,"parent":0,"menu_order":0,"comment_status":"closed","ping_status":"closed","template":"elementor_header_footer","meta":{"_acf_changed":false,"footnotes":""},"class_list":["post-5545","page","type-page","status-publish","hentry"],"acf":[],"yoast_head":"<!-- This site is optimized with the Yoast SEO plugin v23.4 - https:\/\/yoast.com\/wordpress\/plugins\/seo\/ -->\n<title>Servi\u00e7os | TFV M\u00e9xico<\/title>\n<meta name=\"robots\" content=\"noindex, follow, max-snippet:-1, max-image-preview:large, max-video-preview:-1\" \/>\n<meta property=\"og:locale\" content=\"pt_BR\" \/>\n<meta property=\"og:type\" content=\"article\" \/>\n<meta property=\"og:title\" content=\"Servi\u00e7os | TFV M\u00e9xico\" \/>\n<meta property=\"og:description\" content=\"Servi\u00e7os Com a TFV M\u00e9xico, voc\u00ea obter\u00e1 solu\u00e7\u00f5es inovadoras e confi\u00e1veis que aumentar\u00e3o o sucesso de seus projetos. Certificado de materiais Nesta sec\u00e7\u00e3o poder\u00e1 solicitar os CMTR&#8217;S (Certificado de materiais e testes hidrost\u00e1ticos) dos nossos produtos para encomendas que fornecemos. Desenhos Nesta se\u00e7\u00e3o voc\u00ea poder\u00e1 solicitar desenhos de nossos produtos para uma oferta ou pedidos [&hellip;]\" \/>\n<meta property=\"og:url\" content=\"https:\/\/tfv.mx\/pt-br\/servicos\/\" \/>\n<meta property=\"og:site_name\" content=\"TFV M\u00e9xico\" \/>\n<meta property=\"article:modified_time\" content=\"2024-10-14T17:26:25+00:00\" \/>\n<meta property=\"og:image\" content=\"https:\/\/tfv.mx\/wp-content\/uploads\/2024\/08\/img-certi-mat.jpg\" \/>\n<meta name=\"twitter:card\" content=\"summary_large_image\" \/>\n<meta name=\"twitter:label1\" content=\"Est. tempo de leitura\" \/>\n\t<meta name=\"twitter:data1\" content=\"3 minutos\" \/>\n<script type=\"application\/ld+json\" class=\"yoast-schema-graph\">{\"@context\":\"https:\/\/schema.org\",\"@graph\":[{\"@type\":\"WebPage\",\"@id\":\"https:\/\/tfv.mx\/pt-br\/servicos\/\",\"url\":\"https:\/\/tfv.mx\/pt-br\/servicos\/\",\"name\":\"Servi\u00e7os | TFV M\u00e9xico\",\"isPartOf\":{\"@id\":\"https:\/\/tfv.mx\/pt-br\/#website\"},\"primaryImageOfPage\":{\"@id\":\"https:\/\/tfv.mx\/pt-br\/servicos\/#primaryimage\"},\"image\":{\"@id\":\"https:\/\/tfv.mx\/pt-br\/servicos\/#primaryimage\"},\"thumbnailUrl\":\"https:\/\/tfv.mx\/wp-content\/uploads\/2024\/08\/img-certi-mat.jpg\",\"datePublished\":\"2024-08-24T06:59:35+00:00\",\"dateModified\":\"2024-10-14T17:26:25+00:00\",\"breadcrumb\":{\"@id\":\"https:\/\/tfv.mx\/pt-br\/servicos\/#breadcrumb\"},\"inLanguage\":\"pt-BR\",\"potentialAction\":[{\"@type\":\"ReadAction\",\"target\":[\"https:\/\/tfv.mx\/pt-br\/servicos\/\"]}]},{\"@type\":\"ImageObject\",\"inLanguage\":\"pt-BR\",\"@id\":\"https:\/\/tfv.mx\/pt-br\/servicos\/#primaryimage\",\"url\":\"https:\/\/tfv.mx\/wp-content\/uploads\/2024\/08\/img-certi-mat.jpg\",\"contentUrl\":\"https:\/\/tfv.mx\/wp-content\/uploads\/2024\/08\/img-certi-mat.jpg\"},{\"@type\":\"BreadcrumbList\",\"@id\":\"https:\/\/tfv.mx\/pt-br\/servicos\/#breadcrumb\",\"itemListElement\":[{\"@type\":\"ListItem\",\"position\":1,\"name\":\"Portada\",\"item\":\"https:\/\/tfv.mx\/pt-br\/\"},{\"@type\":\"ListItem\",\"position\":2,\"name\":\"Servi\u00e7os\"}]},{\"@type\":\"WebSite\",\"@id\":\"https:\/\/tfv.mx\/pt-br\/#website\",\"url\":\"https:\/\/tfv.mx\/pt-br\/\",\"name\":\"TFV M\u00e9xico\",\"description\":\"\",\"potentialAction\":[{\"@type\":\"SearchAction\",\"target\":{\"@type\":\"EntryPoint\",\"urlTemplate\":\"https:\/\/tfv.mx\/pt-br\/?s={search_term_string}\"},\"query-input\":{\"@type\":\"PropertyValueSpecification\",\"valueRequired\":true,\"valueName\":\"search_term_string\"}}],\"inLanguage\":\"pt-BR\"}]}<\/script>\n<!-- \/ Yoast SEO plugin. -->","yoast_head_json":{"title":"Servi\u00e7os | TFV M\u00e9xico","robots":{"index":"noindex","follow":"follow","max-snippet":"max-snippet:-1","max-image-preview":"max-image-preview:large","max-video-preview":"max-video-preview:-1"},"og_locale":"pt_BR","og_type":"article","og_title":"Servi\u00e7os | TFV M\u00e9xico","og_description":"Servi\u00e7os Com a TFV M\u00e9xico, voc\u00ea obter\u00e1 solu\u00e7\u00f5es inovadoras e confi\u00e1veis que aumentar\u00e3o o sucesso de seus projetos. Certificado de materiais Nesta sec\u00e7\u00e3o poder\u00e1 solicitar os CMTR&#8217;S (Certificado de materiais e testes hidrost\u00e1ticos) dos nossos produtos para encomendas que fornecemos. Desenhos Nesta se\u00e7\u00e3o voc\u00ea poder\u00e1 solicitar desenhos de nossos produtos para uma oferta ou pedidos [&hellip;]","og_url":"https:\/\/tfv.mx\/pt-br\/servicos\/","og_site_name":"TFV M\u00e9xico","article_modified_time":"2024-10-14T17:26:25+00:00","og_image":[{"url":"https:\/\/tfv.mx\/wp-content\/uploads\/2024\/08\/img-certi-mat.jpg"}],"twitter_card":"summary_large_image","twitter_misc":{"Est. tempo de leitura":"3 minutos"},"schema":{"@context":"https:\/\/schema.org","@graph":[{"@type":"WebPage","@id":"https:\/\/tfv.mx\/pt-br\/servicos\/","url":"https:\/\/tfv.mx\/pt-br\/servicos\/","name":"Servi\u00e7os | TFV M\u00e9xico","isPartOf":{"@id":"https:\/\/tfv.mx\/pt-br\/#website"},"primaryImageOfPage":{"@id":"https:\/\/tfv.mx\/pt-br\/servicos\/#primaryimage"},"image":{"@id":"https:\/\/tfv.mx\/pt-br\/servicos\/#primaryimage"},"thumbnailUrl":"https:\/\/tfv.mx\/wp-content\/uploads\/2024\/08\/img-certi-mat.jpg","datePublished":"2024-08-24T06:59:35+00:00","dateModified":"2024-10-14T17:26:25+00:00","breadcrumb":{"@id":"https:\/\/tfv.mx\/pt-br\/servicos\/#breadcrumb"},"inLanguage":"pt-BR","potentialAction":[{"@type":"ReadAction","target":["https:\/\/tfv.mx\/pt-br\/servicos\/"]}]},{"@type":"ImageObject","inLanguage":"pt-BR","@id":"https:\/\/tfv.mx\/pt-br\/servicos\/#primaryimage","url":"https:\/\/tfv.mx\/wp-content\/uploads\/2024\/08\/img-certi-mat.jpg","contentUrl":"https:\/\/tfv.mx\/wp-content\/uploads\/2024\/08\/img-certi-mat.jpg"},{"@type":"BreadcrumbList","@id":"https:\/\/tfv.mx\/pt-br\/servicos\/#breadcrumb","itemListElement":[{"@type":"ListItem","position":1,"name":"Portada","item":"https:\/\/tfv.mx\/pt-br\/"},{"@type":"ListItem","position":2,"name":"Servi\u00e7os"}]},{"@type":"WebSite","@id":"https:\/\/tfv.mx\/pt-br\/#website","url":"https:\/\/tfv.mx\/pt-br\/","name":"TFV M\u00e9xico","description":"","potentialAction":[{"@type":"SearchAction","target":{"@type":"EntryPoint","urlTemplate":"https:\/\/tfv.mx\/pt-br\/?s={search_term_string}"},"query-input":{"@type":"PropertyValueSpecification","valueRequired":true,"valueName":"search_term_string"}}],"inLanguage":"pt-BR"}]}},"_links":{"self":[{"href":"https:\/\/tfv.mx\/pt-br\/wp-json\/wp\/v2\/pages\/5545","targetHints":{"allow":["GET"]}}],"collection":[{"href":"https:\/\/tfv.mx\/pt-br\/wp-json\/wp\/v2\/pages"}],"about":[{"href":"https:\/\/tfv.mx\/pt-br\/wp-json\/wp\/v2\/types\/page"}],"author":[{"embeddable":true,"href":"https:\/\/tfv.mx\/pt-br\/wp-json\/wp\/v2\/users\/1"}],"replies":[{"embeddable":true,"href":"https:\/\/tfv.mx\/pt-br\/wp-json\/wp\/v2\/comments?post=5545"}],"version-history":[{"count":3,"href":"https:\/\/tfv.mx\/pt-br\/wp-json\/wp\/v2\/pages\/5545\/revisions"}],"predecessor-version":[{"id":6143,"href":"https:\/\/tfv.mx\/pt-br\/wp-json\/wp\/v2\/pages\/5545\/revisions\/6143"}],"wp:attachment":[{"href":"https:\/\/tfv.mx\/pt-br\/wp-json\/wp\/v2\/media?parent=5545"}],"curies":[{"name":"wp","href":"https:\/\/api.w.org\/{rel}","templated":true}]}}