{"id":5584,"date":"2024-09-13T16:38:47","date_gmt":"2024-09-13T22:38:47","guid":{"rendered":"https:\/\/tfv.mx\/producto\/5584\/"},"modified":"2024-09-13T16:38:47","modified_gmt":"2024-09-13T22:38:47","slug":"5584","status":"publish","type":"product","link":"https:\/\/tfv.mx\/pt-br\/producto\/5584\/","title":{"rendered":""},"content":{"rendered":"<p>V\u00e1lvula de disco de reten\u00e7\u00e3o com mola, PN 40, conex\u00e3o Wafer, 1\/2\u2033 &#8211; 4\u2033 \u00d8.<\/p>\n","protected":false},"excerpt":{"rendered":"<p>V\u00e1lvula de disco de reten\u00e7\u00e3o com mola, PN 40, conex\u00e3o Wafer, 1\/2\u2033 &#8211; 4\u2033 \u00d8.<\/p>\n","protected":false},"featured_media":2339,"comment_status":"closed","ping_status":"closed","template":"","meta":{"_acf_changed":false},"product_cat":[674,671,717],"product_tag":[],"class_list":{"0":"post-5584","1":"product","2":"type-product","3":"status-publish","4":"has-post-thumbnail","6":"product_cat-fundidas-pt-br","7":"product_cat-valvulas-de-retencao","8":"product_cat-wafer-pt-br","9":"pa_caracteristicas-generales-valvula-de-retencao-disco-com-mola-pn-40-40-bar","10":"pa_conexiones-diametro-tipo-wafer-classe-pn-40-40-bar-faixa-de-tamanho-1-2-a-2","11":"pa_estandares-de-disenonormas-projeto-en12516-2-conexoes-din3202-k4","12":"pa_materiales-corpo-a351-cf8m-internos-316-ss-outros-materiais-disponiveis-mediante-solicitacao","13":"pa_serie-874l-pt-br","14":"pa_tipo-disco-com-mola-wafer","15":"pa_tipo-de-producto-valvula-de-retencao-serie-874l-i","17":"first","18":"instock","19":"product-type-simple"},"acf":[],"yoast_head":"<!-- This site is optimized with the Yoast SEO plugin v23.4 - https:\/\/yoast.com\/wordpress\/plugins\/seo\/ -->\n<title>| TFV M\u00e9xico<\/title>\n<meta name=\"robots\" content=\"noindex, follow, max-snippet:-1, max-image-preview:large, max-video-preview:-1\" \/>\n<meta property=\"og:locale\" content=\"pt_BR\" \/>\n<meta property=\"og:type\" content=\"article\" \/>\n<meta property=\"og:title\" content=\"| TFV M\u00e9xico\" \/>\n<meta property=\"og:description\" content=\"V\u00e1lvula de disco de reten\u00e7\u00e3o com mola, PN 40, conex\u00e3o Wafer, 1\/2\u2033 &#8211; 4\u2033 \u00d8.\" \/>\n<meta property=\"og:url\" content=\"https:\/\/tfv.mx\/pt-br\/producto\/5584\/\" \/>\n<meta property=\"og:site_name\" content=\"TFV M\u00e9xico\" \/>\n<meta property=\"og:image\" content=\"https:\/\/tfv.mx\/wp-content\/uploads\/2024\/08\/VC874L.jpg\" \/>\n\t<meta property=\"og:image:width\" content=\"700\" \/>\n\t<meta property=\"og:image:height\" content=\"700\" \/>\n\t<meta property=\"og:image:type\" content=\"image\/jpeg\" \/>\n<meta name=\"twitter:card\" content=\"summary_large_image\" \/>\n<script type=\"application\/ld+json\" class=\"yoast-schema-graph\">{\"@context\":\"https:\/\/schema.org\",\"@graph\":[{\"@type\":\"WebPage\",\"@id\":\"https:\/\/tfv.mx\/pt-br\/producto\/5584\/\",\"url\":\"https:\/\/tfv.mx\/pt-br\/producto\/5584\/\",\"name\":\"| TFV M\u00e9xico\",\"isPartOf\":{\"@id\":\"https:\/\/tfv.mx\/pt-br\/#website\"},\"primaryImageOfPage\":{\"@id\":\"https:\/\/tfv.mx\/pt-br\/producto\/5584\/#primaryimage\"},\"image\":{\"@id\":\"https:\/\/tfv.mx\/pt-br\/producto\/5584\/#primaryimage\"},\"thumbnailUrl\":\"https:\/\/tfv.mx\/wp-content\/uploads\/2024\/08\/VC874L.jpg\",\"datePublished\":\"2024-09-13T22:38:47+00:00\",\"dateModified\":\"2024-09-13T22:38:47+00:00\",\"breadcrumb\":{\"@id\":\"https:\/\/tfv.mx\/pt-br\/producto\/5584\/#breadcrumb\"},\"inLanguage\":\"pt-BR\",\"potentialAction\":[{\"@type\":\"ReadAction\",\"target\":[\"https:\/\/tfv.mx\/pt-br\/producto\/5584\/\"]}]},{\"@type\":\"ImageObject\",\"inLanguage\":\"pt-BR\",\"@id\":\"https:\/\/tfv.mx\/pt-br\/producto\/5584\/#primaryimage\",\"url\":\"https:\/\/tfv.mx\/wp-content\/uploads\/2024\/08\/VC874L.jpg\",\"contentUrl\":\"https:\/\/tfv.mx\/wp-content\/uploads\/2024\/08\/VC874L.jpg\",\"width\":700,\"height\":700},{\"@type\":\"BreadcrumbList\",\"@id\":\"https:\/\/tfv.mx\/pt-br\/producto\/5584\/#breadcrumb\",\"itemListElement\":[{\"@type\":\"ListItem\",\"position\":1,\"name\":\"Portada\",\"item\":\"https:\/\/tfv.mx\/pt-br\/\"},{\"@type\":\"ListItem\",\"position\":2,\"name\":\"Shop\",\"item\":\"https:\/\/tfv.mx\/pt-br\/shop\/\"}]},{\"@type\":\"WebSite\",\"@id\":\"https:\/\/tfv.mx\/pt-br\/#website\",\"url\":\"https:\/\/tfv.mx\/pt-br\/\",\"name\":\"TFV M\u00e9xico\",\"description\":\"\",\"potentialAction\":[{\"@type\":\"SearchAction\",\"target\":{\"@type\":\"EntryPoint\",\"urlTemplate\":\"https:\/\/tfv.mx\/pt-br\/?s={search_term_string}\"},\"query-input\":{\"@type\":\"PropertyValueSpecification\",\"valueRequired\":true,\"valueName\":\"search_term_string\"}}],\"inLanguage\":\"pt-BR\"}]}<\/script>\n<!-- \/ Yoast SEO plugin. -->","yoast_head_json":{"title":"| TFV M\u00e9xico","robots":{"index":"noindex","follow":"follow","max-snippet":"max-snippet:-1","max-image-preview":"max-image-preview:large","max-video-preview":"max-video-preview:-1"},"og_locale":"pt_BR","og_type":"article","og_title":"| TFV M\u00e9xico","og_description":"V\u00e1lvula de disco de reten\u00e7\u00e3o com mola, PN 40, conex\u00e3o Wafer, 1\/2\u2033 &#8211; 4\u2033 \u00d8.","og_url":"https:\/\/tfv.mx\/pt-br\/producto\/5584\/","og_site_name":"TFV M\u00e9xico","og_image":[{"width":700,"height":700,"url":"https:\/\/tfv.mx\/wp-content\/uploads\/2024\/08\/VC874L.jpg","type":"image\/jpeg"}],"twitter_card":"summary_large_image","schema":{"@context":"https:\/\/schema.org","@graph":[{"@type":"WebPage","@id":"https:\/\/tfv.mx\/pt-br\/producto\/5584\/","url":"https:\/\/tfv.mx\/pt-br\/producto\/5584\/","name":"| TFV M\u00e9xico","isPartOf":{"@id":"https:\/\/tfv.mx\/pt-br\/#website"},"primaryImageOfPage":{"@id":"https:\/\/tfv.mx\/pt-br\/producto\/5584\/#primaryimage"},"image":{"@id":"https:\/\/tfv.mx\/pt-br\/producto\/5584\/#primaryimage"},"thumbnailUrl":"https:\/\/tfv.mx\/wp-content\/uploads\/2024\/08\/VC874L.jpg","datePublished":"2024-09-13T22:38:47+00:00","dateModified":"2024-09-13T22:38:47+00:00","breadcrumb":{"@id":"https:\/\/tfv.mx\/pt-br\/producto\/5584\/#breadcrumb"},"inLanguage":"pt-BR","potentialAction":[{"@type":"ReadAction","target":["https:\/\/tfv.mx\/pt-br\/producto\/5584\/"]}]},{"@type":"ImageObject","inLanguage":"pt-BR","@id":"https:\/\/tfv.mx\/pt-br\/producto\/5584\/#primaryimage","url":"https:\/\/tfv.mx\/wp-content\/uploads\/2024\/08\/VC874L.jpg","contentUrl":"https:\/\/tfv.mx\/wp-content\/uploads\/2024\/08\/VC874L.jpg","width":700,"height":700},{"@type":"BreadcrumbList","@id":"https:\/\/tfv.mx\/pt-br\/producto\/5584\/#breadcrumb","itemListElement":[{"@type":"ListItem","position":1,"name":"Portada","item":"https:\/\/tfv.mx\/pt-br\/"},{"@type":"ListItem","position":2,"name":"Shop","item":"https:\/\/tfv.mx\/pt-br\/shop\/"}]},{"@type":"WebSite","@id":"https:\/\/tfv.mx\/pt-br\/#website","url":"https:\/\/tfv.mx\/pt-br\/","name":"TFV M\u00e9xico","description":"","potentialAction":[{"@type":"SearchAction","target":{"@type":"EntryPoint","urlTemplate":"https:\/\/tfv.mx\/pt-br\/?s={search_term_string}"},"query-input":{"@type":"PropertyValueSpecification","valueRequired":true,"valueName":"search_term_string"}}],"inLanguage":"pt-BR"}]}},"_links":{"self":[{"href":"https:\/\/tfv.mx\/pt-br\/wp-json\/wp\/v2\/product\/5584","targetHints":{"allow":["GET"]}}],"collection":[{"href":"https:\/\/tfv.mx\/pt-br\/wp-json\/wp\/v2\/product"}],"about":[{"href":"https:\/\/tfv.mx\/pt-br\/wp-json\/wp\/v2\/types\/product"}],"replies":[{"embeddable":true,"href":"https:\/\/tfv.mx\/pt-br\/wp-json\/wp\/v2\/comments?post=5584"}],"wp:featuredmedia":[{"embeddable":true,"href":"https:\/\/tfv.mx\/pt-br\/wp-json\/wp\/v2\/media\/2339"}],"wp:attachment":[{"href":"https:\/\/tfv.mx\/pt-br\/wp-json\/wp\/v2\/media?parent=5584"}],"wp:term":[{"taxonomy":"product_cat","embeddable":true,"href":"https:\/\/tfv.mx\/pt-br\/wp-json\/wp\/v2\/product_cat?post=5584"},{"taxonomy":"product_tag","embeddable":true,"href":"https:\/\/tfv.mx\/pt-br\/wp-json\/wp\/v2\/product_tag?post=5584"}],"curies":[{"name":"wp","href":"https:\/\/api.w.org\/{rel}","templated":true}]}}