{"id":5614,"date":"2024-09-13T16:38:47","date_gmt":"2024-09-13T22:38:47","guid":{"rendered":"https:\/\/tfv.mx\/producto\/valvulas-globo-i-serie-62y\/"},"modified":"2024-09-13T16:38:47","modified_gmt":"2024-09-13T22:38:47","slug":"valvulas-globo-i-serie-62y","status":"publish","type":"product","link":"https:\/\/tfv.mx\/pt-br\/producto\/valvulas-globo-i-serie-62y\/","title":{"rendered":"V\u00e1lvulas globo I S\u00e9rie 62Y"},"content":{"rendered":"<p>Filtro, tipo cesta, ASME B16.34, conex\u00e3o RF, 1\u2033 &#8211; 18\u2033 \u00d8.<\/p>\n","protected":false},"excerpt":{"rendered":"<p>Filtro, tipo cesta, ASME B16.34, conex\u00e3o RF, 1\u2033 &#8211; 18\u2033 \u00d8.<\/p>\n","protected":false},"featured_media":2379,"comment_status":"closed","ping_status":"open","template":"","meta":{"_acf_changed":false},"product_cat":[958,960,956],"product_tag":[],"class_list":{"0":"post-5614","1":"product","2":"type-product","3":"status-publish","4":"has-post-thumbnail","6":"product_cat-forjado","7":"product_cat-tipo-y-pt-br-2","8":"product_cat-valvulas-globo-pt-br","9":"pa_caracteristicas-generales-valvula-globo-forjada-projeto-tipo-y-disco-conico-api-602-padrao","10":"pa_conexiones-diametro-tipo-npt-sw-classe-ansi-800-1500-2500-faixa-de-tamanho-1-2-a-2","11":"pa_estandares-de-disenonormas-projeto-e-fabricacao-api-602-e-asme-b16-34-classificacao-de-pressao-e-temperatura-asme-b16-34-conexoes-rosqueadas-npt-asme-b1-20-1-conexoes-soldadas-sw-asme-b16-11","12":"pa_materiales-corpo-a105-a182-f316-etc-internos-trim-5-trim-8-etc-outros-materiais-disponiveis-mediante-solicitacao","13":"pa_serie-62y-pt-br","14":"pa_tipo-tipo-de-cesta","15":"pa_tipo-de-producto-valvula-globo-serie-62y-i","17":"first","18":"instock","19":"product-type-simple"},"acf":[],"yoast_head":"<!-- This site is optimized with the Yoast SEO plugin v23.4 - https:\/\/yoast.com\/wordpress\/plugins\/seo\/ -->\n<title>V\u00e1lvulas globo I S\u00e9rie 62Y | TFV M\u00e9xico<\/title>\n<meta name=\"robots\" content=\"noindex, follow, max-snippet:-1, max-image-preview:large, max-video-preview:-1\" \/>\n<meta property=\"og:locale\" content=\"pt_BR\" \/>\n<meta property=\"og:type\" content=\"article\" \/>\n<meta property=\"og:title\" content=\"V\u00e1lvulas globo I S\u00e9rie 62Y | TFV M\u00e9xico\" \/>\n<meta property=\"og:description\" content=\"Filtro, tipo cesta, ASME B16.34, conex\u00e3o RF, 1\u2033 &#8211; 18\u2033 \u00d8.\" \/>\n<meta property=\"og:url\" content=\"https:\/\/tfv.mx\/pt-br\/producto\/valvulas-globo-i-serie-62y\/\" \/>\n<meta property=\"og:site_name\" content=\"TFV M\u00e9xico\" \/>\n<meta name=\"twitter:card\" content=\"summary_large_image\" \/>\n<script type=\"application\/ld+json\" class=\"yoast-schema-graph\">{\"@context\":\"https:\/\/schema.org\",\"@graph\":[{\"@type\":\"WebPage\",\"@id\":\"https:\/\/tfv.mx\/pt-br\/producto\/valvulas-globo-i-serie-62y\/\",\"url\":\"https:\/\/tfv.mx\/pt-br\/producto\/valvulas-globo-i-serie-62y\/\",\"name\":\"V\u00e1lvulas globo I S\u00e9rie 62Y | TFV M\u00e9xico\",\"isPartOf\":{\"@id\":\"https:\/\/tfv.mx\/pt-br\/#website\"},\"primaryImageOfPage\":{\"@id\":\"https:\/\/tfv.mx\/pt-br\/producto\/valvulas-globo-i-serie-62y\/#primaryimage\"},\"image\":{\"@id\":\"https:\/\/tfv.mx\/pt-br\/producto\/valvulas-globo-i-serie-62y\/#primaryimage\"},\"thumbnailUrl\":\"https:\/\/tfv.mx\/wp-content\/uploads\/2024\/08\/VG62Y.jpg\",\"datePublished\":\"2024-09-13T22:38:47+00:00\",\"dateModified\":\"2024-09-13T22:38:47+00:00\",\"breadcrumb\":{\"@id\":\"https:\/\/tfv.mx\/pt-br\/producto\/valvulas-globo-i-serie-62y\/#breadcrumb\"},\"inLanguage\":\"pt-BR\",\"potentialAction\":[{\"@type\":\"ReadAction\",\"target\":[\"https:\/\/tfv.mx\/pt-br\/producto\/valvulas-globo-i-serie-62y\/\"]}]},{\"@type\":\"ImageObject\",\"inLanguage\":\"pt-BR\",\"@id\":\"https:\/\/tfv.mx\/pt-br\/producto\/valvulas-globo-i-serie-62y\/#primaryimage\",\"url\":\"https:\/\/tfv.mx\/wp-content\/uploads\/2024\/08\/VG62Y.jpg\",\"contentUrl\":\"https:\/\/tfv.mx\/wp-content\/uploads\/2024\/08\/VG62Y.jpg\",\"width\":700,\"height\":700},{\"@type\":\"BreadcrumbList\",\"@id\":\"https:\/\/tfv.mx\/pt-br\/producto\/valvulas-globo-i-serie-62y\/#breadcrumb\",\"itemListElement\":[{\"@type\":\"ListItem\",\"position\":1,\"name\":\"Portada\",\"item\":\"https:\/\/tfv.mx\/pt-br\/\"},{\"@type\":\"ListItem\",\"position\":2,\"name\":\"Shop\",\"item\":\"https:\/\/tfv.mx\/pt-br\/shop\/\"},{\"@type\":\"ListItem\",\"position\":3,\"name\":\"V\u00e1lvulas globo I S\u00e9rie 62Y\"}]},{\"@type\":\"WebSite\",\"@id\":\"https:\/\/tfv.mx\/pt-br\/#website\",\"url\":\"https:\/\/tfv.mx\/pt-br\/\",\"name\":\"TFV M\u00e9xico\",\"description\":\"\",\"potentialAction\":[{\"@type\":\"SearchAction\",\"target\":{\"@type\":\"EntryPoint\",\"urlTemplate\":\"https:\/\/tfv.mx\/pt-br\/?s={search_term_string}\"},\"query-input\":{\"@type\":\"PropertyValueSpecification\",\"valueRequired\":true,\"valueName\":\"search_term_string\"}}],\"inLanguage\":\"pt-BR\"}]}<\/script>\n<!-- \/ Yoast SEO plugin. -->","yoast_head_json":{"title":"V\u00e1lvulas globo I S\u00e9rie 62Y | TFV M\u00e9xico","robots":{"index":"noindex","follow":"follow","max-snippet":"max-snippet:-1","max-image-preview":"max-image-preview:large","max-video-preview":"max-video-preview:-1"},"og_locale":"pt_BR","og_type":"article","og_title":"V\u00e1lvulas globo I S\u00e9rie 62Y | TFV M\u00e9xico","og_description":"Filtro, tipo cesta, ASME B16.34, conex\u00e3o RF, 1\u2033 &#8211; 18\u2033 \u00d8.","og_url":"https:\/\/tfv.mx\/pt-br\/producto\/valvulas-globo-i-serie-62y\/","og_site_name":"TFV M\u00e9xico","twitter_card":"summary_large_image","schema":{"@context":"https:\/\/schema.org","@graph":[{"@type":"WebPage","@id":"https:\/\/tfv.mx\/pt-br\/producto\/valvulas-globo-i-serie-62y\/","url":"https:\/\/tfv.mx\/pt-br\/producto\/valvulas-globo-i-serie-62y\/","name":"V\u00e1lvulas globo I S\u00e9rie 62Y | TFV M\u00e9xico","isPartOf":{"@id":"https:\/\/tfv.mx\/pt-br\/#website"},"primaryImageOfPage":{"@id":"https:\/\/tfv.mx\/pt-br\/producto\/valvulas-globo-i-serie-62y\/#primaryimage"},"image":{"@id":"https:\/\/tfv.mx\/pt-br\/producto\/valvulas-globo-i-serie-62y\/#primaryimage"},"thumbnailUrl":"https:\/\/tfv.mx\/wp-content\/uploads\/2024\/08\/VG62Y.jpg","datePublished":"2024-09-13T22:38:47+00:00","dateModified":"2024-09-13T22:38:47+00:00","breadcrumb":{"@id":"https:\/\/tfv.mx\/pt-br\/producto\/valvulas-globo-i-serie-62y\/#breadcrumb"},"inLanguage":"pt-BR","potentialAction":[{"@type":"ReadAction","target":["https:\/\/tfv.mx\/pt-br\/producto\/valvulas-globo-i-serie-62y\/"]}]},{"@type":"ImageObject","inLanguage":"pt-BR","@id":"https:\/\/tfv.mx\/pt-br\/producto\/valvulas-globo-i-serie-62y\/#primaryimage","url":"https:\/\/tfv.mx\/wp-content\/uploads\/2024\/08\/VG62Y.jpg","contentUrl":"https:\/\/tfv.mx\/wp-content\/uploads\/2024\/08\/VG62Y.jpg","width":700,"height":700},{"@type":"BreadcrumbList","@id":"https:\/\/tfv.mx\/pt-br\/producto\/valvulas-globo-i-serie-62y\/#breadcrumb","itemListElement":[{"@type":"ListItem","position":1,"name":"Portada","item":"https:\/\/tfv.mx\/pt-br\/"},{"@type":"ListItem","position":2,"name":"Shop","item":"https:\/\/tfv.mx\/pt-br\/shop\/"},{"@type":"ListItem","position":3,"name":"V\u00e1lvulas globo I S\u00e9rie 62Y"}]},{"@type":"WebSite","@id":"https:\/\/tfv.mx\/pt-br\/#website","url":"https:\/\/tfv.mx\/pt-br\/","name":"TFV M\u00e9xico","description":"","potentialAction":[{"@type":"SearchAction","target":{"@type":"EntryPoint","urlTemplate":"https:\/\/tfv.mx\/pt-br\/?s={search_term_string}"},"query-input":{"@type":"PropertyValueSpecification","valueRequired":true,"valueName":"search_term_string"}}],"inLanguage":"pt-BR"}]}},"_links":{"self":[{"href":"https:\/\/tfv.mx\/pt-br\/wp-json\/wp\/v2\/product\/5614","targetHints":{"allow":["GET"]}}],"collection":[{"href":"https:\/\/tfv.mx\/pt-br\/wp-json\/wp\/v2\/product"}],"about":[{"href":"https:\/\/tfv.mx\/pt-br\/wp-json\/wp\/v2\/types\/product"}],"replies":[{"embeddable":true,"href":"https:\/\/tfv.mx\/pt-br\/wp-json\/wp\/v2\/comments?post=5614"}],"wp:featuredmedia":[{"embeddable":true,"href":"https:\/\/tfv.mx\/pt-br\/wp-json\/wp\/v2\/media\/2379"}],"wp:attachment":[{"href":"https:\/\/tfv.mx\/pt-br\/wp-json\/wp\/v2\/media?parent=5614"}],"wp:term":[{"taxonomy":"product_cat","embeddable":true,"href":"https:\/\/tfv.mx\/pt-br\/wp-json\/wp\/v2\/product_cat?post=5614"},{"taxonomy":"product_tag","embeddable":true,"href":"https:\/\/tfv.mx\/pt-br\/wp-json\/wp\/v2\/product_tag?post=5614"}],"curies":[{"name":"wp","href":"https:\/\/api.w.org\/{rel}","templated":true}]}}