{"id":5695,"date":"2024-09-13T16:38:45","date_gmt":"2024-09-13T22:38:45","guid":{"rendered":"https:\/\/tfv.mx\/producto\/valvulas-de-esfera-i-serie-4w\/"},"modified":"2024-09-13T16:38:45","modified_gmt":"2024-09-13T22:38:45","slug":"valvulas-de-esfera-i-serie-4w","status":"publish","type":"product","link":"https:\/\/tfv.mx\/pt-br\/producto\/valvulas-de-esfera-i-serie-4w\/","title":{"rendered":"V\u00e1lvulas de esfera I S\u00e9rie 4W"},"content":{"rendered":"<p>V\u00e1lvula de esfera, flutuante, 4 vias, parada total, conex\u00e3o RF flangeada, 1\/2\u2033 &#8211; 6\u2033 \u00d8.<br \/>\nPorta completa, conex\u00e3o RF flangeada, 1\/2\u2033 &#8211; 6\u2033 \u00d8.<\/p>\n","protected":false},"excerpt":{"rendered":"<p>V\u00e1lvula de esfera, flutuante, 4 vias, parada total, conex\u00e3o RF flangeada, 1\/2\u2033 &#8211; 6\u2033 \u00d8. Porta completa, conex\u00e3o RF flangeada, 1\/2\u2033 &#8211; 6\u2033 \u00d8.<\/p>\n","protected":false},"featured_media":6698,"comment_status":"closed","ping_status":"closed","template":"","meta":{"_acf_changed":false},"product_cat":[1240,1234,1236],"product_tag":[],"class_list":{"0":"post-5695","1":"product","2":"type-product","3":"status-publish","4":"has-post-thumbnail","6":"product_cat-flangeado","7":"product_cat-valvulas-de-esfera","8":"product_cat-valvulas-de-esfera-flutuante","9":"pa_caracteristicas-generales-valvula-de-esfera-flutuante-4-vias-pto-completa","10":"pa_conexiones-diametro-tipo-rf-flangeado-classe-ansi-150-300-faixa-de-tamanho-1-2-a-6","11":"pa_estandares-de-disenonormas-classificacao-de-pressao-e-temperatura-asme-b16-34-conexoes-flangeadas-asme-b16-5-asme-b16-10","12":"pa_materiales-corpo-aco-inoxidavel-cf8m-wcb-etc-interno-aco-inoxidavel-316-sede-ptfe-rptfe-polifill-etc-outros-materiais-disponiveis-mediante-solicitacao","13":"pa_serie-4w-pt-br","14":"pa_tipo-flutuante-4-vias","15":"pa_tipo-de-producto-valvula-de-esfera-serie-4w-i","17":"first","18":"instock","19":"product-type-simple"},"acf":[],"yoast_head":"<!-- This site is optimized with the Yoast SEO plugin v23.4 - https:\/\/yoast.com\/wordpress\/plugins\/seo\/ -->\n<title>V\u00e1lvulas de esfera I S\u00e9rie 4W | TFV M\u00e9xico<\/title>\n<meta name=\"robots\" content=\"noindex, follow, max-snippet:-1, max-image-preview:large, max-video-preview:-1\" \/>\n<meta property=\"og:locale\" content=\"pt_BR\" \/>\n<meta property=\"og:type\" content=\"article\" \/>\n<meta property=\"og:title\" content=\"V\u00e1lvulas de esfera I S\u00e9rie 4W | TFV M\u00e9xico\" \/>\n<meta property=\"og:description\" content=\"V\u00e1lvula de esfera, flutuante, 4 vias, parada total, conex\u00e3o RF flangeada, 1\/2\u2033 &#8211; 6\u2033 \u00d8. Porta completa, conex\u00e3o RF flangeada, 1\/2\u2033 &#8211; 6\u2033 \u00d8.\" \/>\n<meta property=\"og:url\" content=\"https:\/\/tfv.mx\/pt-br\/producto\/valvulas-de-esfera-i-serie-4w\/\" \/>\n<meta property=\"og:site_name\" content=\"TFV M\u00e9xico\" \/>\n<meta name=\"twitter:card\" content=\"summary_large_image\" \/>\n<script type=\"application\/ld+json\" class=\"yoast-schema-graph\">{\"@context\":\"https:\/\/schema.org\",\"@graph\":[{\"@type\":\"WebPage\",\"@id\":\"https:\/\/tfv.mx\/pt-br\/producto\/valvulas-de-esfera-i-serie-4w\/\",\"url\":\"https:\/\/tfv.mx\/pt-br\/producto\/valvulas-de-esfera-i-serie-4w\/\",\"name\":\"V\u00e1lvulas de esfera I S\u00e9rie 4W | TFV M\u00e9xico\",\"isPartOf\":{\"@id\":\"https:\/\/tfv.mx\/pt-br\/#website\"},\"primaryImageOfPage\":{\"@id\":\"https:\/\/tfv.mx\/pt-br\/producto\/valvulas-de-esfera-i-serie-4w\/#primaryimage\"},\"image\":{\"@id\":\"https:\/\/tfv.mx\/pt-br\/producto\/valvulas-de-esfera-i-serie-4w\/#primaryimage\"},\"thumbnailUrl\":\"https:\/\/tfv.mx\/wp-content\/uploads\/2024\/09\/3WM-4WM-200x160-removebg-preview-transformed-removebg-preview.png\",\"datePublished\":\"2024-09-13T22:38:45+00:00\",\"dateModified\":\"2024-09-13T22:38:45+00:00\",\"breadcrumb\":{\"@id\":\"https:\/\/tfv.mx\/pt-br\/producto\/valvulas-de-esfera-i-serie-4w\/#breadcrumb\"},\"inLanguage\":\"pt-BR\",\"potentialAction\":[{\"@type\":\"ReadAction\",\"target\":[\"https:\/\/tfv.mx\/pt-br\/producto\/valvulas-de-esfera-i-serie-4w\/\"]}]},{\"@type\":\"ImageObject\",\"inLanguage\":\"pt-BR\",\"@id\":\"https:\/\/tfv.mx\/pt-br\/producto\/valvulas-de-esfera-i-serie-4w\/#primaryimage\",\"url\":\"https:\/\/tfv.mx\/wp-content\/uploads\/2024\/09\/3WM-4WM-200x160-removebg-preview-transformed-removebg-preview.png\",\"contentUrl\":\"https:\/\/tfv.mx\/wp-content\/uploads\/2024\/09\/3WM-4WM-200x160-removebg-preview-transformed-removebg-preview.png\",\"width\":400,\"height\":320},{\"@type\":\"BreadcrumbList\",\"@id\":\"https:\/\/tfv.mx\/pt-br\/producto\/valvulas-de-esfera-i-serie-4w\/#breadcrumb\",\"itemListElement\":[{\"@type\":\"ListItem\",\"position\":1,\"name\":\"Portada\",\"item\":\"https:\/\/tfv.mx\/pt-br\/\"},{\"@type\":\"ListItem\",\"position\":2,\"name\":\"Shop\",\"item\":\"https:\/\/tfv.mx\/pt-br\/shop\/\"},{\"@type\":\"ListItem\",\"position\":3,\"name\":\"V\u00e1lvulas de esfera I S\u00e9rie 4W\"}]},{\"@type\":\"WebSite\",\"@id\":\"https:\/\/tfv.mx\/pt-br\/#website\",\"url\":\"https:\/\/tfv.mx\/pt-br\/\",\"name\":\"TFV M\u00e9xico\",\"description\":\"\",\"potentialAction\":[{\"@type\":\"SearchAction\",\"target\":{\"@type\":\"EntryPoint\",\"urlTemplate\":\"https:\/\/tfv.mx\/pt-br\/?s={search_term_string}\"},\"query-input\":{\"@type\":\"PropertyValueSpecification\",\"valueRequired\":true,\"valueName\":\"search_term_string\"}}],\"inLanguage\":\"pt-BR\"}]}<\/script>\n<!-- \/ Yoast SEO plugin. -->","yoast_head_json":{"title":"V\u00e1lvulas de esfera I S\u00e9rie 4W | TFV M\u00e9xico","robots":{"index":"noindex","follow":"follow","max-snippet":"max-snippet:-1","max-image-preview":"max-image-preview:large","max-video-preview":"max-video-preview:-1"},"og_locale":"pt_BR","og_type":"article","og_title":"V\u00e1lvulas de esfera I S\u00e9rie 4W | TFV M\u00e9xico","og_description":"V\u00e1lvula de esfera, flutuante, 4 vias, parada total, conex\u00e3o RF flangeada, 1\/2\u2033 &#8211; 6\u2033 \u00d8. Porta completa, conex\u00e3o RF flangeada, 1\/2\u2033 &#8211; 6\u2033 \u00d8.","og_url":"https:\/\/tfv.mx\/pt-br\/producto\/valvulas-de-esfera-i-serie-4w\/","og_site_name":"TFV M\u00e9xico","twitter_card":"summary_large_image","schema":{"@context":"https:\/\/schema.org","@graph":[{"@type":"WebPage","@id":"https:\/\/tfv.mx\/pt-br\/producto\/valvulas-de-esfera-i-serie-4w\/","url":"https:\/\/tfv.mx\/pt-br\/producto\/valvulas-de-esfera-i-serie-4w\/","name":"V\u00e1lvulas de esfera I S\u00e9rie 4W | TFV M\u00e9xico","isPartOf":{"@id":"https:\/\/tfv.mx\/pt-br\/#website"},"primaryImageOfPage":{"@id":"https:\/\/tfv.mx\/pt-br\/producto\/valvulas-de-esfera-i-serie-4w\/#primaryimage"},"image":{"@id":"https:\/\/tfv.mx\/pt-br\/producto\/valvulas-de-esfera-i-serie-4w\/#primaryimage"},"thumbnailUrl":"https:\/\/tfv.mx\/wp-content\/uploads\/2024\/09\/3WM-4WM-200x160-removebg-preview-transformed-removebg-preview.png","datePublished":"2024-09-13T22:38:45+00:00","dateModified":"2024-09-13T22:38:45+00:00","breadcrumb":{"@id":"https:\/\/tfv.mx\/pt-br\/producto\/valvulas-de-esfera-i-serie-4w\/#breadcrumb"},"inLanguage":"pt-BR","potentialAction":[{"@type":"ReadAction","target":["https:\/\/tfv.mx\/pt-br\/producto\/valvulas-de-esfera-i-serie-4w\/"]}]},{"@type":"ImageObject","inLanguage":"pt-BR","@id":"https:\/\/tfv.mx\/pt-br\/producto\/valvulas-de-esfera-i-serie-4w\/#primaryimage","url":"https:\/\/tfv.mx\/wp-content\/uploads\/2024\/09\/3WM-4WM-200x160-removebg-preview-transformed-removebg-preview.png","contentUrl":"https:\/\/tfv.mx\/wp-content\/uploads\/2024\/09\/3WM-4WM-200x160-removebg-preview-transformed-removebg-preview.png","width":400,"height":320},{"@type":"BreadcrumbList","@id":"https:\/\/tfv.mx\/pt-br\/producto\/valvulas-de-esfera-i-serie-4w\/#breadcrumb","itemListElement":[{"@type":"ListItem","position":1,"name":"Portada","item":"https:\/\/tfv.mx\/pt-br\/"},{"@type":"ListItem","position":2,"name":"Shop","item":"https:\/\/tfv.mx\/pt-br\/shop\/"},{"@type":"ListItem","position":3,"name":"V\u00e1lvulas de esfera I S\u00e9rie 4W"}]},{"@type":"WebSite","@id":"https:\/\/tfv.mx\/pt-br\/#website","url":"https:\/\/tfv.mx\/pt-br\/","name":"TFV M\u00e9xico","description":"","potentialAction":[{"@type":"SearchAction","target":{"@type":"EntryPoint","urlTemplate":"https:\/\/tfv.mx\/pt-br\/?s={search_term_string}"},"query-input":{"@type":"PropertyValueSpecification","valueRequired":true,"valueName":"search_term_string"}}],"inLanguage":"pt-BR"}]}},"_links":{"self":[{"href":"https:\/\/tfv.mx\/pt-br\/wp-json\/wp\/v2\/product\/5695","targetHints":{"allow":["GET"]}}],"collection":[{"href":"https:\/\/tfv.mx\/pt-br\/wp-json\/wp\/v2\/product"}],"about":[{"href":"https:\/\/tfv.mx\/pt-br\/wp-json\/wp\/v2\/types\/product"}],"replies":[{"embeddable":true,"href":"https:\/\/tfv.mx\/pt-br\/wp-json\/wp\/v2\/comments?post=5695"}],"wp:featuredmedia":[{"embeddable":true,"href":"https:\/\/tfv.mx\/pt-br\/wp-json\/wp\/v2\/media\/6698"}],"wp:attachment":[{"href":"https:\/\/tfv.mx\/pt-br\/wp-json\/wp\/v2\/media?parent=5695"}],"wp:term":[{"taxonomy":"product_cat","embeddable":true,"href":"https:\/\/tfv.mx\/pt-br\/wp-json\/wp\/v2\/product_cat?post=5695"},{"taxonomy":"product_tag","embeddable":true,"href":"https:\/\/tfv.mx\/pt-br\/wp-json\/wp\/v2\/product_tag?post=5695"}],"curies":[{"name":"wp","href":"https:\/\/api.w.org\/{rel}","templated":true}]}}