{"id":5824,"date":"2024-09-13T16:38:43","date_gmt":"2024-09-13T22:38:43","guid":{"rendered":"https:\/\/tfv.mx\/producto\/valvulas-de-esfera-i-serie-12m\/"},"modified":"2024-09-13T16:38:43","modified_gmt":"2024-09-13T22:38:43","slug":"valvulas-de-esfera-i-serie-12m","status":"publish","type":"product","link":"https:\/\/tfv.mx\/pt-br\/producto\/valvulas-de-esfera-i-serie-12m\/","title":{"rendered":"V\u00e1lvulas de esfera I S\u00e9rie 12M"},"content":{"rendered":"<p>V\u00e1lvula de esfera, flutuante, ISO 5211, 2 pe\u00e7as, Pto.<br \/>\nCompleta, 1000 WOG, conex\u00e3o NPT \/ SW, 1\/4\u2033 &#8211; 3\u2033 \u00d8.<\/p>\n","protected":false},"excerpt":{"rendered":"<p>V\u00e1lvula de esfera, flutuante, ISO 5211, 2 pe\u00e7as, Pto. Completa, 1000 WOG, conex\u00e3o NPT \/ SW, 1\/4\u2033 &#8211; 3\u2033 \u00d8.<\/p>\n","protected":false},"featured_media":2189,"comment_status":"closed","ping_status":"open","template":"","meta":{"_acf_changed":false},"product_cat":[1303,1234,1236],"product_tag":[],"class_list":{"0":"post-5824","1":"product","2":"type-product","3":"status-publish","4":"has-post-thumbnail","6":"product_cat-rosqueado","7":"product_cat-valvulas-de-esfera","8":"product_cat-valvulas-de-esfera-flutuante","9":"pa_caracteristicas-generales-valvula-de-esfera-montagem-flutuante-direta-projeto-de-2-pecas-1000-wog-pto-montagem-completa-iso-5211","10":"pa_conexiones-diametro-tipo-npt-sw-classe-1000-wog-faixa-de-tamanho-1-4-a-3","11":"pa_materiales-corpo-aco-inoxidavel-cf8m-wcb-partes-internas-aco-inoxidavel-316-sede-ptfe-rptfe-etc-outros-materiais-disponiveis-mediante-solicitacao","12":"pa_serie-12m-pt-br","13":"pa_tipo-flutuante-iso-5211-2-pecas","14":"pa_tipo-de-producto-valvula-de-esfera-serie-12m-i","16":"first","17":"instock","18":"product-type-simple"},"acf":[],"yoast_head":"<!-- This site is optimized with the Yoast SEO plugin v23.4 - https:\/\/yoast.com\/wordpress\/plugins\/seo\/ -->\n<title>V\u00e1lvulas de esfera I S\u00e9rie 12M | TFV M\u00e9xico<\/title>\n<meta name=\"robots\" content=\"noindex, follow, max-snippet:-1, max-image-preview:large, max-video-preview:-1\" \/>\n<meta property=\"og:locale\" content=\"pt_BR\" \/>\n<meta property=\"og:type\" content=\"article\" \/>\n<meta property=\"og:title\" content=\"V\u00e1lvulas de esfera I S\u00e9rie 12M | TFV M\u00e9xico\" \/>\n<meta property=\"og:description\" content=\"V\u00e1lvula de esfera, flutuante, ISO 5211, 2 pe\u00e7as, Pto. Completa, 1000 WOG, conex\u00e3o NPT \/ SW, 1\/4\u2033 &#8211; 3\u2033 \u00d8.\" \/>\n<meta property=\"og:url\" content=\"https:\/\/tfv.mx\/pt-br\/producto\/valvulas-de-esfera-i-serie-12m\/\" \/>\n<meta property=\"og:site_name\" content=\"TFV M\u00e9xico\" \/>\n<meta name=\"twitter:card\" content=\"summary_large_image\" \/>\n<script type=\"application\/ld+json\" class=\"yoast-schema-graph\">{\"@context\":\"https:\/\/schema.org\",\"@graph\":[{\"@type\":\"WebPage\",\"@id\":\"https:\/\/tfv.mx\/pt-br\/producto\/valvulas-de-esfera-i-serie-12m\/\",\"url\":\"https:\/\/tfv.mx\/pt-br\/producto\/valvulas-de-esfera-i-serie-12m\/\",\"name\":\"V\u00e1lvulas de esfera I S\u00e9rie 12M | TFV M\u00e9xico\",\"isPartOf\":{\"@id\":\"https:\/\/tfv.mx\/pt-br\/#website\"},\"primaryImageOfPage\":{\"@id\":\"https:\/\/tfv.mx\/pt-br\/producto\/valvulas-de-esfera-i-serie-12m\/#primaryimage\"},\"image\":{\"@id\":\"https:\/\/tfv.mx\/pt-br\/producto\/valvulas-de-esfera-i-serie-12m\/#primaryimage\"},\"thumbnailUrl\":\"https:\/\/tfv.mx\/wp-content\/uploads\/2024\/08\/VB12M.jpg\",\"datePublished\":\"2024-09-13T22:38:43+00:00\",\"dateModified\":\"2024-09-13T22:38:43+00:00\",\"breadcrumb\":{\"@id\":\"https:\/\/tfv.mx\/pt-br\/producto\/valvulas-de-esfera-i-serie-12m\/#breadcrumb\"},\"inLanguage\":\"pt-BR\",\"potentialAction\":[{\"@type\":\"ReadAction\",\"target\":[\"https:\/\/tfv.mx\/pt-br\/producto\/valvulas-de-esfera-i-serie-12m\/\"]}]},{\"@type\":\"ImageObject\",\"inLanguage\":\"pt-BR\",\"@id\":\"https:\/\/tfv.mx\/pt-br\/producto\/valvulas-de-esfera-i-serie-12m\/#primaryimage\",\"url\":\"https:\/\/tfv.mx\/wp-content\/uploads\/2024\/08\/VB12M.jpg\",\"contentUrl\":\"https:\/\/tfv.mx\/wp-content\/uploads\/2024\/08\/VB12M.jpg\",\"width\":700,\"height\":700},{\"@type\":\"BreadcrumbList\",\"@id\":\"https:\/\/tfv.mx\/pt-br\/producto\/valvulas-de-esfera-i-serie-12m\/#breadcrumb\",\"itemListElement\":[{\"@type\":\"ListItem\",\"position\":1,\"name\":\"Portada\",\"item\":\"https:\/\/tfv.mx\/pt-br\/\"},{\"@type\":\"ListItem\",\"position\":2,\"name\":\"Shop\",\"item\":\"https:\/\/tfv.mx\/pt-br\/shop\/\"},{\"@type\":\"ListItem\",\"position\":3,\"name\":\"V\u00e1lvulas de esfera I S\u00e9rie 12M\"}]},{\"@type\":\"WebSite\",\"@id\":\"https:\/\/tfv.mx\/pt-br\/#website\",\"url\":\"https:\/\/tfv.mx\/pt-br\/\",\"name\":\"TFV M\u00e9xico\",\"description\":\"\",\"potentialAction\":[{\"@type\":\"SearchAction\",\"target\":{\"@type\":\"EntryPoint\",\"urlTemplate\":\"https:\/\/tfv.mx\/pt-br\/?s={search_term_string}\"},\"query-input\":{\"@type\":\"PropertyValueSpecification\",\"valueRequired\":true,\"valueName\":\"search_term_string\"}}],\"inLanguage\":\"pt-BR\"}]}<\/script>\n<!-- \/ Yoast SEO plugin. -->","yoast_head_json":{"title":"V\u00e1lvulas de esfera I S\u00e9rie 12M | TFV M\u00e9xico","robots":{"index":"noindex","follow":"follow","max-snippet":"max-snippet:-1","max-image-preview":"max-image-preview:large","max-video-preview":"max-video-preview:-1"},"og_locale":"pt_BR","og_type":"article","og_title":"V\u00e1lvulas de esfera I S\u00e9rie 12M | TFV M\u00e9xico","og_description":"V\u00e1lvula de esfera, flutuante, ISO 5211, 2 pe\u00e7as, Pto. Completa, 1000 WOG, conex\u00e3o NPT \/ SW, 1\/4\u2033 &#8211; 3\u2033 \u00d8.","og_url":"https:\/\/tfv.mx\/pt-br\/producto\/valvulas-de-esfera-i-serie-12m\/","og_site_name":"TFV M\u00e9xico","twitter_card":"summary_large_image","schema":{"@context":"https:\/\/schema.org","@graph":[{"@type":"WebPage","@id":"https:\/\/tfv.mx\/pt-br\/producto\/valvulas-de-esfera-i-serie-12m\/","url":"https:\/\/tfv.mx\/pt-br\/producto\/valvulas-de-esfera-i-serie-12m\/","name":"V\u00e1lvulas de esfera I S\u00e9rie 12M | TFV M\u00e9xico","isPartOf":{"@id":"https:\/\/tfv.mx\/pt-br\/#website"},"primaryImageOfPage":{"@id":"https:\/\/tfv.mx\/pt-br\/producto\/valvulas-de-esfera-i-serie-12m\/#primaryimage"},"image":{"@id":"https:\/\/tfv.mx\/pt-br\/producto\/valvulas-de-esfera-i-serie-12m\/#primaryimage"},"thumbnailUrl":"https:\/\/tfv.mx\/wp-content\/uploads\/2024\/08\/VB12M.jpg","datePublished":"2024-09-13T22:38:43+00:00","dateModified":"2024-09-13T22:38:43+00:00","breadcrumb":{"@id":"https:\/\/tfv.mx\/pt-br\/producto\/valvulas-de-esfera-i-serie-12m\/#breadcrumb"},"inLanguage":"pt-BR","potentialAction":[{"@type":"ReadAction","target":["https:\/\/tfv.mx\/pt-br\/producto\/valvulas-de-esfera-i-serie-12m\/"]}]},{"@type":"ImageObject","inLanguage":"pt-BR","@id":"https:\/\/tfv.mx\/pt-br\/producto\/valvulas-de-esfera-i-serie-12m\/#primaryimage","url":"https:\/\/tfv.mx\/wp-content\/uploads\/2024\/08\/VB12M.jpg","contentUrl":"https:\/\/tfv.mx\/wp-content\/uploads\/2024\/08\/VB12M.jpg","width":700,"height":700},{"@type":"BreadcrumbList","@id":"https:\/\/tfv.mx\/pt-br\/producto\/valvulas-de-esfera-i-serie-12m\/#breadcrumb","itemListElement":[{"@type":"ListItem","position":1,"name":"Portada","item":"https:\/\/tfv.mx\/pt-br\/"},{"@type":"ListItem","position":2,"name":"Shop","item":"https:\/\/tfv.mx\/pt-br\/shop\/"},{"@type":"ListItem","position":3,"name":"V\u00e1lvulas de esfera I S\u00e9rie 12M"}]},{"@type":"WebSite","@id":"https:\/\/tfv.mx\/pt-br\/#website","url":"https:\/\/tfv.mx\/pt-br\/","name":"TFV M\u00e9xico","description":"","potentialAction":[{"@type":"SearchAction","target":{"@type":"EntryPoint","urlTemplate":"https:\/\/tfv.mx\/pt-br\/?s={search_term_string}"},"query-input":{"@type":"PropertyValueSpecification","valueRequired":true,"valueName":"search_term_string"}}],"inLanguage":"pt-BR"}]}},"_links":{"self":[{"href":"https:\/\/tfv.mx\/pt-br\/wp-json\/wp\/v2\/product\/5824","targetHints":{"allow":["GET"]}}],"collection":[{"href":"https:\/\/tfv.mx\/pt-br\/wp-json\/wp\/v2\/product"}],"about":[{"href":"https:\/\/tfv.mx\/pt-br\/wp-json\/wp\/v2\/types\/product"}],"replies":[{"embeddable":true,"href":"https:\/\/tfv.mx\/pt-br\/wp-json\/wp\/v2\/comments?post=5824"}],"wp:featuredmedia":[{"embeddable":true,"href":"https:\/\/tfv.mx\/pt-br\/wp-json\/wp\/v2\/media\/2189"}],"wp:attachment":[{"href":"https:\/\/tfv.mx\/pt-br\/wp-json\/wp\/v2\/media?parent=5824"}],"wp:term":[{"taxonomy":"product_cat","embeddable":true,"href":"https:\/\/tfv.mx\/pt-br\/wp-json\/wp\/v2\/product_cat?post=5824"},{"taxonomy":"product_tag","embeddable":true,"href":"https:\/\/tfv.mx\/pt-br\/wp-json\/wp\/v2\/product_tag?post=5824"}],"curies":[{"name":"wp","href":"https:\/\/api.w.org\/{rel}","templated":true}]}}